{"id":1958,"date":"2018-11-08T12:13:39","date_gmt":"2018-11-08T12:13:39","guid":{"rendered":"http:\/\/hubertpietka.bialystok.pl\/?page_id=1958"},"modified":"2018-11-08T12:26:04","modified_gmt":"2018-11-08T12:26:04","slug":"hu-bal-zaprasza-na-bal","status":"publish","type":"page","link":"https:\/\/hubertpietka.bialystok.pl\/?page_id=1958","title":{"rendered":"Hu-bal \/ zaprasza na bal"},"content":{"rendered":"<p><strong><em>Hu-bal \/ zaprasza na bal \ud83d\ude42<\/em><\/strong><\/p>\n<p>Idzie idzie zima<br \/>\nAle jeszcze jesie\u0144 trzyma<br \/>\nHu hu ha<br \/>\nZapraszam na bal<\/p>\n<p>Hub-al(l)<br \/>\nI wszystko<br \/>\nNiech w tym s\u0142owie<br \/>\nWybrzmi to jasno<\/p>\n<p>Hu-bal-ja-da(m)<br \/>\nNajlepsze co mam<br \/>\nDla was to trzymam<br \/>\nPi\u0119knie zagram<\/p>\n<p>Jak Bal(lack) jak Bal(e)<br \/>\nJak Bal(zac) to opisze<br \/>\nBal(tazar) trzeci kr\u00f3l<br \/>\nTeraz we mnie<\/p>\n<p>Ale lepiej b\u0119dzie<br \/>\nHuba(l) le\u015bna we mnie drzemie<br \/>\nLecz obudzi poszum wszystkich drzew<br \/>\nI w bukowym bia\u0142ym borze wybuchnie d\u017awi\u0119k\u00f3w Bo\u017cych \u015bpiew<\/p>\n<p>B\u0119dzie bal<br \/>\nZaprasza wszystkich Hu-bal<br \/>\nJak w bali wymieszaj\u0105 si\u0119 krople wszelkie<br \/>\nI poczujemy si\u0119 jak na wyspie Bali<br \/>\nLekko czysto pi\u0119knie<\/p>\n<p style=\"text-align: left;\"><em>Na zdj. W Niepokalanowie \u015bw. Franciszek \/<\/em><br \/>\n<em> Pok\u00f3j g\u0142osi wszystkim \/<\/em><br \/>\n<em> Wszelkie stworzenie \/<\/em><br \/>\n<em> Niech si\u0119 cieszy z Niepodleg\u0142ej pi\u0119knie.<\/em><br \/>\n<em> Ps. Zabroniono Marszu Niepodleg\u0142o\u015bci w Warszawie \/<\/em><br \/>\n<em> Ale to nie przeszkadza \/<\/em><br \/>\n<em> By si\u0119 z Niepodleg\u0142ej Polski radowa\u0107 inaczej.<\/em><\/p>\n<p style=\"text-align: center;\">\n<em> <strong>Hu-bal zaprasza na bal \ud83d\ude42<\/strong><\/em><br \/>\n<em> <strong>Wszystkich ludzi, wszelki stan!<\/strong><\/em><br \/>\n<em> &#8211; <strong>Na bal pi\u0119kny &#8211;<\/strong><\/em><br \/>\n<strong><em>Dla Polski Niepodleg\u0142ej!<\/em><br \/>\n<\/strong><\/p>\n<p><img loading=\"lazy\" decoding=\"async\" class=\"JZUAbb\" src=\"https:\/\/lh3.googleusercontent.com\/-tVQ-mtsTXcY\/W-P9gtkkLMI\/AAAAAAAAH-Y\/PillsVOcU8MHo8u7m919ySSnCgtR7ih2QCJoC\/w530-h707-n\/IMG_20181103_144229.jpg\" alt=\"Zdj\u0119cie\" width=\"530\" height=\"707\" \/><\/p>\n<h1 class=\"title style-scope ytd-video-primary-info-renderer\" style=\"text-align: center;\"><a href=\"https:\/\/www.youtube.com\/watch?v=UFfh6o2ZgzA\"><em>Maryla Rodowicz &#8211; Niech \u017cyje bal<\/em><\/a><\/h1>\n<h1 class=\"title style-scope ytd-video-primary-info-renderer\" style=\"text-align: center;\"><a href=\"https:\/\/www.youtube.com\/watch?v=kE87oI5rdew\"><em>Budka Suflera &#8211; Bal wszystkich \u015bwi\u0119tych<\/em><\/a><\/h1>\n<p>&nbsp;<\/p>\n","protected":false},"excerpt":{"rendered":"<p>Hu-bal \/ zaprasza na bal \ud83d\ude42 Idzie idzie zima Ale jeszcze jesie\u0144 trzyma Hu hu ha Zapraszam na bal Hub-al(l) I wszystko Niech w tym&hellip; <\/p>\n","protected":false},"author":1,"featured_media":0,"parent":0,"menu_order":0,"comment_status":"closed","ping_status":"closed","template":"","meta":{"footnotes":""},"class_list":["post-1958","page","type-page","status-publish","hentry"],"_links":{"self":[{"href":"https:\/\/hubertpietka.bialystok.pl\/index.php?rest_route=\/wp\/v2\/pages\/1958","targetHints":{"allow":["GET"]}}],"collection":[{"href":"https:\/\/hubertpietka.bialystok.pl\/index.php?rest_route=\/wp\/v2\/pages"}],"about":[{"href":"https:\/\/hubertpietka.bialystok.pl\/index.php?rest_route=\/wp\/v2\/types\/page"}],"author":[{"embeddable":true,"href":"https:\/\/hubertpietka.bialystok.pl\/index.php?rest_route=\/wp\/v2\/users\/1"}],"replies":[{"embeddable":true,"href":"https:\/\/hubertpietka.bialystok.pl\/index.php?rest_route=%2Fwp%2Fv2%2Fcomments&post=1958"}],"version-history":[{"count":11,"href":"https:\/\/hubertpietka.bialystok.pl\/index.php?rest_route=\/wp\/v2\/pages\/1958\/revisions"}],"predecessor-version":[{"id":1969,"href":"https:\/\/hubertpietka.bialystok.pl\/index.php?rest_route=\/wp\/v2\/pages\/1958\/revisions\/1969"}],"wp:attachment":[{"href":"https:\/\/hubertpietka.bialystok.pl\/index.php?rest_route=%2Fwp%2Fv2%2Fmedia&parent=1958"}],"curies":[{"name":"wp","href":"https:\/\/api.w.org\/{rel}","templated":true}]}}