{"id":1971,"date":"2018-11-08T12:51:38","date_gmt":"2018-11-08T12:51:38","guid":{"rendered":"http:\/\/hubertpietka.bialystok.pl\/?page_id=1971"},"modified":"2018-11-08T12:57:06","modified_gmt":"2018-11-08T12:57:06","slug":"i-moj-swiat-swiata-wart","status":"publish","type":"page","link":"https:\/\/hubertpietka.bialystok.pl\/?page_id=1971","title":{"rendered":"I m\u00f3j \u015bwiat \/ \u015bwiata wart"},"content":{"rendered":"<p><strong><em>I m\u00f3j \u015bwiat \/ \u015bwiata wart \ud83d\ude42<\/em><\/strong><\/p>\n<p>Ka\u017cdy sw\u00f3j \u015bwiat ma<\/p>\n<p><em>Integracja a dezinformacja<br \/>\nHolistyczne spojrzenie a dzielenie<br \/>\nUniwersalizm a totalitaryzm<\/em><\/p>\n<p>Ka\u017cdy sw\u00f3j \u015bwiat ma<br \/>\nW nim miejsce na to<br \/>\nCo si\u0119 wybiera<\/p>\n<p><em>Mi\u0142o\u015b\u0107 a nienawi\u015b\u0107<br \/>\nCzysto\u015b\u0107 a wyuzdanie<br \/>\nProstota a cynizm<\/em><\/p>\n<p>Samemu si\u0119 wybiera<br \/>\nJakie sk\u0142adniki<br \/>\nBuduj\u0105 ten \u015bwiat<br \/>\nI to si\u0119 przek\u0142ada<br \/>\nCz\u0142owiecze spectrum<br \/>\nNa uniwersum<\/p>\n<p><em>K\u0142amstwo i ob\u0142uda<br \/>\nA dobro i prawda<br \/>\nPi\u0119kno czy zniszczenie<br \/>\nWolno\u015b\u0107 czy zniewolenie<\/em><br \/>\n<em>Pok\u00f3j czy wojna<\/em><\/p>\n<p>Puzzle warto\u015bci<br \/>\nKt\u00f3re swym \u017cyciem sk\u0142ada si\u0119 w codzienno\u015bci<br \/>\nNa wszystko wp\u0142ywaj\u0105<br \/>\nI wed\u0142ug tego<br \/>\n\u015awiat przetwarzaj\u0105<\/p>\n<p>A B\u00f3g jest i dzia\u0142a<br \/>\nSwoich ludzi sam uk\u0142ada<br \/>\nWsp\u00f3\u0142konstytuuj\u0105c ich \u017cycie tak<br \/>\nBy w zachwycie i niepokoju by\u0142 \u015bwiat<\/p>\n<p><em>Na zdj. Plakat w Bia\u0142ymstoku na Jurowieckiej \/<\/em><br \/>\n<em> \u015awiat i Polsk\u0119 wsp\u00f3\u0142tworz\u0105 wszyscy ludzie \/<\/em><br \/>\n<em> Zwykli bardziej lub mniej \/<\/em><br \/>\n<em> Od nich zale\u017cy \/<\/em><br \/>\n<em> Jaki on b\u0119dzie.<\/em><br \/>\n<em> *Bo \u015bwiat i Polska takie b\u0119d\u0105 \/<\/em><br \/>\n<em> Jak ludzi serca \/<\/em><br \/>\n<em> I \u00a0wed\u0142ug tego si\u0119 ukszta\u0142tuj\u0105 \/<\/em><br \/>\n<em> Co cz\u0142owiek wybiera codziennie.<\/em><\/p>\n<p><img loading=\"lazy\" decoding=\"async\" class=\"JZUAbb\" src=\"https:\/\/lh3.googleusercontent.com\/-_RxIrZPit3w\/W-QaDkMKW5I\/AAAAAAAAH_M\/Z0L_R0OvwNU5v2CrFWrjbPI-UTuk_F1xQCJoC\/w530-h398-n\/IMG_20181108_083801.jpg\" alt=\"Zdj\u0119cie\" width=\"530\" height=\"398\" \/><\/p>\n<h1 class=\"title style-scope ytd-video-primary-info-renderer\" style=\"text-align: center;\"><a href=\"https:\/\/www.youtube.com\/watch?v=CANx5RcdPdo\"><em>2 plus 1 &#8211; Chod\u017a, pomaluj m\u00f3j \u015bwiat<\/em><\/a><\/h1>\n","protected":false},"excerpt":{"rendered":"<p>I m\u00f3j \u015bwiat \/ \u015bwiata wart \ud83d\ude42 Ka\u017cdy sw\u00f3j \u015bwiat ma Integracja a dezinformacja Holistyczne spojrzenie a dzielenie Uniwersalizm a totalitaryzm Ka\u017cdy sw\u00f3j \u015bwiat ma&hellip; <\/p>\n","protected":false},"author":1,"featured_media":0,"parent":0,"menu_order":0,"comment_status":"closed","ping_status":"closed","template":"","meta":{"footnotes":""},"class_list":["post-1971","page","type-page","status-publish","hentry"],"_links":{"self":[{"href":"https:\/\/hubertpietka.bialystok.pl\/index.php?rest_route=\/wp\/v2\/pages\/1971","targetHints":{"allow":["GET"]}}],"collection":[{"href":"https:\/\/hubertpietka.bialystok.pl\/index.php?rest_route=\/wp\/v2\/pages"}],"about":[{"href":"https:\/\/hubertpietka.bialystok.pl\/index.php?rest_route=\/wp\/v2\/types\/page"}],"author":[{"embeddable":true,"href":"https:\/\/hubertpietka.bialystok.pl\/index.php?rest_route=\/wp\/v2\/users\/1"}],"replies":[{"embeddable":true,"href":"https:\/\/hubertpietka.bialystok.pl\/index.php?rest_route=%2Fwp%2Fv2%2Fcomments&post=1971"}],"version-history":[{"count":6,"href":"https:\/\/hubertpietka.bialystok.pl\/index.php?rest_route=\/wp\/v2\/pages\/1971\/revisions"}],"predecessor-version":[{"id":1977,"href":"https:\/\/hubertpietka.bialystok.pl\/index.php?rest_route=\/wp\/v2\/pages\/1971\/revisions\/1977"}],"wp:attachment":[{"href":"https:\/\/hubertpietka.bialystok.pl\/index.php?rest_route=%2Fwp%2Fv2%2Fmedia&parent=1971"}],"curies":[{"name":"wp","href":"https:\/\/api.w.org\/{rel}","templated":true}]}}