{"id":1979,"date":"2018-11-11T09:03:56","date_gmt":"2018-11-11T09:03:56","guid":{"rendered":"http:\/\/hubertpietka.bialystok.pl\/?page_id=1979"},"modified":"2018-11-11T09:05:12","modified_gmt":"2018-11-11T09:05:12","slug":"raz-dwa-trzy-swieto-niepodleglosci","status":"publish","type":"page","link":"https:\/\/hubertpietka.bialystok.pl\/?page_id=1979","title":{"rendered":"Raz dwa trzy \/ \u015awi\u0119to Niepodleg\u0142o\u015bci"},"content":{"rendered":"<p><strong><em>Raz dwa trzy \/ \u015awi\u0119to Niepodleg\u0142o\u015bci<\/em><\/strong><\/p>\n<p>Po 123 latach niewoli<br \/>\nPolska jak Chrystus zmartwychwstaje<\/p>\n<p>Jeden dwa trzy<br \/>\nZwyci\u0119stwo prawdy dobra i mi\u0142o\u015bci<\/p>\n<p>Rado\u015b\u0107 pomno\u017cona przez sto<br \/>\nPartycypuje zawsze to<\/p>\n<p>Jeden dwa trzy<br \/>\nWolno\u015b\u0107 dla narod\u00f3w wszystkich<\/p>\n<p>Razy sto<br \/>\nW Polsce\u00a0 si\u0119 rozpocz\u0119\u0142o to<\/p>\n<p>Jeden dwa trzy<br \/>\nZ\u0142o pokonane ju\u017c<\/p>\n<p>Sto razy<br \/>\nCzyli na pewno tak si\u0119 stanie<\/p>\n<p>Raz dwa trzy<br \/>\nChrystus gwarantem nadziei polskich<\/p>\n<p>Razy sto<br \/>\nI dla \u015bwiata ca\u0142ego<\/p>\n<p>Na zdj. W ko\u015bciele \u015bw. Faustyny plakat patriotyczny \/<br \/>\nMi\u0142osierdzie Bo\u017ce wyprzedza poczynania ludzkie \/<br \/>\nDlatego ufa\u0107 zawsze trzeba \/<br \/>\nI radowa\u0107 si\u0119 \u0142ask\u0105 nieba.<\/p>\n<p><img loading=\"lazy\" decoding=\"async\" class=\"JZUAbb\" src=\"https:\/\/lh3.googleusercontent.com\/-YSiNnczEwdw\/W-fpUhPKNhI\/AAAAAAAAIJ0\/ZC4ZAWWo2t0LjP5EZ5dq9gYUgXq42p-GACJoC\/w530-h707-n\/IMG_20181005_200222.jpg\" alt=\"Zdj\u0119cie\" width=\"530\" height=\"707\" \/><\/p>\n","protected":false},"excerpt":{"rendered":"<p>Raz dwa trzy \/ \u015awi\u0119to Niepodleg\u0142o\u015bci Po 123 latach niewoli Polska jak Chrystus zmartwychwstaje Jeden dwa trzy Zwyci\u0119stwo prawdy dobra i mi\u0142o\u015bci Rado\u015b\u0107 pomno\u017cona przez&hellip; <\/p>\n","protected":false},"author":1,"featured_media":0,"parent":0,"menu_order":0,"comment_status":"closed","ping_status":"closed","template":"","meta":{"footnotes":""},"class_list":["post-1979","page","type-page","status-publish","hentry"],"_links":{"self":[{"href":"https:\/\/hubertpietka.bialystok.pl\/index.php?rest_route=\/wp\/v2\/pages\/1979","targetHints":{"allow":["GET"]}}],"collection":[{"href":"https:\/\/hubertpietka.bialystok.pl\/index.php?rest_route=\/wp\/v2\/pages"}],"about":[{"href":"https:\/\/hubertpietka.bialystok.pl\/index.php?rest_route=\/wp\/v2\/types\/page"}],"author":[{"embeddable":true,"href":"https:\/\/hubertpietka.bialystok.pl\/index.php?rest_route=\/wp\/v2\/users\/1"}],"replies":[{"embeddable":true,"href":"https:\/\/hubertpietka.bialystok.pl\/index.php?rest_route=%2Fwp%2Fv2%2Fcomments&post=1979"}],"version-history":[{"count":2,"href":"https:\/\/hubertpietka.bialystok.pl\/index.php?rest_route=\/wp\/v2\/pages\/1979\/revisions"}],"predecessor-version":[{"id":1981,"href":"https:\/\/hubertpietka.bialystok.pl\/index.php?rest_route=\/wp\/v2\/pages\/1979\/revisions\/1981"}],"wp:attachment":[{"href":"https:\/\/hubertpietka.bialystok.pl\/index.php?rest_route=%2Fwp%2Fv2%2Fmedia&parent=1979"}],"curies":[{"name":"wp","href":"https:\/\/api.w.org\/{rel}","templated":true}]}}