{"id":1983,"date":"2018-11-11T09:12:28","date_gmt":"2018-11-11T09:12:28","guid":{"rendered":"http:\/\/hubertpietka.bialystok.pl\/?page_id=1983"},"modified":"2018-11-11T09:12:44","modified_gmt":"2018-11-11T09:12:44","slug":"11-11","status":"publish","type":"page","link":"https:\/\/hubertpietka.bialystok.pl\/?page_id=1983","title":{"rendered":"11.11"},"content":{"rendered":"<p><strong><em>11.11<\/em><\/strong><\/p>\n<p>Po raz drugi powt\u00f3rzony<br \/>\nJubileusz pi\u0119kny z\u0142oty<br \/>\nPo 100 latach wznowiony<\/p>\n<p>4 jedynki<br \/>\n4&#215;1<br \/>\nDwakro\u0107 powt\u00f3rzone<br \/>\nDope\u0142nione<br \/>\n44<\/p>\n<p>Czas wymierny<br \/>\nCzas \u015bwi\u0119ty<br \/>\nCzas jasny i pi\u0119kny<\/p>\n<p><em>Na zdj. Niebo na \u017bytniej przeja\u015bnia si\u0119 \/<\/em><br \/>\n<em> Flaga powiewa pi\u0119knie \/<\/em><br \/>\n<em> Dobrego \u015bwi\u0119towania \u017cycz\u0119 \/<\/em><br \/>\n<em> Niech czas ten nape\u0142nia dobrem nasze polskie dusze.<\/em><\/p>\n<p><img loading=\"lazy\" decoding=\"async\" class=\"JZUAbb\" src=\"https:\/\/lh3.googleusercontent.com\/-nJndG8c97UI\/W-bhd6QUR2I\/AAAAAAAAIGI\/XQvahgXCpQEgXgleKFijutdEWq-x3dMQACJoC\/w530-h398-n\/IMG_20181110_140445.jpg\" alt=\"Zdj\u0119cie\" width=\"530\" height=\"398\" \/><\/p>\n","protected":false},"excerpt":{"rendered":"<p>11.11 Po raz drugi powt\u00f3rzony Jubileusz pi\u0119kny z\u0142oty Po 100 latach wznowiony 4 jedynki 4&#215;1 Dwakro\u0107 powt\u00f3rzone Dope\u0142nione 44 Czas wymierny Czas \u015bwi\u0119ty Czas jasny&hellip; <\/p>\n","protected":false},"author":1,"featured_media":0,"parent":0,"menu_order":0,"comment_status":"closed","ping_status":"closed","template":"","meta":{"footnotes":""},"class_list":["post-1983","page","type-page","status-publish","hentry"],"_links":{"self":[{"href":"https:\/\/hubertpietka.bialystok.pl\/index.php?rest_route=\/wp\/v2\/pages\/1983","targetHints":{"allow":["GET"]}}],"collection":[{"href":"https:\/\/hubertpietka.bialystok.pl\/index.php?rest_route=\/wp\/v2\/pages"}],"about":[{"href":"https:\/\/hubertpietka.bialystok.pl\/index.php?rest_route=\/wp\/v2\/types\/page"}],"author":[{"embeddable":true,"href":"https:\/\/hubertpietka.bialystok.pl\/index.php?rest_route=\/wp\/v2\/users\/1"}],"replies":[{"embeddable":true,"href":"https:\/\/hubertpietka.bialystok.pl\/index.php?rest_route=%2Fwp%2Fv2%2Fcomments&post=1983"}],"version-history":[{"count":2,"href":"https:\/\/hubertpietka.bialystok.pl\/index.php?rest_route=\/wp\/v2\/pages\/1983\/revisions"}],"predecessor-version":[{"id":1985,"href":"https:\/\/hubertpietka.bialystok.pl\/index.php?rest_route=\/wp\/v2\/pages\/1983\/revisions\/1985"}],"wp:attachment":[{"href":"https:\/\/hubertpietka.bialystok.pl\/index.php?rest_route=%2Fwp%2Fv2%2Fmedia&parent=1983"}],"curies":[{"name":"wp","href":"https:\/\/api.w.org\/{rel}","templated":true}]}}