{"id":1987,"date":"2018-11-11T09:34:30","date_gmt":"2018-11-11T09:34:30","guid":{"rendered":"http:\/\/hubertpietka.bialystok.pl\/?page_id=1987"},"modified":"2018-11-11T09:40:03","modified_gmt":"2018-11-11T09:40:03","slug":"w-cieniu-katedry-odniesienia-duszy-mojej","status":"publish","type":"page","link":"https:\/\/hubertpietka.bialystok.pl\/?page_id=1987","title":{"rendered":"W cieniu katedry \/ odniesienia duszy mojej"},"content":{"rendered":"<p><strong><em>W cieniu katedry \/ odniesienia duszy mojej<\/em><\/strong><\/p>\n<p>Tu wszystko si\u0119 zacz\u0119\u0142o<br \/>\nI szko\u0142a i praca<br \/>\nI papierosy i modlitwa<\/p>\n<p>Tu wszystko si\u0119 zacz\u0119\u0142o<br \/>\nI spacery i spotkania<br \/>\nI herbata i kawa<\/p>\n<p>Pod Jana Paw\u0142a II pomnikiem<br \/>\nObok ksi\u0119dza Jerzego Popie\u0142uszki<br \/>\nTu tak\u017ce ogr\u00f3d Branickich<\/p>\n<p>Tu i piwo i muzyka<br \/>\nI wszystko<br \/>\nPrzesz\u0142o\u015bci elementy paradoksalnie pi\u0119kne<\/p>\n<p>To wszystko we mnie jest<br \/>\nNie przebrzmia\u0142o pustym echem<br \/>\nWszystko \u017cyje<br \/>\nNiejako podsk\u00f3rnie<\/p>\n<p>Wszystko si\u0119 tu w ca\u0142o\u015b\u0107 \u0142\u0105czy<br \/>\nWype\u0142niaj\u0105c przestrzenie wn\u0119trza<br \/>\nA inne sk\u0142adniki<br \/>\nDope\u0142niaj\u0105 mozaik\u0119 mej duszy<\/p>\n<p>To jedno z miejsc takich<br \/>\nKt\u00f3re by\u0142o i jest fundamentalne dla mnie<br \/>\nS\u0105 tak\u017ce i inne<br \/>\nLecz to tu otworzy\u0142y si\u0119 moje losy<br \/>\nJasne proste i dziwne \ud83d\ude42<\/p>\n<p><em>Na zdj. Katedra bia\u0142ostocka noc\u0105 \/<\/em><br \/>\n<em> \u015awi\u0119to Niepodleg\u0142o\u015bci ju\u017c jutro \/<\/em><br \/>\n<em> Serdecznie pozdrawiam i wybaczcie \/<\/em><br \/>\n<em> Te refleksje wewn\u0119trzne moje na tej kanwie \ud83d\ude42<\/em><\/p>\n<p><img loading=\"lazy\" decoding=\"async\" class=\"JZUAbb\" src=\"https:\/\/lh3.googleusercontent.com\/-87sws4No_PM\/W-dxQNTEyOI\/AAAAAAAAIIE\/isYmA-CwSEE0QvTSAlRXh-PEwEfwpGkhwCJoC\/w530-h707-n\/IMG_20181110_235532.jpg\" alt=\"Zdj\u0119cie\" width=\"530\" height=\"707\" \/><\/p>\n<p style=\"text-align: center;\"><a href=\"https:\/\/www.youtube.com\/watch?v=-wh5U1Xy-sA\"><em><strong>Moje miasto Wadowice <\/strong><\/em><\/a>\ud83d\ude42<\/p>\n","protected":false},"excerpt":{"rendered":"<p>W cieniu katedry \/ odniesienia duszy mojej Tu wszystko si\u0119 zacz\u0119\u0142o I szko\u0142a i praca I papierosy i modlitwa Tu wszystko si\u0119 zacz\u0119\u0142o I spacery&hellip; <\/p>\n","protected":false},"author":1,"featured_media":0,"parent":0,"menu_order":0,"comment_status":"closed","ping_status":"closed","template":"","meta":{"footnotes":""},"class_list":["post-1987","page","type-page","status-publish","hentry"],"_links":{"self":[{"href":"https:\/\/hubertpietka.bialystok.pl\/index.php?rest_route=\/wp\/v2\/pages\/1987","targetHints":{"allow":["GET"]}}],"collection":[{"href":"https:\/\/hubertpietka.bialystok.pl\/index.php?rest_route=\/wp\/v2\/pages"}],"about":[{"href":"https:\/\/hubertpietka.bialystok.pl\/index.php?rest_route=\/wp\/v2\/types\/page"}],"author":[{"embeddable":true,"href":"https:\/\/hubertpietka.bialystok.pl\/index.php?rest_route=\/wp\/v2\/users\/1"}],"replies":[{"embeddable":true,"href":"https:\/\/hubertpietka.bialystok.pl\/index.php?rest_route=%2Fwp%2Fv2%2Fcomments&post=1987"}],"version-history":[{"count":6,"href":"https:\/\/hubertpietka.bialystok.pl\/index.php?rest_route=\/wp\/v2\/pages\/1987\/revisions"}],"predecessor-version":[{"id":1993,"href":"https:\/\/hubertpietka.bialystok.pl\/index.php?rest_route=\/wp\/v2\/pages\/1987\/revisions\/1993"}],"wp:attachment":[{"href":"https:\/\/hubertpietka.bialystok.pl\/index.php?rest_route=%2Fwp%2Fv2%2Fmedia&parent=1987"}],"curies":[{"name":"wp","href":"https:\/\/api.w.org\/{rel}","templated":true}]}}