{"id":1997,"date":"2018-11-13T16:55:54","date_gmt":"2018-11-13T16:55:54","guid":{"rendered":"http:\/\/hubertpietka.bialystok.pl\/?page_id=1997"},"modified":"2018-11-13T17:01:22","modified_gmt":"2018-11-13T17:01:22","slug":"w-bogu-staranie-o-w-dobru-wytrwanie","status":"publish","type":"page","link":"https:\/\/hubertpietka.bialystok.pl\/?page_id=1997","title":{"rendered":"W Bogu staranie \/ o w dobru wytrwanie"},"content":{"rendered":"<p><strong><em>W Bogu staranie \/ o w dobru wytrwanie<\/em><\/strong><\/p>\n<p>Ja wiem \u017ce mo\u017ce jak trzeba<br \/>\nNie zawsze si\u0119 uda\u0142o<br \/>\nCzasem co\u015b nie wysz\u0142o po prostu<br \/>\nMoze co\u015b \u017ale zrozumia\u0142em<\/p>\n<p>Zawsze jednak si\u0119 stara\u0142em<br \/>\nCzyste intencje mia\u0142em<br \/>\nDobra a nie z\u0142a chcia\u0142em<\/p>\n<p>Ale tylko s\u0142abym cz\u0142owiekiem jestem<br \/>\nWi\u0119c nie zawsze wychodzi\u0142o wszystko<br \/>\nI pewnie dalej tak b\u0119dzie<\/p>\n<p>Ale dzi\u0119ki Bo\u017cej \u0142asce<br \/>\nJestem czym jestem<br \/>\nI dzi\u0119ki Mi\u0142osiernej Mi\u0142o\u015bci<br \/>\nCi\u0105gle staram si\u0119 przekracza\u0107 swe s\u0142abo\u015bci<\/p>\n<p>Bo tylko lud\u017ami przecie\u017c jeste\u015bmy<br \/>\nLecz w Bogu pok\u0142adam nadziej\u0119<br \/>\n\u017be b\u0119d\u0119 czym b\u0119d\u0119<br \/>\nI wy te\u017c kim macie by\u0107 b\u0119dziecie<\/p>\n<p>Ufam Bogu<br \/>\n\u017be nie zawiod\u0119<br \/>\nNie opieram si\u0119 bowiem<br \/>\nTylko na sobie<\/p>\n<p>Lecz na Nim<br \/>\nA z Nim ka\u017cde z\u0142o<br \/>\nB\u0119dzie pokonane<\/p>\n<p>Serce cho\u0107 jest jakie jest<br \/>\nZawsze staram si\u0119 mie\u0107 czyste<br \/>\nK\u0142amstwom nie wierzcie<br \/>\n\u017be mam lub mia\u0142em z\u0142e intencje<\/p>\n<p>W Bogu ufam<br \/>\n\u017be dope\u0142ni si\u0119 wszystko<br \/>\nW Bogu ufam<br \/>\n\u017be wszystkiemu sprostam<\/p>\n<p><em>Na zdj. Inka na skwerku Marii i Lecha Kaczy\u0144skich \/<\/em><br \/>\n<em> Ona w sytuacji granicznej zachowa\u0142a si\u0119 jak trzeba \/<\/em><br \/>\n<em> Ja ufam \u017ce nie stanie przede mn\u0105 a\u017c taka pr\u00f3ba \/<\/em><br \/>\n<em> Nadziej\u0119 mam w Bogu \u017ce id\u0105c z Nim si\u0119 nie zawiod\u0119 \/<\/em><br \/>\n<em>Mimo licznych s\u0142abo\u015bci moich.<\/em><br \/>\n<em> * Zawsze si\u0119 przecie\u017c stara\u0142em \/<\/em><br \/>\n<em> By jak najlepiej wype\u0142ni\u0107 co do mnie nale\u017ca\u0142o \/<\/em><br \/>\n<em> I w Panu pok\u0142adam sw\u0105 ufno\u015b\u0107 dalej \/<\/em><br \/>\n<em>\u017be On pomaga we wszystkim stale \/<\/em><br \/>\n<em> \u017be zawsze ze mn\u0105 jest i b\u0119dzie w Swej \u0142asce.<\/em><\/p>\n<p style=\"text-align: center;\"><em><strong>Jezu, ufam Tobie, nie tylko sobie<\/strong><\/em><br \/>\n<em> <strong>\u017be b\u0119d\u0119 czym by\u0107 powinienem<\/strong><\/em><br \/>\n<em> <strong>Nie si\u0142\u0105 tylko swoj\u0105<\/strong><\/em><br \/>\n<em> <strong>Lecz przez Mi\u0142osierdzie Twoje<\/strong><\/em><\/p>\n<p style=\"text-align: left;\"><img loading=\"lazy\" decoding=\"async\" class=\"JZUAbb\" src=\"https:\/\/lh3.googleusercontent.com\/-WTO-CW26K_M\/W-qO_8GV8TI\/AAAAAAAAINo\/mwWK9A4GrQsSL2-wuDGLMAWL32QafAHPACJoC\/w530-h707-n\/IMG_20181113_091849.jpg\" alt=\"Zdj\u0119cie\" width=\"530\" height=\"707\" \/><\/p>\n<p>&nbsp;<\/p>\n","protected":false},"excerpt":{"rendered":"<p>W Bogu staranie \/ o w dobru wytrwanie Ja wiem \u017ce mo\u017ce jak trzeba Nie zawsze si\u0119 uda\u0142o Czasem co\u015b nie wysz\u0142o po prostu Moze&hellip; <\/p>\n","protected":false},"author":1,"featured_media":0,"parent":0,"menu_order":0,"comment_status":"closed","ping_status":"closed","template":"","meta":{"footnotes":""},"class_list":["post-1997","page","type-page","status-publish","hentry"],"_links":{"self":[{"href":"https:\/\/hubertpietka.bialystok.pl\/index.php?rest_route=\/wp\/v2\/pages\/1997","targetHints":{"allow":["GET"]}}],"collection":[{"href":"https:\/\/hubertpietka.bialystok.pl\/index.php?rest_route=\/wp\/v2\/pages"}],"about":[{"href":"https:\/\/hubertpietka.bialystok.pl\/index.php?rest_route=\/wp\/v2\/types\/page"}],"author":[{"embeddable":true,"href":"https:\/\/hubertpietka.bialystok.pl\/index.php?rest_route=\/wp\/v2\/users\/1"}],"replies":[{"embeddable":true,"href":"https:\/\/hubertpietka.bialystok.pl\/index.php?rest_route=%2Fwp%2Fv2%2Fcomments&post=1997"}],"version-history":[{"count":7,"href":"https:\/\/hubertpietka.bialystok.pl\/index.php?rest_route=\/wp\/v2\/pages\/1997\/revisions"}],"predecessor-version":[{"id":2004,"href":"https:\/\/hubertpietka.bialystok.pl\/index.php?rest_route=\/wp\/v2\/pages\/1997\/revisions\/2004"}],"wp:attachment":[{"href":"https:\/\/hubertpietka.bialystok.pl\/index.php?rest_route=%2Fwp%2Fv2%2Fmedia&parent=1997"}],"curies":[{"name":"wp","href":"https:\/\/api.w.org\/{rel}","templated":true}]}}