{"id":2006,"date":"2018-11-15T15:10:19","date_gmt":"2018-11-15T15:10:19","guid":{"rendered":"http:\/\/hubertpietka.bialystok.pl\/?page_id=2006"},"modified":"2018-11-15T15:11:09","modified_gmt":"2018-11-15T15:11:09","slug":"o-bozym-milosierdziu-refleksje-na-kanwie-zycia-i-pieknego-obrazu-z-szpitalnej-kaplicy","status":"publish","type":"page","link":"https:\/\/hubertpietka.bialystok.pl\/?page_id=2006","title":{"rendered":"O Bo\u017cym Mi\u0142osierdziu \/ refleksje na kanwie \u017cycia \/ i pi\u0119knego obrazu z szpitalnej kaplicy"},"content":{"rendered":"<p><strong><em>O Bo\u017cym Mi\u0142osierdziu \/ refleksje na kanwie \u017cycia \/ i pi\u0119knego obrazu z szpitalnej kaplicy<\/em><\/strong><\/p>\n<p>Jak wielk\u0105 mi\u0142o\u015bci\u0105 nas B\u00f3g obdarzy\u0142<br \/>\nOn przytula owc\u0119 i bia\u0142\u0105 i czarn\u0105<br \/>\nOn je do serca chce przycisn\u0105\u0107<br \/>\nOn ich szuka by stawa\u0142y w prawdzie wobec Niego<\/p>\n<p>Dzisiaj da\u0142 mi pozna\u0107 Pan<br \/>\nRzecz pi\u0119kn\u0105 i bardzo dla mnie wstrz\u0105saj\u0105c\u0105<br \/>\n\u017be to On przyjmuje na Siebie wszelkie od z\u0142a ciosy<br \/>\nKt\u00f3re na nas spadaj\u0105 jakiekolwiek by\u0142oby ich \u017ar\u00f3d\u0142o<\/p>\n<p>Sprawiedliwie lub nie<br \/>\nMniej lub bardziej<br \/>\nOn sam na Siebie to bierze<br \/>\nOn rozumie nas lepiej ni\u017c my sami siebie<\/p>\n<p>On nas widzia\u0142 ju\u017c na krzy\u017cu<br \/>\nJu\u017c tam i nasze s\u0142abo\u015bci widzia\u0142<br \/>\nI\u00a0 niesprawiedliwo\u015bciom wszelkim da\u0142 si\u0119 ukrzy\u017cowa\u0107<br \/>\nTak bardzo do ko\u0144ca nas umi\u0142owa\u0142<\/p>\n<p><em>Na zdj. Pi\u0119kny ten obrazek \/<\/em><br \/>\n<em> W Dzieci\u0119cym Szpitalu Klinicznym w kaplicy \/<\/em><br \/>\n<em> Wszyscy jeste\u015bmy Bo\u017cymi dzie\u0107mi \/<\/em><br \/>\n<em> I On kocha nas bezgranicznie.<\/em><\/p>\n<p><img loading=\"lazy\" decoding=\"async\" class=\"JZUAbb\" src=\"https:\/\/lh3.googleusercontent.com\/-lqvUkfgmCmY\/W-tdcS2P8WI\/AAAAAAAAITk\/1weUn4HkzPQAs7t2d4T4Nq_Jw614TXq0wCJoC\/w530-h707-n\/IMG_20181113_084759.jpg\" alt=\"Zdj\u0119cie\" width=\"530\" height=\"707\" \/><\/p>\n","protected":false},"excerpt":{"rendered":"<p>O Bo\u017cym Mi\u0142osierdziu \/ refleksje na kanwie \u017cycia \/ i pi\u0119knego obrazu z szpitalnej kaplicy Jak wielk\u0105 mi\u0142o\u015bci\u0105 nas B\u00f3g obdarzy\u0142 On przytula owc\u0119 i&hellip; <\/p>\n","protected":false},"author":1,"featured_media":0,"parent":0,"menu_order":0,"comment_status":"closed","ping_status":"closed","template":"","meta":{"footnotes":""},"class_list":["post-2006","page","type-page","status-publish","hentry"],"_links":{"self":[{"href":"https:\/\/hubertpietka.bialystok.pl\/index.php?rest_route=\/wp\/v2\/pages\/2006","targetHints":{"allow":["GET"]}}],"collection":[{"href":"https:\/\/hubertpietka.bialystok.pl\/index.php?rest_route=\/wp\/v2\/pages"}],"about":[{"href":"https:\/\/hubertpietka.bialystok.pl\/index.php?rest_route=\/wp\/v2\/types\/page"}],"author":[{"embeddable":true,"href":"https:\/\/hubertpietka.bialystok.pl\/index.php?rest_route=\/wp\/v2\/users\/1"}],"replies":[{"embeddable":true,"href":"https:\/\/hubertpietka.bialystok.pl\/index.php?rest_route=%2Fwp%2Fv2%2Fcomments&post=2006"}],"version-history":[{"count":2,"href":"https:\/\/hubertpietka.bialystok.pl\/index.php?rest_route=\/wp\/v2\/pages\/2006\/revisions"}],"predecessor-version":[{"id":2008,"href":"https:\/\/hubertpietka.bialystok.pl\/index.php?rest_route=\/wp\/v2\/pages\/2006\/revisions\/2008"}],"wp:attachment":[{"href":"https:\/\/hubertpietka.bialystok.pl\/index.php?rest_route=%2Fwp%2Fv2%2Fmedia&parent=2006"}],"curies":[{"name":"wp","href":"https:\/\/api.w.org\/{rel}","templated":true}]}}