{"id":2011,"date":"2018-11-15T15:33:52","date_gmt":"2018-11-15T15:33:52","guid":{"rendered":"http:\/\/hubertpietka.bialystok.pl\/?page_id=2011"},"modified":"2018-11-15T15:41:07","modified_gmt":"2018-11-15T15:41:07","slug":"papierek-lakmusowy-zycia-czyli-czlowiek-a-uczucia","status":"publish","type":"page","link":"https:\/\/hubertpietka.bialystok.pl\/?page_id=2011","title":{"rendered":"Papierek lakmusowy \u017cycia \/ czyli cz\u0142owiek a uczucia"},"content":{"rendered":"<p><em><strong>Papierek lakmusowy \u017cycia \/ czyli cz\u0142owiek a uczucia<\/strong><\/em><\/p>\n<p>Dzi\u0119kuje Ci Panie<br \/>\nZa bogactwo wra\u017ce\u0144<br \/>\nZa wszystkie uczucia<br \/>\nKt\u00f3re odpowiadaj\u0105 na sytuacje \u017cycia<\/p>\n<p>Kto nie przeszed\u0142 przez ogr\u00f3d uczu\u0107 spalonych<br \/>\nTen nie zrozumie tego<br \/>\n\u017be uczucia te\u017c s\u0105 wa\u017cne<br \/>\n\u017be one \u015bwiat koloruj\u0105 r\u00f3\u017cnobarwnie<\/p>\n<p>Uczucia jak papierek lakmusowy<br \/>\nZabarwiaj\u0105 sie wed\u0142ug tego<br \/>\nCo cz\u0142owieka spotyka<br \/>\nS\u0105 odpowiedzi\u0105 jego wn\u0119trza<\/p>\n<p>I uczucia Pan B\u00f3g da\u0142<br \/>\nKiedy pi\u0119knie stworzy\u0142 cz\u0142owieka<br \/>\nI one wa\u017cne maj\u0105 miejsce<br \/>\nW komponencie duszy ludzkiej<\/p>\n<p>One rozum nape\u0142niaj\u0105<br \/>\nOne serce wype\u0142niaj\u0105<br \/>\nOne postaw\u0119 uzupe\u0142niaj\u0105<br \/>\nOne \u015bwiat dope\u0142niaj\u0105<\/p>\n<p>W kwasie papierek lakmusowy<br \/>\nZabarwia si\u0119 na czerwono<br \/>\nA w zasadzie<br \/>\nNa niebiesko si\u0119 barwi<\/p>\n<p>Podobnie i uczucia<br \/>\nS\u0105 odpowiedzi\u0105 na sprawy \u017cycia<br \/>\nNa to co cz\u0142owieka spotyka<br \/>\nNa jego drodze wiary i \u017cycia<\/p>\n<p>Na ob\u0142ud\u0119 i niesprawiedliwo\u015b\u0107<br \/>\nGniew jest odpowiedzi\u0105<br \/>\nI tego typu uczucia<br \/>\nNie przecz\u0105 pokorze duszy<\/p>\n<p>Sam Chrystus je uprawomocni\u0142<br \/>\nKiedy przeciw faryzeizmowi wyst\u0105pi\u0142<br \/>\nI kiedy sprzedawczyk\u00f3w wyrzuca\u0142 z \u015bwi\u0105tyni<br \/>\nGniew Bo\u017cy czeka te\u017c niesprawiedliwych<\/p>\n<p>Uczucia mocne zatem<br \/>\nNie przecz\u0105 pokojowi serca wcale<br \/>\nTrzeba tylko uzna\u0107 to<br \/>\n\u017be na ka\u017cde z\u0142o odpowiedz jest w prawdzie uczu\u0107 te\u017c<\/p>\n<p>Ca\u0142e wn\u0119trze cz\u0142owieka<br \/>\nPostawa rozum i wiara<br \/>\nMimo szerokiej amplitudy uczu\u0107<br \/>\nNie musz\u0105 przeczy\u0107 sobie wcale<\/p>\n<p>I tak nie jest wtedy zw\u0142aszcza<br \/>\nKiedy cz\u0142owiek swe wn\u0119trze<br \/>\nHarmonijnie wsp\u00f3\u0142kszta\u0142tuje<br \/>\nPrzez dobr\u0105 wol\u0119 i intencje czyste<\/p>\n<p><em>Na zdj. Na \u017bytniej niebo przeja\u015bnia si\u0119 \/<\/em><br \/>\n<em> Cz\u0142owiek wsp\u00f3\u0142kszta\u0142tuje swe wn\u0119trze \/<\/em><br \/>\n<em> A uczucia to dope\u0142niaj\u0105 \/<\/em><br \/>\n<em> Jak papierek lakmusowy \u017cycie barwi\u0105.<\/em><\/p>\n<p><img loading=\"lazy\" decoding=\"async\" class=\"JZUAbb\" src=\"https:\/\/lh3.googleusercontent.com\/-fIXijfkdCsA\/W-1cAoUc1LI\/AAAAAAAAIVs\/TA_0yPcnYmsnOSZ-mdijrWwpd_CwRUesgCJoC\/w530-h398-n\/1542281641175-1020056924.jpg\" alt=\"Zdj\u0119cie\" width=\"530\" height=\"398\" \/><\/p>\n","protected":false},"excerpt":{"rendered":"<p>Papierek lakmusowy \u017cycia \/ czyli cz\u0142owiek a uczucia Dzi\u0119kuje Ci Panie Za bogactwo wra\u017ce\u0144 Za wszystkie uczucia Kt\u00f3re odpowiadaj\u0105 na sytuacje \u017cycia Kto nie przeszed\u0142&hellip; <\/p>\n","protected":false},"author":1,"featured_media":0,"parent":0,"menu_order":0,"comment_status":"closed","ping_status":"closed","template":"","meta":{"footnotes":""},"class_list":["post-2011","page","type-page","status-publish","hentry"],"_links":{"self":[{"href":"https:\/\/hubertpietka.bialystok.pl\/index.php?rest_route=\/wp\/v2\/pages\/2011","targetHints":{"allow":["GET"]}}],"collection":[{"href":"https:\/\/hubertpietka.bialystok.pl\/index.php?rest_route=\/wp\/v2\/pages"}],"about":[{"href":"https:\/\/hubertpietka.bialystok.pl\/index.php?rest_route=\/wp\/v2\/types\/page"}],"author":[{"embeddable":true,"href":"https:\/\/hubertpietka.bialystok.pl\/index.php?rest_route=\/wp\/v2\/users\/1"}],"replies":[{"embeddable":true,"href":"https:\/\/hubertpietka.bialystok.pl\/index.php?rest_route=%2Fwp%2Fv2%2Fcomments&post=2011"}],"version-history":[{"count":5,"href":"https:\/\/hubertpietka.bialystok.pl\/index.php?rest_route=\/wp\/v2\/pages\/2011\/revisions"}],"predecessor-version":[{"id":2016,"href":"https:\/\/hubertpietka.bialystok.pl\/index.php?rest_route=\/wp\/v2\/pages\/2011\/revisions\/2016"}],"wp:attachment":[{"href":"https:\/\/hubertpietka.bialystok.pl\/index.php?rest_route=%2Fwp%2Fv2%2Fmedia&parent=2011"}],"curies":[{"name":"wp","href":"https:\/\/api.w.org\/{rel}","templated":true}]}}