{"id":2018,"date":"2018-11-16T13:19:26","date_gmt":"2018-11-16T13:19:26","guid":{"rendered":"http:\/\/hubertpietka.bialystok.pl\/?page_id=2018"},"modified":"2018-11-16T13:29:02","modified_gmt":"2018-11-16T13:29:02","slug":"cud-milosierdzia-bozego-wobec-czlowieka-grzesznego","status":"publish","type":"page","link":"https:\/\/hubertpietka.bialystok.pl\/?page_id=2018","title":{"rendered":"Cud Mi\u0142osierdzia Bo\u017cego \/ wobec cz\u0142owieka grzesznego"},"content":{"rendered":"<p><strong><em>Cud Mi\u0142osierdzia Bo\u017cego \/ wobec cz\u0142owieka grzesznego<\/em><\/strong><\/p>\n<p>Jedyne co cz\u0142owiek wobec Boga mo\u017ce<br \/>\nTo uwielbia\u0107 Mi\u0142osierdzie Bo\u017ce<br \/>\nTo wobec Niego si\u0119 uni\u017ca\u0107<br \/>\nMarno\u015b\u0107 i n\u0119dz\u0119 swoj\u0105 uzna\u0107<\/p>\n<p>I za wszystko Mu dzi\u0119kowa\u0107<br \/>\nBo wszystko jest \u0142ask\u0105 Jego<br \/>\nWys\u0142awia\u0107 \u015bwi\u0119te Imi\u0119 Boga<br \/>\nW prawdzie wobec Niego zawsze stawa\u0107<\/p>\n<p>Bo w Nim poruszamy si\u0119<br \/>\nOn jest Pocz\u0105tkiem i Ko\u0144cem<br \/>\nI wszystko w Nim znajdzie zwie\u0144czenie swe<br \/>\nTak\u017ce ka\u017cde \u017cycie ludzkie tak czy inaczej<\/p>\n<p>Bo to On jest Bogiem<br \/>\nCa\u0142y \u015bwiat nale\u017cy do Niego<br \/>\nA ma\u0142y i s\u0142aby cz\u0142owiek<br \/>\nMo\u017ce tylko uwielbia\u0107 Mi\u0142osierdzie Jego<\/p>\n<p>Najlepsz\u0105 Przyczyn\u0105 Mi\u0142osierdzia Bo\u017cego<br \/>\nJest Maryja Panienka Najczystsza<br \/>\nBo w Niej z Boga wszystko i Ona ca\u0142a<br \/>\nJest z Mi\u0142osierdzia Bo\u017cego zbudowana<\/p>\n<p>Ona zawsze wpatrzona jest w Syna<br \/>\nI na nas patrzy tymi samymi oczyma<br \/>\nDlatego te\u017c w Niej<br \/>\nMi\u0142osierdzia Bo\u017cego Po\u015brednictwo Najlepsze<\/p>\n<p>Nieustannie trzeba wielbi\u0107 Mi\u0142osierdzie Boga<br \/>\nWszystko i wszystkich Mu oddawa\u0107<br \/>\nI rado\u015bci i smutki wszelkie<br \/>\nI zwyci\u0119stwa blaski i gorycz pora\u017cki<\/p>\n<p>Przed Nim w prawdzie i ma\u0142o\u015bci swej stawa\u0107<br \/>\nNieustannie Mu dzi\u0119kowa\u0107 i Go wys\u0142awia\u0107<br \/>\nZa Jego \u0142ask\u0119 i wierno\u015b\u0107 okazan\u0105 najpe\u0142niej<br \/>\nWobec ka\u017cdego grzesznego cz\u0142owieka<\/p>\n<p>Przez nieustaj\u0105cy cud Bo\u017cego Mi\u0142osierdzia<\/p>\n<p><em>Na zdj. Maryja Matka Mi\u0142osierdzia \/<\/em><br \/>\n<em> W bia\u0142ostockiej katedrze \/<\/em><br \/>\n<em> Wszystko jest Bo\u017c\u0105 \u0142ask\u0105 \/<\/em><br \/>\n<em> Tak\u017ce Maryi po\u015brednictwo najpi\u0119kniejsze.<\/em><\/p>\n<p><img loading=\"lazy\" decoding=\"async\" class=\"JZUAbb\" src=\"https:\/\/lh3.googleusercontent.com\/-l8jlHe4_joE\/W-3-9h0RtDI\/AAAAAAAAId4\/8-EF772ffFMqLDcwhXcinu7RnMijLfpMACJoC\/w530-h707-n\/IMG_20181115_083947.jpg\" alt=\"Zdj\u0119cie\" width=\"530\" height=\"707\" \/><\/p>\n<h1 class=\"title style-scope ytd-video-primary-info-renderer\" style=\"text-align: center;\"><em><a href=\"https:\/\/www.youtube.com\/watch?v=RewR_kOKN1g\">O Matko Mi\u0142o\u015bciwa &#8211; Ch\u00f3r parafii Niepokalanego Pocz\u0119cia Naj\u015bwi\u0119tszej Maryi Panny<\/a><\/em><\/h1>\n<p style=\"text-align: center;\">\/<\/p>\n<h1 class=\"title style-scope ytd-video-primary-info-renderer\" style=\"text-align: center;\"><a href=\"https:\/\/www.youtube.com\/watch?v=b_GawIFmBqk\"><em>O Matko mi\u0142o\u015bciwa <\/em><\/a><\/h1>\n","protected":false},"excerpt":{"rendered":"<p>Cud Mi\u0142osierdzia Bo\u017cego \/ wobec cz\u0142owieka grzesznego Jedyne co cz\u0142owiek wobec Boga mo\u017ce To uwielbia\u0107 Mi\u0142osierdzie Bo\u017ce To wobec Niego si\u0119 uni\u017ca\u0107 Marno\u015b\u0107 i n\u0119dz\u0119&hellip; <\/p>\n","protected":false},"author":1,"featured_media":0,"parent":0,"menu_order":0,"comment_status":"closed","ping_status":"closed","template":"","meta":{"footnotes":""},"class_list":["post-2018","page","type-page","status-publish","hentry"],"_links":{"self":[{"href":"https:\/\/hubertpietka.bialystok.pl\/index.php?rest_route=\/wp\/v2\/pages\/2018","targetHints":{"allow":["GET"]}}],"collection":[{"href":"https:\/\/hubertpietka.bialystok.pl\/index.php?rest_route=\/wp\/v2\/pages"}],"about":[{"href":"https:\/\/hubertpietka.bialystok.pl\/index.php?rest_route=\/wp\/v2\/types\/page"}],"author":[{"embeddable":true,"href":"https:\/\/hubertpietka.bialystok.pl\/index.php?rest_route=\/wp\/v2\/users\/1"}],"replies":[{"embeddable":true,"href":"https:\/\/hubertpietka.bialystok.pl\/index.php?rest_route=%2Fwp%2Fv2%2Fcomments&post=2018"}],"version-history":[{"count":6,"href":"https:\/\/hubertpietka.bialystok.pl\/index.php?rest_route=\/wp\/v2\/pages\/2018\/revisions"}],"predecessor-version":[{"id":2024,"href":"https:\/\/hubertpietka.bialystok.pl\/index.php?rest_route=\/wp\/v2\/pages\/2018\/revisions\/2024"}],"wp:attachment":[{"href":"https:\/\/hubertpietka.bialystok.pl\/index.php?rest_route=%2Fwp%2Fv2%2Fmedia&parent=2018"}],"curies":[{"name":"wp","href":"https:\/\/api.w.org\/{rel}","templated":true}]}}