{"id":2026,"date":"2018-11-16T20:37:48","date_gmt":"2018-11-16T20:37:48","guid":{"rendered":"http:\/\/hubertpietka.bialystok.pl\/?page_id=2026"},"modified":"2018-11-16T20:48:27","modified_gmt":"2018-11-16T20:48:27","slug":"ufnosc-drugie-skrzydlo-milosci","status":"publish","type":"page","link":"https:\/\/hubertpietka.bialystok.pl\/?page_id=2026","title":{"rendered":"Ufno\u015b\u0107 \/ drugie mi\u0142o\u015bci skrzyd\u0142o"},"content":{"rendered":"<p><strong><em>Ufno\u015b\u0107 \/ drugie mi\u0142o\u015bci skrzyd\u0142o<br \/>\n<\/em><\/strong><\/p>\n<p>Dzisiaj da\u0142 mi pozna\u0107 Pan<br \/>\n\u017be drugim krokiem po uni\u017ceniu<br \/>\nPo uznaniu wielko\u015bci Boga<br \/>\nJest ufno\u015b\u0107 w Bo\u017ce Mi\u0142osierdzie<\/p>\n<p>To bardzo pi\u0119kne<br \/>\nJak dobry jest B\u00f3g<br \/>\nNie musimy si\u0119 l\u0119ka\u0107<br \/>\nTylko zaufa\u0107 Mu<\/p>\n<p>W pokoju serca i\u015b\u0107 sw\u0105 drog\u0105<br \/>\nZ wiara uni\u017ceniem i ufno\u015bci\u0105<br \/>\nNie przera\u017ca\u0107 niczym si\u0119<br \/>\nWystarczy tylko tyle<\/p>\n<p><em>Na zdj. Pascha\u0142, tabernakulum i Jezus Mi\u0142osierny \/<\/em><br \/>\n<em> W bia\u0142ostockim Mi\u0142osierdzia Bo\u017cego sanktuarium \/<\/em><br \/>\n<em> Jeste\u015bmy naznaczeni piecz\u0119ci\u0105 chrztu \u015bwi\u0119tego \/<\/em><br \/>\n<em> Wystarczy tylko ufa\u0107 pokornie \u0142asce Bo\u017cej \/<\/em><br \/>\n<em> *I mocy sakrament\u00f3w.<\/em><\/p>\n<p><img loading=\"lazy\" decoding=\"async\" class=\"JZUAbb\" src=\"https:\/\/lh3.googleusercontent.com\/-cmn9w-4fHCk\/W-8Sp10INoI\/AAAAAAAAIfs\/xX39exYpDvcyyQo5j0ndN7xHw-XRyGl6wCJoC\/w530-h707-n\/IMG_20181116_192538.jpg\" alt=\"Zdj\u0119cie\" width=\"530\" height=\"707\" \/><\/p>\n<h1 class=\"title style-scope ytd-video-primary-info-renderer\" style=\"text-align: center;\"><a href=\"https:\/\/www.youtube.com\/watch?v=0EUorlEwg5E\"><em>Ufam Tobie, Mi\u0142osierny Jezu<\/em><\/a><\/h1>\n","protected":false},"excerpt":{"rendered":"<p>Ufno\u015b\u0107 \/ drugie mi\u0142o\u015bci skrzyd\u0142o Dzisiaj da\u0142 mi pozna\u0107 Pan \u017be drugim krokiem po uni\u017ceniu Po uznaniu wielko\u015bci Boga Jest ufno\u015b\u0107 w Bo\u017ce Mi\u0142osierdzie To&hellip; <\/p>\n","protected":false},"author":1,"featured_media":0,"parent":0,"menu_order":0,"comment_status":"closed","ping_status":"closed","template":"","meta":{"footnotes":""},"class_list":["post-2026","page","type-page","status-publish","hentry"],"_links":{"self":[{"href":"https:\/\/hubertpietka.bialystok.pl\/index.php?rest_route=\/wp\/v2\/pages\/2026","targetHints":{"allow":["GET"]}}],"collection":[{"href":"https:\/\/hubertpietka.bialystok.pl\/index.php?rest_route=\/wp\/v2\/pages"}],"about":[{"href":"https:\/\/hubertpietka.bialystok.pl\/index.php?rest_route=\/wp\/v2\/types\/page"}],"author":[{"embeddable":true,"href":"https:\/\/hubertpietka.bialystok.pl\/index.php?rest_route=\/wp\/v2\/users\/1"}],"replies":[{"embeddable":true,"href":"https:\/\/hubertpietka.bialystok.pl\/index.php?rest_route=%2Fwp%2Fv2%2Fcomments&post=2026"}],"version-history":[{"count":7,"href":"https:\/\/hubertpietka.bialystok.pl\/index.php?rest_route=\/wp\/v2\/pages\/2026\/revisions"}],"predecessor-version":[{"id":2033,"href":"https:\/\/hubertpietka.bialystok.pl\/index.php?rest_route=\/wp\/v2\/pages\/2026\/revisions\/2033"}],"wp:attachment":[{"href":"https:\/\/hubertpietka.bialystok.pl\/index.php?rest_route=%2Fwp%2Fv2%2Fmedia&parent=2026"}],"curies":[{"name":"wp","href":"https:\/\/api.w.org\/{rel}","templated":true}]}}