{"id":2035,"date":"2018-11-18T19:44:36","date_gmt":"2018-11-18T19:44:36","guid":{"rendered":"http:\/\/hubertpietka.bialystok.pl\/?page_id=2035"},"modified":"2018-11-18T20:01:44","modified_gmt":"2018-11-18T20:01:44","slug":"blogoslawienstwa-maryjne-mapy-mentalne","status":"publish","type":"page","link":"https:\/\/hubertpietka.bialystok.pl\/?page_id=2035","title":{"rendered":"B\u0142ogos\u0142awie\u0144stwa Maryjne w Panu \/ mapy mentalne"},"content":{"rendered":"<p><strong><em>B\u0142ogos\u0142awie\u0144stwa Maryjne w Panu \/ mapy mentalne<\/em><\/strong><\/p>\n<p>Przez Twoje \u015bwi\u0119te Panie\u0144stwo i Niepokalane Pocz\u0119cie o, Naj\u015bwi\u0119tsza Maryjo Panno, oczy\u015b\u0107<br \/>\nNas<br \/>\nNaszych bliskich i dalszych<br \/>\nKt\u00f3rych spotykamy na jawie i we \u015bnie, jakkolwiek i gdziekolwiek<br \/>\nWszystko i Wszystkich, ca\u0142y \u015bwiat, Wszystkich Ludzi, cale uniwersum<\/p>\n<p>.<strong>+++++<\/strong><br \/>\n..<strong>++++<\/strong><br \/>\n&#8230;<strong>+++<\/strong><br \/>\n&#8230;.<strong>++<\/strong><\/p>\n<p>Przez Twoje \u015bwi\u0119te Panie\u0144stwo i Niepokalane Pocz\u0119cie o, Naj\u015bwi\u0119tsza Maryjo Panno, oczy\u015b\u0107<br \/>\nWszystkich Polak\u00f3w w kraju i za granic\u0105, rz\u0105dz\u0105cych Polsk\u0105 i \u015bwiatem, Polsk\u0119 Ojczyzn\u0119 nasz\u0105<br \/>\nKo\u015bci\u00f3\u0142 \u015awi\u0119ty z Ojcem \u015aw. Franciszkiem<br \/>\nTo, co jest, by\u0142o i b\u0119dzie, i co jeszcze nadejdzie<\/p>\n<p>..<strong>+\u2192+\u2193<\/strong><br \/>\n..<strong>\u2191+\u2190+<\/strong><br \/>\n&#8230;<strong>X\u2194X<\/strong><br \/>\n.<strong>\u2190~!\u2191?\u2192<\/strong><\/p>\n<p>Bron nas i strze\u017c przed wszelkim z\u0142em, o Panie!<\/p>\n<p>&#8230;&#8230;&#8230;<strong>+++<\/strong><br \/>\n&#8230;&#8230;&#8230;.<strong>++<\/strong><br \/>\n&#8230;&#8230;&#8230;..<strong>+<\/strong><br \/>\n&#8230;..<strong>+ \u00a0\u00a0\u00a0\u00a0\u00a0\u00a0\u00a0 +<\/strong><br \/>\n..<strong>++ \u00a0\u00a0\u00a0\u00a0\u00a0\u00a0\u00a0\u00a0\u00a0 ++<\/strong><br \/>\n&#8230;<strong>+++ \u00a0\u00a0\u00a0 +++<\/strong><br \/>\n&#8230;&#8230;&#8230;.<strong>++<\/strong><br \/>\n&#8230;&#8230;&#8230;<strong>+++<\/strong><\/p>\n<p>Amen!<\/p>\n<p><em>Na zdj. Wieczorne niebo na \u017bytniej wczoraj \/<\/em><br \/>\n<em> Na b\u0142ogos\u0142awienie w duchu zawsze jest dobra pora \/<\/em><br \/>\n<em> Pozdrawiam serdecznie Was \/<\/em><br \/>\n<em> Niech dobry to b\u0119dzie dla nas czas.<\/em><\/p>\n<p><img loading=\"lazy\" decoding=\"async\" class=\"JZUAbb\" src=\"https:\/\/lh3.googleusercontent.com\/-TkMVKsW9LTI\/W_G7cK7veHI\/AAAAAAAAIiI\/l_gtoRyA3BkHQeNWdey8iSMemwGobdKZQCJoC\/w530-h398-n\/IMG_20181117_154100.jpg\" alt=\"Zdj\u0119cie\" width=\"530\" height=\"398\" \/><\/p>\n<p style=\"text-align: center;\"><a href=\"https:\/\/www.youtube.com\/watch?v=yk0X4USMbds\"><em><strong>Maryja \u015bliczna Pani<\/strong><\/em><\/a><\/p>\n","protected":false},"excerpt":{"rendered":"<p>B\u0142ogos\u0142awie\u0144stwa Maryjne w Panu \/ mapy mentalne Przez Twoje \u015bwi\u0119te Panie\u0144stwo i Niepokalane Pocz\u0119cie o, Naj\u015bwi\u0119tsza Maryjo Panno, oczy\u015b\u0107 Nas Naszych bliskich i dalszych Kt\u00f3rych&hellip; <\/p>\n","protected":false},"author":1,"featured_media":0,"parent":0,"menu_order":0,"comment_status":"closed","ping_status":"closed","template":"","meta":{"footnotes":""},"class_list":["post-2035","page","type-page","status-publish","hentry"],"_links":{"self":[{"href":"https:\/\/hubertpietka.bialystok.pl\/index.php?rest_route=\/wp\/v2\/pages\/2035","targetHints":{"allow":["GET"]}}],"collection":[{"href":"https:\/\/hubertpietka.bialystok.pl\/index.php?rest_route=\/wp\/v2\/pages"}],"about":[{"href":"https:\/\/hubertpietka.bialystok.pl\/index.php?rest_route=\/wp\/v2\/types\/page"}],"author":[{"embeddable":true,"href":"https:\/\/hubertpietka.bialystok.pl\/index.php?rest_route=\/wp\/v2\/users\/1"}],"replies":[{"embeddable":true,"href":"https:\/\/hubertpietka.bialystok.pl\/index.php?rest_route=%2Fwp%2Fv2%2Fcomments&post=2035"}],"version-history":[{"count":11,"href":"https:\/\/hubertpietka.bialystok.pl\/index.php?rest_route=\/wp\/v2\/pages\/2035\/revisions"}],"predecessor-version":[{"id":2047,"href":"https:\/\/hubertpietka.bialystok.pl\/index.php?rest_route=\/wp\/v2\/pages\/2035\/revisions\/2047"}],"wp:attachment":[{"href":"https:\/\/hubertpietka.bialystok.pl\/index.php?rest_route=%2Fwp%2Fv2%2Fmedia&parent=2035"}],"curies":[{"name":"wp","href":"https:\/\/api.w.org\/{rel}","templated":true}]}}