{"id":2055,"date":"2018-11-23T22:17:04","date_gmt":"2018-11-23T22:17:04","guid":{"rendered":"http:\/\/hubertpietka.bialystok.pl\/?page_id=2055"},"modified":"2018-11-26T12:30:21","modified_gmt":"2018-11-26T12:30:21","slug":"mis-mistrz-i-miss-dramat-postaci","status":"publish","type":"page","link":"https:\/\/hubertpietka.bialystok.pl\/?page_id=2055","title":{"rendered":"Mi\u015b, Mistrz i miss \/ dramat postaci"},"content":{"rendered":"<p><strong><em>Mi\u015b, Mistrz i miss \/ dramat postaci<\/em><\/strong><\/p>\n<p><em>(Wprowadzenie)<\/em><br \/>\nMis-ter mi\u015b ten<br \/>\nI Mistrz \/<br \/>\nA mis-terny plan<br \/>\nKo-mis-ariatu miss<\/p>\n<p><em>(Rozwiniecie akcji)<br \/>\n<\/em>Miss mi-s(i\u0119) przygl\u0105da<br \/>\nMi\u015b Mistrzowi powie<br \/>\nKo-mis-aryczny ko-mis wok\u00f3\u0142 miss<br \/>\nMiss<strong>,<\/strong> k.<\/p>\n<p><em>(Katharsis i zako\u0144czenie)<\/em><br \/>\nK.-mis pieprz<strong>,<\/strong> owy mi\u015b<br \/>\nOna miss<br \/>\nMis(trzu utrz)-yj nosa miss<br \/>\nMi\u015b a u-mis-gi miss<\/p>\n<p><em>Ps. Jak s\u0142om\u0105 s\u0142owem si\u0119 bawi\u0119<\/em><br \/>\n<em> Wyginam je w lewo i w prawo<\/em><br \/>\n<em> Lecz i w takiej koncepcji<\/em><br \/>\n<em> Jaki\u015b sens si\u0119 zmie\u015bci<\/em><\/p>\n<p><strong>Na zdj. Dzi\u015b Dzie\u0144 Pluszowego Misia by\u0142 \/<\/strong><br \/>\n<strong> A oto Dumka nasz pluszak kochany \ud83d\ude42<\/strong><br \/>\n<strong> Ka\u017cdy jakiego\u015b misia ma \/<\/strong><br \/>\n<strong> Lub te\u017c jest nim sam \ud83d\ude42<\/strong><\/p>\n<p><img loading=\"lazy\" decoding=\"async\" class=\"JZUAbb\" src=\"https:\/\/lh3.googleusercontent.com\/--6RJ4vPoYho\/W_h4dDPht5I\/AAAAAAAAIm8\/j9PBTKNhz6E-kpSLJw1-EkmQpsYkRafFACJoC\/w530-h707-n\/IMG_20181123_084623.jpg\" alt=\"Zdj\u0119cie\" width=\"530\" height=\"707\" \/><\/p>\n<h1 class=\"title style-scope ytd-video-primary-info-renderer\" style=\"text-align: center;\"><a href=\"https:\/\/www.youtube.com\/watch?v=9cJBEM-95fY\"><em>Mi\u015b Uszatek \u015bpiewa Wam<\/em><\/a><\/h1>\n<h1 class=\"title style-scope ytd-video-primary-info-renderer\" style=\"text-align: center;\"><a href=\"https:\/\/www.youtube.com\/watch?v=QcDD-B1wkRc\"><em>Mi\u015b Colargol<\/em><\/a><\/h1>\n<h1 class=\"title style-scope ytd-video-primary-info-renderer\" style=\"text-align: center;\"><a href=\"https:\/\/www.youtube.com\/watch?v=vqOf_W9wV6w\"><em>Stary nied\u017awied\u017a mocno \u015bpi<\/em><\/a><\/h1>\n<p style=\"text-align: center;\">\ud83d\ude42<\/p>\n<p style=\"text-align: center;\"><strong>+<\/strong><\/p>\n<p><strong><em>Przecinki dwa \/ a prostowanie pewnych spraw<\/em><\/strong><\/p>\n<p>Czy przecinki dwa co\u015b zmieniaj\u0105<br \/>\nCzy wystarczy gdzie indziej akcenty postawi\u0107<br \/>\nKiedy nie takie mia\u0142o si\u0119 intencje<br \/>\nA wysz\u0142o niestety co wysz\u0142o<\/p>\n<p>Na zdj. Plac dla dzieci zabaw \/<br \/>\nNa bia\u0142ostockich Plantach \/<br \/>\nPomi\u0119dzy dwoma kr\u00f3lami \/<br \/>\nGrzybek jak przecinek.<\/p>\n<p><em>Ad. Mis Mistrz i miss \/<\/em><br \/>\n<em> Intencji nie mia\u0142em z\u0142ych \/<\/em><br \/>\n<em> Tylko si\u0119 troch\u0119 zbuntowa\u0142em \/<\/em><br \/>\n<em> Wobec ob\u0142udy z\u0142a za\u015bpiewa\u0142em.<\/em><\/p>\n<p><img loading=\"lazy\" decoding=\"async\" class=\"JZUAbb\" src=\"https:\/\/lh3.googleusercontent.com\/-haD22tdvdK0\/W_sXxA34u_I\/AAAAAAAAIsE\/3lGL1mguZ2gDISOhYKSshr-2LEobnAfigCJoC\/w530-h398-n\/IMG_20181125_131319.jpg\" alt=\"Zdj\u0119cie\" width=\"530\" height=\"398\" \/><\/p>\n<h1 class=\"title style-scope ytd-video-primary-info-renderer\" style=\"text-align: center;\"><a href=\"https:\/\/www.youtube.com\/watch?v=KXIjCUd8_VM\"><em>Przecinek &#8211; Jest Dobrze<\/em><\/a><\/h1>\n","protected":false},"excerpt":{"rendered":"<p>Mi\u015b, Mistrz i miss \/ dramat postaci (Wprowadzenie) Mis-ter mi\u015b ten I Mistrz \/ A mis-terny plan Ko-mis-ariatu miss (Rozwiniecie akcji) Miss mi-s(i\u0119) przygl\u0105da Mi\u015b&hellip; <\/p>\n","protected":false},"author":1,"featured_media":0,"parent":0,"menu_order":0,"comment_status":"closed","ping_status":"closed","template":"","meta":{"footnotes":""},"class_list":["post-2055","page","type-page","status-publish","hentry"],"_links":{"self":[{"href":"https:\/\/hubertpietka.bialystok.pl\/index.php?rest_route=\/wp\/v2\/pages\/2055","targetHints":{"allow":["GET"]}}],"collection":[{"href":"https:\/\/hubertpietka.bialystok.pl\/index.php?rest_route=\/wp\/v2\/pages"}],"about":[{"href":"https:\/\/hubertpietka.bialystok.pl\/index.php?rest_route=\/wp\/v2\/types\/page"}],"author":[{"embeddable":true,"href":"https:\/\/hubertpietka.bialystok.pl\/index.php?rest_route=\/wp\/v2\/users\/1"}],"replies":[{"embeddable":true,"href":"https:\/\/hubertpietka.bialystok.pl\/index.php?rest_route=%2Fwp%2Fv2%2Fcomments&post=2055"}],"version-history":[{"count":8,"href":"https:\/\/hubertpietka.bialystok.pl\/index.php?rest_route=\/wp\/v2\/pages\/2055\/revisions"}],"predecessor-version":[{"id":2083,"href":"https:\/\/hubertpietka.bialystok.pl\/index.php?rest_route=\/wp\/v2\/pages\/2055\/revisions\/2083"}],"wp:attachment":[{"href":"https:\/\/hubertpietka.bialystok.pl\/index.php?rest_route=%2Fwp%2Fv2%2Fmedia&parent=2055"}],"curies":[{"name":"wp","href":"https:\/\/api.w.org\/{rel}","templated":true}]}}