{"id":2063,"date":"2018-11-26T11:24:47","date_gmt":"2018-11-26T11:24:47","guid":{"rendered":"http:\/\/hubertpietka.bialystok.pl\/?page_id=2063"},"modified":"2018-11-26T11:31:56","modified_gmt":"2018-11-26T11:31:56","slug":"ocean-bozego-milosierdzia","status":"publish","type":"page","link":"https:\/\/hubertpietka.bialystok.pl\/?page_id=2063","title":{"rendered":"Ocean Bo\u017cego Mi\u0142osierdzia"},"content":{"rendered":"<p><strong><em>Ocean Bo\u017cego Mi\u0142osierdzia<\/em><\/strong><\/p>\n<p>Wszystko zanurzone zostanie<br \/>\nW \u0142asce Twojej Panie<\/p>\n<p>Nasze s\u0142abo\u015bci grzechy<br \/>\nZmierzone niech b\u0119d\u0105<br \/>\nNie miara sprawiedliwo\u015bci Twojej<br \/>\nLecz Bo\u017cym Mi\u0142osierdziem<\/p>\n<p>S\u0142abi jeste\u015bmy ludzie<br \/>\nCzasem prowokujemy Ciebie<br \/>\nCzasem prowokujemy na wzajem siebie<br \/>\nBy okaza\u0107 konkret Twej Mi\u0142o\u015bci g\u0142\u0119bi<\/p>\n<p>Czasem chcemy<br \/>\nObna\u017cy\u0107 z\u0142a ob\u0142ud\u0119<br \/>\nI pos\u0142ugujemy si\u0119 \u015brodkami<br \/>\nNie w pe\u0142ni etycznymi<\/p>\n<p>Ale ufamy Panie<br \/>\n\u017be nasze dzia\u0142ania<br \/>\nNie przys\u0142oni\u0105 Ciebie<br \/>\nLecz paradoksalnie dopomog\u0105<br \/>\nObjawia\u0107 g\u0142\u0119bi\u0119 \u0142aski Twojej<\/p>\n<p>Bez Twego Mi\u0142osierdzia<br \/>\nNas nie ma<br \/>\nNie mo\u017cemy trwa\u0107 ani chwili<br \/>\nBez \u0142aski Twojej<br \/>\nBez Mi\u0142osiernej Mi\u0142o\u015bci Bo\u017cej<\/p>\n<p>Panie ufamy<br \/>\nNiech wszystko<br \/>\nG\u0142osi wierno\u015bci Twej cuda<br \/>\nI objawia g\u0142\u0119bie Mi\u0142o\u015bci Twej do nas<br \/>\nMi\u0142osiernej Mi\u0142o\u015bci nigdy niesko\u0144czonej<\/p>\n<p><em>Na zdj. W sanktuarium w Studzienicznej obrazek ten \/<\/em><br \/>\n<em> Trzeba ufa\u0107 \u0142asce Bo\u017cej \/<\/em><br \/>\n<em> I wyp\u0142yn\u0105\u0107 na g\u0142\u0119bi\u0119 \/<\/em><br \/>\n<em> Oceanu Mi\u0142o\u015bci Mi\u0142osiernej.<\/em><\/p>\n<p><strong>*W tle na jeziorze \u0142ab\u0105dki dwa \/<\/strong><br \/>\n<strong> Do Boga idzie si\u0119 we wsp\u00f3lnocie ducha \/<\/strong><br \/>\n<strong> I w ufno\u015bci wobec Jego wierno\u015bci \/<\/strong><br \/>\n<strong> Mimo wielu naszych s\u0142abo\u015bci.<\/strong><\/p>\n<p><img loading=\"lazy\" decoding=\"async\" class=\"JZUAbb\" src=\"https:\/\/lh3.googleusercontent.com\/-aMAQbES6hEo\/W_pyr1gylaI\/AAAAAAAAIoM\/fzcfKtWP5IQwHeTwWAQiebHAniwdfjm1wCJoC\/w530-h398-n\/IMG_20181124_135846.jpg\" alt=\"Zdj\u0119cie\" width=\"530\" height=\"398\" \/><\/p>\n<h1 class=\"title style-scope ytd-video-primary-info-renderer\" style=\"text-align: center;\"><a href=\"https:\/\/www.youtube.com\/watch?v=vo5yTOZPC0o\"><em>Oceany &#8211; exodus 15<\/em><\/a><\/h1>\n","protected":false},"excerpt":{"rendered":"<p>Ocean Bo\u017cego Mi\u0142osierdzia Wszystko zanurzone zostanie W \u0142asce Twojej Panie Nasze s\u0142abo\u015bci grzechy Zmierzone niech b\u0119d\u0105 Nie miara sprawiedliwo\u015bci Twojej Lecz Bo\u017cym Mi\u0142osierdziem S\u0142abi jeste\u015bmy&hellip; <\/p>\n","protected":false},"author":1,"featured_media":0,"parent":0,"menu_order":0,"comment_status":"closed","ping_status":"closed","template":"","meta":{"footnotes":""},"class_list":["post-2063","page","type-page","status-publish","hentry"],"_links":{"self":[{"href":"https:\/\/hubertpietka.bialystok.pl\/index.php?rest_route=\/wp\/v2\/pages\/2063","targetHints":{"allow":["GET"]}}],"collection":[{"href":"https:\/\/hubertpietka.bialystok.pl\/index.php?rest_route=\/wp\/v2\/pages"}],"about":[{"href":"https:\/\/hubertpietka.bialystok.pl\/index.php?rest_route=\/wp\/v2\/types\/page"}],"author":[{"embeddable":true,"href":"https:\/\/hubertpietka.bialystok.pl\/index.php?rest_route=\/wp\/v2\/users\/1"}],"replies":[{"embeddable":true,"href":"https:\/\/hubertpietka.bialystok.pl\/index.php?rest_route=%2Fwp%2Fv2%2Fcomments&post=2063"}],"version-history":[{"count":6,"href":"https:\/\/hubertpietka.bialystok.pl\/index.php?rest_route=\/wp\/v2\/pages\/2063\/revisions"}],"predecessor-version":[{"id":2069,"href":"https:\/\/hubertpietka.bialystok.pl\/index.php?rest_route=\/wp\/v2\/pages\/2063\/revisions\/2069"}],"wp:attachment":[{"href":"https:\/\/hubertpietka.bialystok.pl\/index.php?rest_route=%2Fwp%2Fv2%2Fmedia&parent=2063"}],"curies":[{"name":"wp","href":"https:\/\/api.w.org\/{rel}","templated":true}]}}