{"id":2085,"date":"2018-11-28T11:53:06","date_gmt":"2018-11-28T11:53:06","guid":{"rendered":"http:\/\/hubertpietka.bialystok.pl\/?page_id=2085"},"modified":"2018-11-28T12:16:00","modified_gmt":"2018-11-28T12:16:00","slug":"jestesmy-piekni-pieknem-bozej-milosci","status":"publish","type":"page","link":"https:\/\/hubertpietka.bialystok.pl\/?page_id=2085","title":{"rendered":"Jeste\u015bmy pi\u0119kni \/ pi\u0119knem Bo\u017cej Mi\u0142o\u015bci"},"content":{"rendered":"<p><strong><em>Jeste\u015bmy pi\u0119kni \/ pi\u0119knem Bo\u017cej Mi\u0142o\u015bci<\/em><\/strong><\/p>\n<p>Jeste\u015bmy pi\u0119kni<br \/>\nNie wed\u0142ug siebie<br \/>\nI si\u0142 swoich<br \/>\nLecz wed\u0142ug pi\u0119kna Bo\u017cej Mi\u0142o\u015bci<\/p>\n<p>Jeste\u015bmy pi\u0119kni<br \/>\nGdy w sobie odtwarzamy<br \/>\nObraz i podobie\u0144stwo Bo\u017ce<br \/>\nWed\u0142ug mocy \u0142aski<\/p>\n<p>Jeste\u015bmy pi\u0119kni<br \/>\nGdy \u017cyje w nas Chrystus<br \/>\nGdy o Nim \u015bwiadczymy<br \/>\nSw\u0105 wiar\u0105 i \u017cyciem<\/p>\n<p>Jeste\u015bmy pi\u0119kni<br \/>\nBo\u017c\u0105 Mi\u0142o\u015bci\u0105<br \/>\nNie wedle tylko<br \/>\nLudzkich upodoba\u0144<\/p>\n<p>Jeste\u015bmy pi\u0119kni<br \/>\nGdy w Mi\u0142osierdziu Bo\u017cym<br \/>\nSi\u0119 zanurzamy<br \/>\nSiebie wszystko i wszystkich<br \/>\nI swoje rany<\/p>\n<p>Jeste\u015bmy pi\u0119kni<br \/>\nMi\u0142o\u015bci\u0105 Najpi\u0119kniejsz\u0105<br \/>\nTej Bo\u017cej \u0142aski<br \/>\nKt\u00f3ra nas czyni<br \/>\nDzie\u0107mi Bo\u017cymi<\/p>\n<p>I kt\u00f3ra nas kszta\u0142tuje<br \/>\nTak jak jej najpi\u0119kniejszy wyraz<br \/>\nMaryj\u0119<\/p>\n<p><em>Na zdj. Nocne niebo nad Czysta \/<\/em><br \/>\n<em> I prze\u015bwity b\u0142\u0119kitne \/<\/em><br \/>\n<em> Bo\u017ca Mi\u0142o\u015b\u0107 nas roz\u015bwietla \/<\/em><br \/>\n<em> I wszystkie ciemne w nas miejsca.<\/em><\/p>\n<p><img loading=\"lazy\" decoding=\"async\" class=\"JZUAbb\" src=\"https:\/\/lh3.googleusercontent.com\/-KR4ppaA2e88\/W_2QePpHVbI\/AAAAAAAAIuE\/vT3mENXrx8wQIgx_rL_tGTRpYBs9AWo6wCJoC\/w530-h398-n\/IMG_20181127_161038.jpg\" alt=\"Zdj\u0119cie\" width=\"530\" height=\"398\" \/><\/p>\n<h1 class=\"title style-scope ytd-video-primary-info-renderer\" style=\"text-align: center;\"><a href=\"https:\/\/www.youtube.com\/watch?v=3wXucSMUgyM\"><em>Ka\u017cdy spragniony<\/em><\/a><\/h1>\n","protected":false},"excerpt":{"rendered":"<p>Jeste\u015bmy pi\u0119kni \/ pi\u0119knem Bo\u017cej Mi\u0142o\u015bci Jeste\u015bmy pi\u0119kni Nie wed\u0142ug siebie I si\u0142 swoich Lecz wed\u0142ug pi\u0119kna Bo\u017cej Mi\u0142o\u015bci Jeste\u015bmy pi\u0119kni Gdy w sobie odtwarzamy&hellip; <\/p>\n","protected":false},"author":1,"featured_media":0,"parent":0,"menu_order":0,"comment_status":"closed","ping_status":"closed","template":"","meta":{"footnotes":""},"class_list":["post-2085","page","type-page","status-publish","hentry"],"_links":{"self":[{"href":"https:\/\/hubertpietka.bialystok.pl\/index.php?rest_route=\/wp\/v2\/pages\/2085","targetHints":{"allow":["GET"]}}],"collection":[{"href":"https:\/\/hubertpietka.bialystok.pl\/index.php?rest_route=\/wp\/v2\/pages"}],"about":[{"href":"https:\/\/hubertpietka.bialystok.pl\/index.php?rest_route=\/wp\/v2\/types\/page"}],"author":[{"embeddable":true,"href":"https:\/\/hubertpietka.bialystok.pl\/index.php?rest_route=\/wp\/v2\/users\/1"}],"replies":[{"embeddable":true,"href":"https:\/\/hubertpietka.bialystok.pl\/index.php?rest_route=%2Fwp%2Fv2%2Fcomments&post=2085"}],"version-history":[{"count":5,"href":"https:\/\/hubertpietka.bialystok.pl\/index.php?rest_route=\/wp\/v2\/pages\/2085\/revisions"}],"predecessor-version":[{"id":2090,"href":"https:\/\/hubertpietka.bialystok.pl\/index.php?rest_route=\/wp\/v2\/pages\/2085\/revisions\/2090"}],"wp:attachment":[{"href":"https:\/\/hubertpietka.bialystok.pl\/index.php?rest_route=%2Fwp%2Fv2%2Fmedia&parent=2085"}],"curies":[{"name":"wp","href":"https:\/\/api.w.org\/{rel}","templated":true}]}}