{"id":2092,"date":"2018-12-03T10:24:00","date_gmt":"2018-12-03T10:24:00","guid":{"rendered":"http:\/\/hubertpietka.bialystok.pl\/?page_id=2092"},"modified":"2018-12-03T10:31:34","modified_gmt":"2018-12-03T10:31:34","slug":"2092-2","status":"publish","type":"page","link":"https:\/\/hubertpietka.bialystok.pl\/?page_id=2092","title":{"rendered":"Listopadowe dni"},"content":{"rendered":"<p><strong><em>Listopadowe dni<\/em><\/strong><\/p>\n<p>Ostatnie ju\u017c dni listopada<br \/>\nMiesi\u0105c ten opada<br \/>\nOd refleksji o przemijaniu<br \/>\nPo hart ducha listopadowego powstania<\/p>\n<p>Z my\u015blami bij\u0119 si\u0119<br \/>\nR\u00f3\u017cne rzeczy my\u015bl\u0119 sobie<br \/>\nRozmawiam z sob\u0105<br \/>\nRozwa\u017cam sens listopada<\/p>\n<p>Krzy\u017cem Andrzejowym miesi\u0105c ten ko\u0144czy si\u0119<br \/>\nNa pewno przypadkowe to nie jest<br \/>\nBo przecie\u017c listopadowe powstanie<br \/>\nTo Polski ukrzy\u017cowanie<\/p>\n<p>Ale i zmartwychwstanie<br \/>\nPolska zawsze podnosi si\u0119<br \/>\nMoc\u0105 ducha hartuje powstania swe<br \/>\nZmienia ich sens<\/p>\n<p>Rozwa\u017cam to<br \/>\nGdy duch po \u015bwiat\u0142a stronie<br \/>\nZwyci\u0119stwo zawsze podnosi kl\u0119sk\u0119<br \/>\nPowstaje z niej ostatecznie<\/p>\n<p>Listopad<br \/>\nKrzy\u017cem opad\u0142<br \/>\nZmartwychwstanie<br \/>\nPodnosi swe powstanie<\/p>\n<p><em>Na zdj. Ko\u0144cz\u0105 si\u0119 dni listopadowe \/<\/em><br \/>\n<em> Lecz jeszcze \u015awi\u0119to Niepodleg\u0142o\u015bci w nas \u017cyje \/<\/em><br \/>\n<em> Ten napis o tym m\u00f3wi \/<\/em><br \/>\n<em> Polska w sercach i po stronie serca.<\/em><\/p>\n<p style=\"text-align: center;\"><strong>30 listopada 2018 r. pisano \u2013 we wspomnienie \u015bw. Andrzeja Aposto\u0142a<\/strong><\/p>\n<p><img loading=\"lazy\" decoding=\"async\" class=\"JZUAbb\" src=\"https:\/\/lh3.googleusercontent.com\/-UDwHxTBcbIw\/XAEfQsAzbOI\/AAAAAAAAIwY\/wVU6qwEnZ7Uv1LMifD52qRNJl7tHN0hkQCJoC\/w530-h398-n\/IMG_20181118_235048.jpg\" alt=\"Zdj\u0119cie\" width=\"530\" height=\"398\" \/><\/p>\n<h1 class=\"title style-scope ytd-video-primary-info-renderer\" style=\"text-align: center;\"><a href=\"https:\/\/www.youtube.com\/watch?v=NVinpQV2-8k\"><strong><em>Psalm 126 &#8211;\u00a0 niemaGOtu<\/em><\/strong><\/a><\/h1>\n","protected":false},"excerpt":{"rendered":"<p>Listopadowe dni Ostatnie ju\u017c dni listopada Miesi\u0105c ten opada Od refleksji o przemijaniu Po hart ducha listopadowego powstania Z my\u015blami bij\u0119 si\u0119 R\u00f3\u017cne rzeczy my\u015bl\u0119&hellip; <\/p>\n","protected":false},"author":1,"featured_media":0,"parent":0,"menu_order":0,"comment_status":"closed","ping_status":"closed","template":"","meta":{"footnotes":""},"class_list":["post-2092","page","type-page","status-publish","hentry"],"_links":{"self":[{"href":"https:\/\/hubertpietka.bialystok.pl\/index.php?rest_route=\/wp\/v2\/pages\/2092","targetHints":{"allow":["GET"]}}],"collection":[{"href":"https:\/\/hubertpietka.bialystok.pl\/index.php?rest_route=\/wp\/v2\/pages"}],"about":[{"href":"https:\/\/hubertpietka.bialystok.pl\/index.php?rest_route=\/wp\/v2\/types\/page"}],"author":[{"embeddable":true,"href":"https:\/\/hubertpietka.bialystok.pl\/index.php?rest_route=\/wp\/v2\/users\/1"}],"replies":[{"embeddable":true,"href":"https:\/\/hubertpietka.bialystok.pl\/index.php?rest_route=%2Fwp%2Fv2%2Fcomments&post=2092"}],"version-history":[{"count":6,"href":"https:\/\/hubertpietka.bialystok.pl\/index.php?rest_route=\/wp\/v2\/pages\/2092\/revisions"}],"predecessor-version":[{"id":2099,"href":"https:\/\/hubertpietka.bialystok.pl\/index.php?rest_route=\/wp\/v2\/pages\/2092\/revisions\/2099"}],"wp:attachment":[{"href":"https:\/\/hubertpietka.bialystok.pl\/index.php?rest_route=%2Fwp%2Fv2%2Fmedia&parent=2092"}],"curies":[{"name":"wp","href":"https:\/\/api.w.org\/{rel}","templated":true}]}}