{"id":2100,"date":"2018-12-03T10:56:23","date_gmt":"2018-12-03T10:56:23","guid":{"rendered":"http:\/\/hubertpietka.bialystok.pl\/?page_id=2100"},"modified":"2018-12-03T11:12:37","modified_gmt":"2018-12-03T11:12:37","slug":"marana-tha-kazdego-dnia","status":"publish","type":"page","link":"https:\/\/hubertpietka.bialystok.pl\/?page_id=2100","title":{"rendered":"Marana Tha \/ ka\u017cdego dnia"},"content":{"rendered":"<p><strong><em>Marana Tha \/ ka\u017cdego dnia<\/em><\/strong><br \/>\n&nbsp;<\/p>\n<p><em><strong>I<\/strong> Wo\u0142anie z naszej otch\u0142ani<br \/>\n<\/em><\/p>\n<p>Przyjd\u017a Panie<br \/>\nNa dno n\u0119dzy naszej<br \/>\nPrzyjd\u017a w b\u00f3l i cierpienie<br \/>\nPrzyjd\u017a w brak nadziei<\/p>\n<p>Przyjd\u017a jak chcesz<br \/>\nZape\u0142nij wszystkie puste miejsca<br \/>\nPrzyjd\u017a i przemieniaj<br \/>\nWod\u0119 s\u0142\u00f3w naszych<br \/>\nW wino serc<\/p>\n<p>Daj nam chleb cia\u0142a<br \/>\nProsty przezroczysty i zrozumia\u0142y<br \/>\nOtwarty na wo\u0142anie duszy<br \/>\n\u015awiat\u0142o w ciemno\u015bci<\/p>\n<p>Przyjd\u017a<\/p>\n<p>Ty przychodzisz zawsze<br \/>\nGdy przed Tob\u0105 wylewamy wn\u0119trza nasze<br \/>\nGdy w prawdzie Ci\u0119 szukamy<br \/>\nGdy tak bardzo Ci\u0119 potrzebujemy<\/p>\n<p>Dzi\u0119kujemy Ci \u017ce jeste\u015b<br \/>\n\u017be przychodzisz do nas ludzi<br \/>\nWystarczy tylko zawo\u0142a\u0107 Ci\u0119<br \/>\nI ju\u017c jeste\u015b<br \/>\nWiatrem s\u0142o\u0144cem deszczem<\/p>\n<p>&nbsp;<br \/>\n<em><strong>II <\/strong>Wo\u0142anie Pana ka\u017cdego dnia<\/em><\/p>\n<p>W modlitwie duszy prostej<br \/>\nW odruchu serca czystym<br \/>\nW Eucharystii S\u0142owie Bo\u017cym w sakramentach<br \/>\nJeste\u015b tak blisko<br \/>\nNa wyci\u0105gni\u0119cie r\u0119ki<\/p>\n<p>W dobrym s\u0142owie<br \/>\nW nadziei ufnej<br \/>\nW ka\u017cdym pozytywie<br \/>\nW bracie moim<br \/>\nTy jeste\u015b przychodzisz<\/p>\n<p>W zrozumieniu innych i siebie<br \/>\nW empatii czu\u0142ej i asertywnej odpowiedzi<br \/>\nW szerzeniu dobra pi\u0119kna prawdy i mi\u0142o\u015bci<br \/>\nNa ewangelicznych szlakach ludzkiej pobo\u017cno\u015bci<br \/>\nTy jeste\u015b na odleg\u0142o\u015b\u0107 serc<\/p>\n<p>Dzi\u0119kujemy Ci<br \/>\nZa te proste \u015brodki<br \/>\nCodziennej w Tobie wytrwa\u0142o\u015bci<br \/>\nNa kt\u00f3re Ty odpowiadasz<br \/>\nWed\u0142ug wiary dobrej i intencji czystej<\/p>\n<p><em>Na zdj. Mi\u0142osierdzia Bo\u017cego sanktuarium \/<\/em><br \/>\n<em> W aurze szaro\u015bci jesiennych \/<\/em><br \/>\n<em> Pan jest i chce by\u0107 z nami zawsze \/<\/em><br \/>\n<em> W chwilach trudnych i rado\u015bciach codziennych.<\/em><\/p>\n<p><strong>Przyjd\u017a, Jezu Panie<\/strong><br \/>\n<strong>Przychod\u017a, jak przychodzisz \u2013 codziennie<\/strong><br \/>\n<strong>I tak jak chcesz, tylko Ty z nami b\u0105d\u017a zawsze<\/strong><\/p>\n<p><img loading=\"lazy\" decoding=\"async\" class=\"JZUAbb\" src=\"https:\/\/lh3.googleusercontent.com\/-FB3mdkfunzI\/XAQwcmJhwZI\/AAAAAAAAI0Q\/b2PVDcZQ-PAZBz_a0fqpPZSPpjhS2BAegCJoC\/w530-h398-n\/IMG_20181202_105539.jpg\" alt=\"Zdj\u0119cie\" width=\"530\" height=\"398\" \/><\/p>\n<h1 class=\"title style-scope ytd-video-primary-info-renderer\" style=\"text-align: center;\"><a href=\"https:\/\/www.youtube.com\/watch?v=blzzxht-G-0\"><em>Przyb\u0105d\u017a, \u015awi\u0119ty &#8211; niemaGOtu<\/em><\/a><\/h1>\n","protected":false},"excerpt":{"rendered":"<p>Marana Tha \/ ka\u017cdego dnia &nbsp; I Wo\u0142anie z naszej otch\u0142ani Przyjd\u017a Panie Na dno n\u0119dzy naszej Przyjd\u017a w b\u00f3l i cierpienie Przyjd\u017a w brak&hellip; <\/p>\n","protected":false},"author":1,"featured_media":0,"parent":0,"menu_order":0,"comment_status":"closed","ping_status":"closed","template":"","meta":{"footnotes":""},"class_list":["post-2100","page","type-page","status-publish","hentry"],"_links":{"self":[{"href":"https:\/\/hubertpietka.bialystok.pl\/index.php?rest_route=\/wp\/v2\/pages\/2100","targetHints":{"allow":["GET"]}}],"collection":[{"href":"https:\/\/hubertpietka.bialystok.pl\/index.php?rest_route=\/wp\/v2\/pages"}],"about":[{"href":"https:\/\/hubertpietka.bialystok.pl\/index.php?rest_route=\/wp\/v2\/types\/page"}],"author":[{"embeddable":true,"href":"https:\/\/hubertpietka.bialystok.pl\/index.php?rest_route=\/wp\/v2\/users\/1"}],"replies":[{"embeddable":true,"href":"https:\/\/hubertpietka.bialystok.pl\/index.php?rest_route=%2Fwp%2Fv2%2Fcomments&post=2100"}],"version-history":[{"count":7,"href":"https:\/\/hubertpietka.bialystok.pl\/index.php?rest_route=\/wp\/v2\/pages\/2100\/revisions"}],"predecessor-version":[{"id":2108,"href":"https:\/\/hubertpietka.bialystok.pl\/index.php?rest_route=\/wp\/v2\/pages\/2100\/revisions\/2108"}],"wp:attachment":[{"href":"https:\/\/hubertpietka.bialystok.pl\/index.php?rest_route=%2Fwp%2Fv2%2Fmedia&parent=2100"}],"curies":[{"name":"wp","href":"https:\/\/api.w.org\/{rel}","templated":true}]}}