{"id":2109,"date":"2018-12-05T15:47:18","date_gmt":"2018-12-05T15:47:18","guid":{"rendered":"http:\/\/hubertpietka.bialystok.pl\/?page_id=2109"},"modified":"2018-12-05T15:58:06","modified_gmt":"2018-12-05T15:58:06","slug":"jak-akwen-boisko-pilkarskie","status":"publish","type":"page","link":"https:\/\/hubertpietka.bialystok.pl\/?page_id=2109","title":{"rendered":"Jak akwen \/ boisko pi\u0142karskie"},"content":{"rendered":"<p><strong><em>Jak akwen \/ boisko pi\u0142karskie<\/em><\/strong><\/p>\n<p>Jak ryba w wodzie<br \/>\nZ pi\u0142k\u0105 si\u0119 czu\u0107<br \/>\nZnasz t\u0105 barw\u0119 uczu\u0107<\/p>\n<p>Boisko jak akwarium<br \/>\n\u0141awice ryb poruszaj\u0105 si\u0119 po nim<br \/>\nPrzeplataj\u0105c si\u0119 w r\u00f3\u017cne strony<\/p>\n<p>A kiedy gola uda si\u0119 strzeli\u0107<br \/>\nSp\u0142awik z\u0142apa\u0142e\u015b<br \/>\nKt\u00f3ry ci\u0119 wyci\u0105ga nad powierzchni\u0119 akwarium<\/p>\n<p>Trzeba uwa\u017ca\u0107 na sieci<br \/>\nCzasem jaki\u015b b\u0142\u0105d si\u0119 pope\u0142ni<br \/>\nCzasem sytuacj\u0119 s\u0142owem zaogni<\/p>\n<p>A czasem jak okr\u0119ty morskie<br \/>\nStykaj\u0105 si\u0119 burtami przy aborda\u017cu<br \/>\nJakie\u015b kontuzje si\u0119 zdarz\u0105<\/p>\n<p>W akwarium ty i koledzy<br \/>\nJedno\u015b\u0107 cia\u0142 i my\u015bli<br \/>\nRuch oczyszczaj\u0105cy prze\u017cycia wszystkie<\/p>\n<p>Tyle akwari\u00f3w na \u015bwiecie<br \/>\nTyle rybek p\u0142ywaj\u0105cych pi\u0119knie<br \/>\nPociecha cia\u0142 i serc wielu-ryb bardzo<\/p>\n<p>Na zdj. Ligowy mecz z Ark\u0105 Jagielloni na w\u0142asnym stadionie \/<br \/>\nRewan\u017c na wyje\u017adzie w Pucharze Polski tak\u017ce wypad\u0142 dobrze \/<br \/>\nPi\u0142karskie wydarzenia p\u0142yn\u0105 z nurtem \u017cycia \/<br \/>\nPozdrawiam pi\u0142karzy i kibic\u00f3w, wszystkich kochaj\u0105cych pi\u0142k\u0119.<\/p>\n<p><img loading=\"lazy\" decoding=\"async\" class=\"JZUAbb\" src=\"https:\/\/lh3.googleusercontent.com\/-46m1AtiE8ng\/XAavrh8MHwI\/AAAAAAAAI2g\/JLaWRbd_grQF77cDel9_OcWqzcyVF5IvQCJoC\/w530-h398-n\/IMG_20181130_215104.jpg\" alt=\"Zdj\u0119cie\" width=\"530\" height=\"398\" \/><\/p>\n<h1 class=\"title style-scope ytd-video-primary-info-renderer\" style=\"text-align: center;\"><a href=\"https:\/\/www.youtube.com\/watch?v=t_AXYrf_fL0\"><em>T.Love &#8211; Ajrisz<\/em><\/a><\/h1>\n","protected":false},"excerpt":{"rendered":"<p>Jak akwen \/ boisko pi\u0142karskie Jak ryba w wodzie Z pi\u0142k\u0105 si\u0119 czu\u0107 Znasz t\u0105 barw\u0119 uczu\u0107 Boisko jak akwarium \u0141awice ryb poruszaj\u0105 si\u0119 po&hellip; <\/p>\n","protected":false},"author":1,"featured_media":0,"parent":0,"menu_order":0,"comment_status":"closed","ping_status":"closed","template":"","meta":{"footnotes":""},"class_list":["post-2109","page","type-page","status-publish","hentry"],"_links":{"self":[{"href":"https:\/\/hubertpietka.bialystok.pl\/index.php?rest_route=\/wp\/v2\/pages\/2109","targetHints":{"allow":["GET"]}}],"collection":[{"href":"https:\/\/hubertpietka.bialystok.pl\/index.php?rest_route=\/wp\/v2\/pages"}],"about":[{"href":"https:\/\/hubertpietka.bialystok.pl\/index.php?rest_route=\/wp\/v2\/types\/page"}],"author":[{"embeddable":true,"href":"https:\/\/hubertpietka.bialystok.pl\/index.php?rest_route=\/wp\/v2\/users\/1"}],"replies":[{"embeddable":true,"href":"https:\/\/hubertpietka.bialystok.pl\/index.php?rest_route=%2Fwp%2Fv2%2Fcomments&post=2109"}],"version-history":[{"count":5,"href":"https:\/\/hubertpietka.bialystok.pl\/index.php?rest_route=\/wp\/v2\/pages\/2109\/revisions"}],"predecessor-version":[{"id":2114,"href":"https:\/\/hubertpietka.bialystok.pl\/index.php?rest_route=\/wp\/v2\/pages\/2109\/revisions\/2114"}],"wp:attachment":[{"href":"https:\/\/hubertpietka.bialystok.pl\/index.php?rest_route=%2Fwp%2Fv2%2Fmedia&parent=2109"}],"curies":[{"name":"wp","href":"https:\/\/api.w.org\/{rel}","templated":true}]}}