{"id":2116,"date":"2018-12-05T16:08:58","date_gmt":"2018-12-05T16:08:58","guid":{"rendered":"http:\/\/hubertpietka.bialystok.pl\/?page_id=2116"},"modified":"2018-12-05T16:13:29","modified_gmt":"2018-12-05T16:13:29","slug":"warszawskiemu-powstancowi-zolnierzowi","status":"publish","type":"page","link":"https:\/\/hubertpietka.bialystok.pl\/?page_id=2116","title":{"rendered":"Warszawskiemu Powsta\u0144cowi \/ \u017bo\u0142nierzowi"},"content":{"rendered":"<p><strong><em>Warszawskiemu Powsta\u0144cowi \/ \u017bo\u0142nierzowi<\/em><\/strong><\/p>\n<p>Z nie\u015bmia\u0142o\u015bci\u0105 przed Tob\u0105 staj\u0119<br \/>\nI Twymi kolegami<br \/>\nBo za Polsk\u0119 \u017ce\u015bcie krew przelewali<\/p>\n<p>Z niepokojem patrz\u0119 na Was<br \/>\nJaki przekazany b\u0119dzie obraz<br \/>\nTych kt\u00f3rzy o wolno\u015b\u0107 nasz\u0105 walczyli<\/p>\n<p>Z pewnym dr\u017ceniem my\u015bl\u0119<br \/>\nJak ci\u0119\u017ckie by\u0142o Wasze \u017cycie<br \/>\nJakie brzemi\u0119 niesiecie<\/p>\n<p>Z trosk\u0105 rozwa\u017cam<br \/>\nJaka b\u0119dzie przysz\u0142o\u015b\u0107 Wasza<br \/>\nOstatnich lat bohaterskich kwiat\u00f3w<\/p>\n<p>Z wdzi\u0119czno\u015bci\u0105 do Was m\u00f3wi\u0119<br \/>\nZa dar wolnej Polski<br \/>\nWymodlonej Waszym trudem<\/p>\n<p>Z mi\u0142o\u015bci\u0105 przygl\u0105dam si\u0119 Waszym dobrym sercom<br \/>\nI r\u0119kom kt\u00f3re za bro\u0144 chwyci\u0142y<br \/>\nW walce szale\u0144czej<\/p>\n<p>Dzi\u0119kuj\u0119<br \/>\nZa \u017cycie Wasze<br \/>\nZa zn\u00f3j trud i b\u00f3j<br \/>\nWasz ka\u017cdy ruch<\/p>\n<p><em>Na zdj. Bia\u0142ostocki Pomnik \u017bo\u0142nierzy Armii Krajowej \/<\/em><br \/>\n<em> Trwa og\u00f3lnopolska akcja Bohater On \/<\/em><br \/>\n<em> Czyli napisz kilka s\u0142\u00f3w Warszawskiemu Powsta\u0144cowi \u017bo\u0142nierzowi \/<\/em><br \/>\n<em> St\u0105d ten wiersz w ramach zwyk\u0142ej elementarnej wdzi\u0119czno\u015bci serc.<\/em><\/p>\n<p><img loading=\"lazy\" decoding=\"async\" class=\"JZUAbb\" src=\"https:\/\/lh3.googleusercontent.com\/-HpvlPZHBmNY\/XAefZSyuyQI\/AAAAAAAAI3U\/lRHzfrHJ4MY-kN3rEUG3KNzx0H11x93-wCJoC\/w530-h707-n\/IMG_20181205_083106.jpg\" alt=\"Zdj\u0119cie\" width=\"530\" height=\"707\" \/><\/p>\n<h1 class=\"title style-scope ytd-video-primary-info-renderer\" style=\"text-align: center;\"><a href=\"https:\/\/www.youtube.com\/watch?v=bZr6lUAfSKw\"><strong><em>T.Love &#8211; Pani z do\u0142u<\/em><\/strong><\/a><\/h1>\n","protected":false},"excerpt":{"rendered":"<p>Warszawskiemu Powsta\u0144cowi \/ \u017bo\u0142nierzowi Z nie\u015bmia\u0142o\u015bci\u0105 przed Tob\u0105 staj\u0119 I Twymi kolegami Bo za Polsk\u0119 \u017ce\u015bcie krew przelewali Z niepokojem patrz\u0119 na Was Jaki przekazany&hellip; <\/p>\n","protected":false},"author":1,"featured_media":0,"parent":0,"menu_order":0,"comment_status":"closed","ping_status":"closed","template":"","meta":{"footnotes":""},"class_list":["post-2116","page","type-page","status-publish","hentry"],"_links":{"self":[{"href":"https:\/\/hubertpietka.bialystok.pl\/index.php?rest_route=\/wp\/v2\/pages\/2116","targetHints":{"allow":["GET"]}}],"collection":[{"href":"https:\/\/hubertpietka.bialystok.pl\/index.php?rest_route=\/wp\/v2\/pages"}],"about":[{"href":"https:\/\/hubertpietka.bialystok.pl\/index.php?rest_route=\/wp\/v2\/types\/page"}],"author":[{"embeddable":true,"href":"https:\/\/hubertpietka.bialystok.pl\/index.php?rest_route=\/wp\/v2\/users\/1"}],"replies":[{"embeddable":true,"href":"https:\/\/hubertpietka.bialystok.pl\/index.php?rest_route=%2Fwp%2Fv2%2Fcomments&post=2116"}],"version-history":[{"count":4,"href":"https:\/\/hubertpietka.bialystok.pl\/index.php?rest_route=\/wp\/v2\/pages\/2116\/revisions"}],"predecessor-version":[{"id":2120,"href":"https:\/\/hubertpietka.bialystok.pl\/index.php?rest_route=\/wp\/v2\/pages\/2116\/revisions\/2120"}],"wp:attachment":[{"href":"https:\/\/hubertpietka.bialystok.pl\/index.php?rest_route=%2Fwp%2Fv2%2Fmedia&parent=2116"}],"curies":[{"name":"wp","href":"https:\/\/api.w.org\/{rel}","templated":true}]}}