{"id":2122,"date":"2018-12-06T12:45:07","date_gmt":"2018-12-06T12:45:07","guid":{"rendered":"http:\/\/hubertpietka.bialystok.pl\/?page_id=2122"},"modified":"2018-12-06T12:48:01","modified_gmt":"2018-12-06T12:48:01","slug":"oredownik-piekny-sw-mikolaj-a-prezenty","status":"publish","type":"page","link":"https:\/\/hubertpietka.bialystok.pl\/?page_id=2122","title":{"rendered":"Or\u0119downik pi\u0119kny \/ \u015bw. Miko\u0142aj a prezenty"},"content":{"rendered":"<p><strong><em>Or\u0119downik pi\u0119kny \/ \u015bw. Miko\u0142aj a prezenty<br \/>\n<\/em><\/strong><br \/>\nJest jeden \u015bwi\u0119ty<br \/>\nKt\u00f3ry nie tylko daje prezenty<br \/>\nLecz wstawia si\u0119 za nami<br \/>\nW ka\u017cdych potrzebach naszych<\/p>\n<p>On w or\u0119downictwie swym ma nie tylko dzieci<br \/>\nLecz wszystkich ubogich i biednych<br \/>\nWychodzi na przeciw troskom wszelkim<br \/>\nCicho i dyskretnie<\/p>\n<p>Dzi\u0119kuj\u0119 Ci \u015bw. Miko\u0142aju<br \/>\nZa Twoj\u0105 obecno\u015b\u0107 w naszym \u017cyciu<br \/>\nDzi\u0119kuj\u0119 Ci za wychodzenie na przeciw<br \/>\nNaszym potrzebom i za rado\u015b\u0107 dzieci<\/p>\n<p>Dobrze \u017ce jeste\u015b<br \/>\nPrzez Mi\u0142osierdzie Bo\u017ce pi\u0119kne<br \/>\nKt\u00f3re szczeg\u00f3ln\u0105 opiek\u0105 darzy<br \/>\nMa\u0142ych biednych cichych<\/p>\n<p>Nasz Patronie<br \/>\nMi\u0142o\u015bci w czynie<br \/>\nWstawiaj si\u0119 za wszystkimi<br \/>\nDzie\u0107mi Bo\u017cymi<\/p>\n<p><em>Na zdj. \u015aw. Miko\u0142aj na koniu motorowym \/<\/em><br \/>\n<em> R\u00f3\u017cne oblicza ma ten nasz \u015bwi\u0119ty Patron \/<\/em><br \/>\n<em> \u017bycz\u0119 by w ten \u015bwi\u0105teczny czas da\u0142 Wam On co Wam trzeba \/<\/em><br \/>\n<em> Dobrych Miko\u0142ajek \u017cycz\u0119 a ja Ci \u015bw. Miko\u0142aju za wszystko dzi\u0119kuj\u0119.<\/em><\/p>\n<p><img loading=\"lazy\" decoding=\"async\" class=\"JZUAbb\" src=\"https:\/\/lh3.googleusercontent.com\/-Au8_1eKiMyM\/XAkOMvRP0XI\/AAAAAAAAI5k\/ttgsMA3pB2snp7QEq2o3sCES3GEsmEBZQCJoC\/w530-h397-n\/PART_1543654651496.jpeg\" alt=\"Zdj\u0119cie\" width=\"530\" height=\"397\" \/><\/p>\n<h1 class=\"title style-scope ytd-video-primary-info-renderer\" style=\"text-align: center;\"><a href=\"https:\/\/www.youtube.com\/watch?v=luJAnQf7_dQ\"><em>TGD feat. Cerekwicka, Mo\u015b, Badach, Szcze\u015bniak &#8211; Gloria<\/em><\/a><\/h1>\n","protected":false},"excerpt":{"rendered":"<p>Or\u0119downik pi\u0119kny \/ \u015bw. Miko\u0142aj a prezenty Jest jeden \u015bwi\u0119ty Kt\u00f3ry nie tylko daje prezenty Lecz wstawia si\u0119 za nami W ka\u017cdych potrzebach naszych On&hellip; <\/p>\n","protected":false},"author":1,"featured_media":0,"parent":0,"menu_order":0,"comment_status":"closed","ping_status":"closed","template":"","meta":{"footnotes":""},"class_list":["post-2122","page","type-page","status-publish","hentry"],"_links":{"self":[{"href":"https:\/\/hubertpietka.bialystok.pl\/index.php?rest_route=\/wp\/v2\/pages\/2122","targetHints":{"allow":["GET"]}}],"collection":[{"href":"https:\/\/hubertpietka.bialystok.pl\/index.php?rest_route=\/wp\/v2\/pages"}],"about":[{"href":"https:\/\/hubertpietka.bialystok.pl\/index.php?rest_route=\/wp\/v2\/types\/page"}],"author":[{"embeddable":true,"href":"https:\/\/hubertpietka.bialystok.pl\/index.php?rest_route=\/wp\/v2\/users\/1"}],"replies":[{"embeddable":true,"href":"https:\/\/hubertpietka.bialystok.pl\/index.php?rest_route=%2Fwp%2Fv2%2Fcomments&post=2122"}],"version-history":[{"count":3,"href":"https:\/\/hubertpietka.bialystok.pl\/index.php?rest_route=\/wp\/v2\/pages\/2122\/revisions"}],"predecessor-version":[{"id":2125,"href":"https:\/\/hubertpietka.bialystok.pl\/index.php?rest_route=\/wp\/v2\/pages\/2122\/revisions\/2125"}],"wp:attachment":[{"href":"https:\/\/hubertpietka.bialystok.pl\/index.php?rest_route=%2Fwp%2Fv2%2Fmedia&parent=2122"}],"curies":[{"name":"wp","href":"https:\/\/api.w.org\/{rel}","templated":true}]}}