{"id":2132,"date":"2018-12-11T12:45:53","date_gmt":"2018-12-11T12:45:53","guid":{"rendered":"http:\/\/hubertpietka.bialystok.pl\/?page_id=2132"},"modified":"2018-12-11T12:48:46","modified_gmt":"2018-12-11T12:48:46","slug":"rzeczywistosc-zewnetrzna-a-przestrzenie-duchowego-piekna","status":"publish","type":"page","link":"https:\/\/hubertpietka.bialystok.pl\/?page_id=2132","title":{"rendered":"Rzeczywisto\u015b\u0107 zewn\u0119trzna \/ a przestrzenie duchowego pi\u0119kna"},"content":{"rendered":"<p><strong><em>Rzeczywisto\u015b\u0107 zewn\u0119trzna \/ a przestrzenie duchowego pi\u0119kna<\/em><\/strong><\/p>\n<p>1. Namacalna tkanka zewn\u0119trznej rzeczywisto\u015bci<br \/>\nA pod ni\u0105 przep\u0142ywa nurt duchowych rado\u015bci<\/p>\n<p>Trzeba tylko otworzy\u0107 i oczy\u015bci\u0107 serce<br \/>\nBy dostrzec duchowe s\u0142odko\u015bci jasne<\/p>\n<p>To co zewn\u0119trzne<br \/>\nNie definiuje tego \u015bwiata<br \/>\nTym co go dope\u0142nia<br \/>\nJest ducha g\u0142\u0119bia<\/p>\n<p>2. Pozory zewn\u0119trzno\u015bci<br \/>\nNie okre\u015blaj\u0105 pi\u0119kna duchowo\u015bci<\/p>\n<p>Czasem co\u015b si\u0119 wydaje<br \/>\nA innym jest w prawdzie<\/p>\n<p>Dotyczy to zw\u0142aszcza relacji<br \/>\nLudzie patrz\u0105 na zewn\u0119trzno\u015bci p\u0142aszczyk<br \/>\nA tymczasem nurty ducha<br \/>\nOd wewn\u0105trz scalaj\u0105 inaczej<\/p>\n<p>To co si\u0119 wydaje<br \/>\nBrak temu wielu wymiar\u00f3w<br \/>\nTo duch pozwala by<br \/>\nW prawdzie \u017cy\u0107<\/p>\n<p><em>Na zdj. Dumka na mostku zakochanych przy teatrze W\u0119gierki na skwerku \/<\/em><br \/>\n<em> Pod mostem rzeczywisto\u015bci p\u0142ynie nurt duchowo\u015bci pi\u0119knej \/<\/em><br \/>\n<em> Wiedz\u0105 o tym zakochani \/<\/em><br \/>\n<em> Kt\u00f3rzy w prawdzie i czysto\u015bci serca buduj\u0105 swe relacje.<\/em><\/p>\n<p><strong>Pozdrawiam Ci\u0119 &#8211; moj\u0105 \u017bon\u0119<\/strong><br \/>\n<strong>Dzi\u0119kuj\u0119 Ci za nasza wsp\u00f3ln\u0105 ducha zon\u0119<\/strong><br \/>\n<strong>Dzi\u0119kuj\u0119 Bogu za to \u017ce nas tak pi\u0119knie \u0142\u0105czy we wsp\u00f3lnej naszej drodze<\/strong><\/p>\n<p><img loading=\"lazy\" decoding=\"async\" class=\"JZUAbb\" src=\"https:\/\/lh3.googleusercontent.com\/-cMf8dhSYHEI\/XA5xO-jwFfI\/AAAAAAAAJCo\/AHDXCgT1pt8K394x2053yy5nhNaueBgBgCJoC\/w530-h707-n\/IMG_20181205_083839.jpg\" alt=\"Zdj\u0119cie\" width=\"530\" height=\"707\" \/><\/p>\n<p>&nbsp;<\/p>\n","protected":false},"excerpt":{"rendered":"<p>Rzeczywisto\u015b\u0107 zewn\u0119trzna \/ a przestrzenie duchowego pi\u0119kna 1. Namacalna tkanka zewn\u0119trznej rzeczywisto\u015bci A pod ni\u0105 przep\u0142ywa nurt duchowych rado\u015bci Trzeba tylko otworzy\u0107 i oczy\u015bci\u0107 serce&hellip; <\/p>\n","protected":false},"author":1,"featured_media":0,"parent":0,"menu_order":0,"comment_status":"closed","ping_status":"closed","template":"","meta":{"footnotes":""},"class_list":["post-2132","page","type-page","status-publish","hentry"],"_links":{"self":[{"href":"https:\/\/hubertpietka.bialystok.pl\/index.php?rest_route=\/wp\/v2\/pages\/2132","targetHints":{"allow":["GET"]}}],"collection":[{"href":"https:\/\/hubertpietka.bialystok.pl\/index.php?rest_route=\/wp\/v2\/pages"}],"about":[{"href":"https:\/\/hubertpietka.bialystok.pl\/index.php?rest_route=\/wp\/v2\/types\/page"}],"author":[{"embeddable":true,"href":"https:\/\/hubertpietka.bialystok.pl\/index.php?rest_route=\/wp\/v2\/users\/1"}],"replies":[{"embeddable":true,"href":"https:\/\/hubertpietka.bialystok.pl\/index.php?rest_route=%2Fwp%2Fv2%2Fcomments&post=2132"}],"version-history":[{"count":3,"href":"https:\/\/hubertpietka.bialystok.pl\/index.php?rest_route=\/wp\/v2\/pages\/2132\/revisions"}],"predecessor-version":[{"id":2135,"href":"https:\/\/hubertpietka.bialystok.pl\/index.php?rest_route=\/wp\/v2\/pages\/2132\/revisions\/2135"}],"wp:attachment":[{"href":"https:\/\/hubertpietka.bialystok.pl\/index.php?rest_route=%2Fwp%2Fv2%2Fmedia&parent=2132"}],"curies":[{"name":"wp","href":"https:\/\/api.w.org\/{rel}","templated":true}]}}