{"id":2147,"date":"2018-12-13T13:36:55","date_gmt":"2018-12-13T13:36:55","guid":{"rendered":"http:\/\/hubertpietka.bialystok.pl\/?page_id=2147"},"modified":"2018-12-13T13:40:47","modified_gmt":"2018-12-13T13:40:47","slug":"12-12","status":"publish","type":"page","link":"https:\/\/hubertpietka.bialystok.pl\/?page_id=2147","title":{"rendered":"12.12"},"content":{"rendered":"<p><strong><em>12.12<\/em><\/strong><\/p>\n<p>12&#215;12=144<br \/>\n144<br \/>\nZbawionych liczba symboliczna<br \/>\nOznacza pe\u0142ni\u0119 \u017cycia<\/p>\n<p>144<br \/>\n1:44<br \/>\n\u017bycie ka\u017cde<br \/>\n\u017bycia warte<br \/>\n\u017bycie najbardziej wa\u017cne<\/p>\n<p>12.12<br \/>\nDzie\u0144 Maryi<br \/>\n\u017bycia Matki<\/p>\n<p>1\/44<br \/>\nW stosunku do Boga cz\u0142owiek<br \/>\nCz\u0142owiek a Maryja<\/p>\n<p>Maryjo \u017bycia Matko<br \/>\nPrzytulaj do serca sw\u0105 dziatw\u0119<br \/>\nI pocieszaj ka\u017cdego z nas<br \/>\nW ka\u017cdy \u017cycia czas<\/p>\n<p>\u017bycie w zachwycie<br \/>\n\u017bycie w trudzie<br \/>\nKa\u017cde \u017cycie jest wa\u017cne<\/p>\n<p>Bo \u017cycie to czas<br \/>\nDany ka\u017cdemu z nas<br \/>\nAby opowiedzie\u0107 si\u0119<br \/>\nZa nim lub przeciwko<br \/>\n\u017byciu<\/p>\n<p><em>Na zdj. \u017bycia pasja jest bardzo wa\u017cna \/<\/em><br \/>\n<em> Trzeba doceni\u0107 \u017cycie \/<\/em><br \/>\n<em> By umie\u0107 si\u0119 nim zachwyci\u0107 \/<\/em><br \/>\n<em> \u017bycie ka\u017cde jest tak samo wa\u017cne.<\/em><\/p>\n<p><img loading=\"lazy\" decoding=\"async\" class=\"JZUAbb\" src=\"https:\/\/lh3.googleusercontent.com\/-t-_-5I2o7aQ\/XBFlJ9JLuzI\/AAAAAAAAJGk\/rFcbgcO-H1MC6wzOEO8f5MS0mauPCmJ9ACJoC\/w530-h398-n\/IMG_20181211_232100.jpg\" alt=\"Zdj\u0119cie\" width=\"530\" height=\"398\" \/><\/p>\n<h1 class=\"title style-scope ytd-video-primary-info-renderer\" style=\"text-align: center;\"><a href=\"https:\/\/www.youtube.com\/watch?v=vyp9pIoC-gY\"><em>Edyta Geppert &#8211; Kocham Ci\u0119 \u017cycie<\/em><\/a><\/h1>\n","protected":false},"excerpt":{"rendered":"<p>12.12 12&#215;12=144 144 Zbawionych liczba symboliczna Oznacza pe\u0142ni\u0119 \u017cycia 144 1:44 \u017bycie ka\u017cde \u017bycia warte \u017bycie najbardziej wa\u017cne 12.12 Dzie\u0144 Maryi \u017bycia Matki 1\/44 W&hellip; <\/p>\n","protected":false},"author":1,"featured_media":0,"parent":0,"menu_order":0,"comment_status":"closed","ping_status":"closed","template":"","meta":{"footnotes":""},"class_list":["post-2147","page","type-page","status-publish","hentry"],"_links":{"self":[{"href":"https:\/\/hubertpietka.bialystok.pl\/index.php?rest_route=\/wp\/v2\/pages\/2147","targetHints":{"allow":["GET"]}}],"collection":[{"href":"https:\/\/hubertpietka.bialystok.pl\/index.php?rest_route=\/wp\/v2\/pages"}],"about":[{"href":"https:\/\/hubertpietka.bialystok.pl\/index.php?rest_route=\/wp\/v2\/types\/page"}],"author":[{"embeddable":true,"href":"https:\/\/hubertpietka.bialystok.pl\/index.php?rest_route=\/wp\/v2\/users\/1"}],"replies":[{"embeddable":true,"href":"https:\/\/hubertpietka.bialystok.pl\/index.php?rest_route=%2Fwp%2Fv2%2Fcomments&post=2147"}],"version-history":[{"count":2,"href":"https:\/\/hubertpietka.bialystok.pl\/index.php?rest_route=\/wp\/v2\/pages\/2147\/revisions"}],"predecessor-version":[{"id":2149,"href":"https:\/\/hubertpietka.bialystok.pl\/index.php?rest_route=\/wp\/v2\/pages\/2147\/revisions\/2149"}],"wp:attachment":[{"href":"https:\/\/hubertpietka.bialystok.pl\/index.php?rest_route=%2Fwp%2Fv2%2Fmedia&parent=2147"}],"curies":[{"name":"wp","href":"https:\/\/api.w.org\/{rel}","templated":true}]}}