{"id":2153,"date":"2018-12-20T11:03:34","date_gmt":"2018-12-20T11:03:34","guid":{"rendered":"http:\/\/hubertpietka.bialystok.pl\/?page_id=2153"},"modified":"2019-10-15T20:15:36","modified_gmt":"2019-10-15T20:15:36","slug":"mesmerize","status":"publish","type":"page","link":"https:\/\/hubertpietka.bialystok.pl\/","title":{"rendered":"W cieniu krzy\u017ca i blasku Zmartwychwstania"},"content":{"rendered":"<p style=\"text-align: center;\"><em><span class=\" UFICommentActorAndBody\"><span class=\"UFICommentBody _1n4g\">\u017bycie cz\u0142owieka usytuowane jest w perspektywie eschatologicznej.<\/span><\/span><\/em><br \/>\n<em> <span class=\" UFICommentActorAndBody\"><span class=\"UFICommentBody _1n4g\"> Rozpi\u0119te jest prostopadle pomi\u0119dzy niebem a ziemi\u0105 i r\u00f3wnolegle w czasie horyzontalnym.<br \/>\nZarysowuje si\u0119 nad nim krzy\u017c Chrystusa.<br \/>\nWszystko dzieje si\u0119 w jego cieniu.<\/span><\/span><\/em><br \/>\n<em> <span class=\" UFICommentActorAndBody\"><span class=\"UFICommentBody _1n4g\">I pora\u017cki, s\u0142abo\u015bci, upadki, i zwyci\u0119stwa &#8211; wynikaj\u0105ce ze Zmartwychwstania.<br \/>\nCokolwiek si\u0119 napisze jest tylko pewnym wyrazem tego dramatu w teatrze \u017cycia.<br \/>\nNajwa\u017cniejsze z tego, by Mi\u0142osierdzie Bo\u017ce rozlane na krzy\u017cu i dope\u0142niaj\u0105ce si\u0119 <\/span><\/span><\/em><br \/>\n<em> <span class=\" UFICommentActorAndBody\"><span class=\"UFICommentBody _1n4g\">w Zmartwychwstaniu przemienia\u0142o nas i \u015bwiat.<br \/>\nTak by wszystko znalaz\u0142o sw\u00f3j kszta\u0142t i wyraz ostatni w Bogu.<br \/>\nMaryja niech czuwa nad nasz\u0105 ziemsk\u0105 w\u0119dr\u00f3wk\u0105 <\/span><\/span><\/em><br \/>\n<em> <span class=\" UFICommentActorAndBody\"><span class=\"UFICommentBody _1n4g\">i prowadzi do pe\u0142nego wyrazu Boga w naszym \u017cyciu.<\/span><\/span><\/em><\/p>\n","protected":false},"excerpt":{"rendered":"<p>\u017bycie cz\u0142owieka usytuowane jest w perspektywie eschatologicznej. Rozpi\u0119te jest prostopadle pomi\u0119dzy niebem a ziemi\u0105 i r\u00f3wnolegle w czasie horyzontalnym. Zarysowuje si\u0119 nad nim krzy\u017c Chrystusa.&hellip; <\/p>\n","protected":false},"author":1,"featured_media":2969,"parent":0,"menu_order":1,"comment_status":"closed","ping_status":"closed","template":"page-templates\/aboutus-template.php","meta":{"footnotes":""},"class_list":["post-2153","page","type-page","status-publish","has-post-thumbnail","hentry"],"_links":{"self":[{"href":"https:\/\/hubertpietka.bialystok.pl\/index.php?rest_route=\/wp\/v2\/pages\/2153","targetHints":{"allow":["GET"]}}],"collection":[{"href":"https:\/\/hubertpietka.bialystok.pl\/index.php?rest_route=\/wp\/v2\/pages"}],"about":[{"href":"https:\/\/hubertpietka.bialystok.pl\/index.php?rest_route=\/wp\/v2\/types\/page"}],"author":[{"embeddable":true,"href":"https:\/\/hubertpietka.bialystok.pl\/index.php?rest_route=\/wp\/v2\/users\/1"}],"replies":[{"embeddable":true,"href":"https:\/\/hubertpietka.bialystok.pl\/index.php?rest_route=%2Fwp%2Fv2%2Fcomments&post=2153"}],"version-history":[{"count":9,"href":"https:\/\/hubertpietka.bialystok.pl\/index.php?rest_route=\/wp\/v2\/pages\/2153\/revisions"}],"predecessor-version":[{"id":2897,"href":"https:\/\/hubertpietka.bialystok.pl\/index.php?rest_route=\/wp\/v2\/pages\/2153\/revisions\/2897"}],"wp:featuredmedia":[{"embeddable":true,"href":"https:\/\/hubertpietka.bialystok.pl\/index.php?rest_route=\/wp\/v2\/media\/2969"}],"wp:attachment":[{"href":"https:\/\/hubertpietka.bialystok.pl\/index.php?rest_route=%2Fwp%2Fv2%2Fmedia&parent=2153"}],"curies":[{"name":"wp","href":"https:\/\/api.w.org\/{rel}","templated":true}]}}