{"id":2159,"date":"2018-12-20T15:31:19","date_gmt":"2018-12-20T15:31:19","guid":{"rendered":"http:\/\/hubertpietka.bialystok.pl\/?page_id=2159"},"modified":"2018-12-20T15:40:13","modified_gmt":"2018-12-20T15:40:13","slug":"przyjscie-pana-a-bog-z-nami","status":"publish","type":"page","link":"https:\/\/hubertpietka.bialystok.pl\/?page_id=2159","title":{"rendered":"Przyj\u015bcie Pana \/ a B\u00f3g z nami"},"content":{"rendered":"<p><strong><em>Przyj\u015bcie Pana \/ a B\u00f3g z nami<\/em><\/strong><\/p>\n<p>Przychodzi Pan<br \/>\nZ nami nieustannie jest On<br \/>\nBo domen\u0105 Emanuela<br \/>\nJest bycie w\u015br\u00f3d ludzi Boga<\/p>\n<p>Jest z nami zawsze<br \/>\nW szczeg\u00f3lny spos\u00f3b w Eucharystii<br \/>\nTam \u017cycie Bo\u017ce<br \/>\nOdnawia w swoim ludzie<\/p>\n<p>Jest w modlitwie<br \/>\nNa wyci\u0105gni\u0119cie ka\u017cdej r\u0119ki<br \/>\nTak blisko<br \/>\nWystarczy w Nim zanurzy\u0107 swe my\u015bli<\/p>\n<p>Jest w S\u0142owie Bo\u017cym<br \/>\nW drugim cz\u0142owieku<br \/>\nTam gdzie relacja i transpozycja<br \/>\nOtwiera dla dobra przestrze\u0144<\/p>\n<p>On ju\u017c jest w tym \u015bwiecie<br \/>\nW czysto\u015bci natury<br \/>\nW prawdzie dobrej<br \/>\nBo\u017cych stworze\u0144<\/p>\n<p>On jest<br \/>\nWystarczy tylko rozejrze\u0107 si\u0119<br \/>\nPoszuka\u0107 jasno Go<br \/>\nA On odpowie na pewno<\/p>\n<p>B\u00f3g w\u015br\u00f3d nas jest<br \/>\nI przyjdzie te\u017c<br \/>\nParadoks czystych serc<\/p>\n<p>Na zdj. Przed bia\u0142ostockim sanktuarium Bo\u017cego Mi\u0142osierdzia \/<br \/>\nBaner &#8211; Przygotuj serce na \u015bwi\u0119ta \/<br \/>\nJu\u017c nied\u0142ugo ten \u015bwi\u0105teczny czas \/<br \/>\nPan blisko jest ka\u017cdego z nas.<\/p>\n<p><img loading=\"lazy\" decoding=\"async\" class=\"JZUAbb\" src=\"https:\/\/lh3.googleusercontent.com\/-DRk1WSPlnS0\/XBudjkupoFI\/AAAAAAAAJWo\/Sgsjrs2Widc-P-0EcP9hB_qSw6I0ODMZwCJoC\/w530-h707-n\/IMG_20181210_191941.jpg\" alt=\"Zdj\u0119cie\" width=\"530\" height=\"707\" \/><\/p>\n<p style=\"text-align: center;\"><a href=\"https:\/\/www.youtube.com\/watch?v=YTn4GKjn4Xc\"><em><strong>RTCK &#8211; Pan blisko jest<\/strong><\/em><\/a><\/p>\n","protected":false},"excerpt":{"rendered":"<p>Przyj\u015bcie Pana \/ a B\u00f3g z nami Przychodzi Pan Z nami nieustannie jest On Bo domen\u0105 Emanuela Jest bycie w\u015br\u00f3d ludzi Boga Jest z nami&hellip; <\/p>\n","protected":false},"author":1,"featured_media":0,"parent":0,"menu_order":0,"comment_status":"closed","ping_status":"closed","template":"","meta":{"footnotes":""},"class_list":["post-2159","page","type-page","status-publish","hentry"],"_links":{"self":[{"href":"https:\/\/hubertpietka.bialystok.pl\/index.php?rest_route=\/wp\/v2\/pages\/2159","targetHints":{"allow":["GET"]}}],"collection":[{"href":"https:\/\/hubertpietka.bialystok.pl\/index.php?rest_route=\/wp\/v2\/pages"}],"about":[{"href":"https:\/\/hubertpietka.bialystok.pl\/index.php?rest_route=\/wp\/v2\/types\/page"}],"author":[{"embeddable":true,"href":"https:\/\/hubertpietka.bialystok.pl\/index.php?rest_route=\/wp\/v2\/users\/1"}],"replies":[{"embeddable":true,"href":"https:\/\/hubertpietka.bialystok.pl\/index.php?rest_route=%2Fwp%2Fv2%2Fcomments&post=2159"}],"version-history":[{"count":4,"href":"https:\/\/hubertpietka.bialystok.pl\/index.php?rest_route=\/wp\/v2\/pages\/2159\/revisions"}],"predecessor-version":[{"id":2162,"href":"https:\/\/hubertpietka.bialystok.pl\/index.php?rest_route=\/wp\/v2\/pages\/2159\/revisions\/2162"}],"wp:attachment":[{"href":"https:\/\/hubertpietka.bialystok.pl\/index.php?rest_route=%2Fwp%2Fv2%2Fmedia&parent=2159"}],"curies":[{"name":"wp","href":"https:\/\/api.w.org\/{rel}","templated":true}]}}