{"id":2165,"date":"2018-12-20T15:59:05","date_gmt":"2018-12-20T15:59:05","guid":{"rendered":"http:\/\/hubertpietka.bialystok.pl\/?page_id=2165"},"modified":"2018-12-20T16:11:01","modified_gmt":"2018-12-20T16:11:01","slug":"matka-oczekiwania-na-przyjscie-pana","status":"publish","type":"page","link":"https:\/\/hubertpietka.bialystok.pl\/?page_id=2165","title":{"rendered":"Matka oczekiwania \/ na przyj\u015bcie Pana"},"content":{"rendered":"<p><strong><em>Matka oczekiwania \/ na przyj\u015bcie Pana<\/em><\/strong><\/p>\n<p><em>Matko adwentowego czuwania<br \/>\nTy\u015b jest Ucieczk\u0105 nasz\u0105 w czekaniu<br \/>\nNa to kiedy Chrystus przyjdzie zn\u00f3w<br \/>\nBy wybawi\u0107 od wszelkiego z\u0142a sw\u00f3j lud<\/em><\/p>\n<p><strong>A-nas-Ta-z<\/strong>-(z\u0142)<strong>ego<\/strong> mocy<br \/>\nWybawia\u0107 te\u017c musi<br \/>\nBo Ona w Panu<br \/>\nPogromczyni\u0105 szatan\u00f3w<\/p>\n<p><strong>A-nas-Ta-z-ego<\/strong> naszego<br \/>\nWyprowadza\u0107 musi<br \/>\nBo Ona Matk\u0105 Pi\u0119knej Mi\u0142o\u015bci<br \/>\nWobec innych ludzi<\/p>\n<p>Dziewica Niepokalana<br \/>\nNajwspanialszy wyraz pi\u0119kna Pana<br \/>\nMi\u0142o\u015b\u0107 najczystsza<br \/>\nOna uczy ludzi dobra<\/p>\n<p>Wobec siebie<br \/>\nNajbli\u017cszych nam<br \/>\nTych dalszych te\u017c<br \/>\nI wrog\u00f3w w prawdzie serc<\/p>\n<p>Pi\u0119kna jasna i czysta<br \/>\n\u015awiata Kr\u00f3lowa Dziewicza<br \/>\nMatko Bo\u017cego Dzieci\u0119cia<br \/>\nNas wspieraj<\/p>\n<p>Kr\u00f3luj Maryjo<br \/>\nTy zawsze zwyci\u0119\u017casz zwyci\u0119\u017caj<br \/>\nJezu przyjd\u017a<br \/>\nI nie zwlekaj ju\u017c<\/p>\n<p><em>Na zdj. Matka Pi\u0119knej Mi\u0142o\u015bci \/<\/em><br \/>\n<em> W katedrze \u015bw. Micha\u0142a Archanio\u0142a w \u0141om\u017cy \/<\/em><br \/>\n<em> W \u015bw. Anastazego pisano \/<\/em><br \/>\n<em> By odda\u0107 chwa\u0142\u0119 Bogu w Maryi Pannie.<\/em><\/p>\n<p><img loading=\"lazy\" decoding=\"async\" class=\"JZUAbb\" src=\"https:\/\/lh3.googleusercontent.com\/-ZnJNMG9I0rI\/XBpA5l3s91I\/AAAAAAAAJUs\/RsTubdut_xkGhE348vs4AdxrIl16r1NVwCJoC\/w530-h398-n\/IMG_20181216_130752.jpg\" alt=\"Zdj\u0119cie\" width=\"530\" height=\"398\" \/><\/p>\n<p style=\"text-align: center;\"><a href=\"https:\/\/www.youtube.com\/watch?v=IGGfFZMOESg\"><em><strong>Maryja b\u0142ogos\u0142awiona pe\u0142na mi\u0142o\u015bci<\/strong><\/em><\/a><\/p>\n","protected":false},"excerpt":{"rendered":"<p>Matka oczekiwania \/ na przyj\u015bcie Pana Matko adwentowego czuwania Ty\u015b jest Ucieczk\u0105 nasz\u0105 w czekaniu Na to kiedy Chrystus przyjdzie zn\u00f3w By wybawi\u0107 od wszelkiego&hellip; <\/p>\n","protected":false},"author":1,"featured_media":0,"parent":0,"menu_order":0,"comment_status":"closed","ping_status":"closed","template":"","meta":{"footnotes":""},"class_list":["post-2165","page","type-page","status-publish","hentry"],"_links":{"self":[{"href":"https:\/\/hubertpietka.bialystok.pl\/index.php?rest_route=\/wp\/v2\/pages\/2165","targetHints":{"allow":["GET"]}}],"collection":[{"href":"https:\/\/hubertpietka.bialystok.pl\/index.php?rest_route=\/wp\/v2\/pages"}],"about":[{"href":"https:\/\/hubertpietka.bialystok.pl\/index.php?rest_route=\/wp\/v2\/types\/page"}],"author":[{"embeddable":true,"href":"https:\/\/hubertpietka.bialystok.pl\/index.php?rest_route=\/wp\/v2\/users\/1"}],"replies":[{"embeddable":true,"href":"https:\/\/hubertpietka.bialystok.pl\/index.php?rest_route=%2Fwp%2Fv2%2Fcomments&post=2165"}],"version-history":[{"count":4,"href":"https:\/\/hubertpietka.bialystok.pl\/index.php?rest_route=\/wp\/v2\/pages\/2165\/revisions"}],"predecessor-version":[{"id":2170,"href":"https:\/\/hubertpietka.bialystok.pl\/index.php?rest_route=\/wp\/v2\/pages\/2165\/revisions\/2170"}],"wp:attachment":[{"href":"https:\/\/hubertpietka.bialystok.pl\/index.php?rest_route=%2Fwp%2Fv2%2Fmedia&parent=2165"}],"curies":[{"name":"wp","href":"https:\/\/api.w.org\/{rel}","templated":true}]}}