{"id":2177,"date":"2018-12-26T08:31:57","date_gmt":"2018-12-26T08:31:57","guid":{"rendered":"http:\/\/hubertpietka.bialystok.pl\/?page_id=2177"},"modified":"2018-12-26T08:41:53","modified_gmt":"2018-12-26T08:41:53","slug":"ogolocenie-z-siebie","status":"publish","type":"page","link":"https:\/\/hubertpietka.bialystok.pl\/?page_id=2177","title":{"rendered":"Ogo\u0142ocenie \/ z Siebie"},"content":{"rendered":"<p><em><strong>Ogo\u0142ocenie \/ z Siebie<\/strong><\/em><\/p>\n<p>Gdy B\u00f3g<br \/>\nW ubogiej stajence<br \/>\nNa \u015bwiat przyszed\u0142<br \/>\nW tak skromny i cichy spos\u00f3b<br \/>\nZ Bosko\u015bci Swej si\u0119 niejako ogo\u0142oci\u0142<\/p>\n<p>Dla nas ludzi<br \/>\nSta\u0142 si\u0119 cz\u0142owiekiem<br \/>\nBy zanegowa\u0107 dystansy wszelkie<br \/>\nPomi\u0119dzy Sob\u0105<br \/>\nA ka\u017cd\u0105 zwyczajn\u0105 ludzk\u0105 drog\u0105<\/p>\n<p>Na krzy\u017cu za\u015b<br \/>\nDope\u0142ni\u0142 to co rozpocz\u0105\u0142<br \/>\nW ubogim \u017c\u0142\u00f3bku<br \/>\nOgo\u0142oci\u0142 si\u0119 w cierpieniu<br \/>\nDla Swojego stworzenia<\/p>\n<p>Pocz\u0105tek i dope\u0142nienie<br \/>\nPrzez ogo\u0142ocenie<br \/>\nOdarcie sie niemal\u017ce z Bosko\u015bci Wysokiej<br \/>\nJej przeniesienie<br \/>\nW trud i cierpienie<\/p>\n<p><em>Na zdj. Szopka betlejemska w ko\u015bciele w Dawidach Bankowych \/<\/em><br \/>\n<em>Bo\u017ce Narodzenie, Kr\u00f3l Wszech\u015bwiata przychodzi do ludzi \/<\/em><br \/>\n<em>Jako bezbronne dziecko, Jezu Malusie\u0144ki\/<\/em><br \/>\n<em>Za Twe uni\u017cenie sk\u0142adamy Ci dzi\u0119ki.<\/em><\/p>\n<p style=\"text-align: center;\"><strong>\u017bycz\u0119 Wam<\/strong><br \/>\n<strong>Dobrych \u015awi\u0105t Bo\u017cego Narodzenia<\/strong><br \/>\n<strong>Dla ka\u017cdego to pewnie znaczy troch\u0119 co innego<\/strong><br \/>\n<strong>Ale niech B\u00f3g wype\u0142nia serca Wasze<\/strong><br \/>\n<strong>W tej sytuacji w jakiej jeste\u015bcie<\/strong><br \/>\n<strong>I we wszystkim co Was dotyczy<\/strong><br \/>\n<strong>Niech to b\u0119dzie czas<\/strong><br \/>\n<strong>Gdy B\u00f3g dotyka nas<\/strong><br \/>\n<strong>Mimo wszystkiego innego<\/strong><br \/>\n<strong>A mo\u017ce w\u0142asnie dlatego<\/strong><\/p>\n<p><img decoding=\"async\" src=\"https:\/\/lh3.googleusercontent.com\/-M-QmrMLEE_U\/XCKfIpVntGI\/AAAAAAAAJc0\/rOau5lLfuHkenF5gbwF6-zOKn9y8IHp4QCJoC\/w530-h398-n-rw\/IMG_20181225_124801.jpg\" alt=\"Zdj\u00c4\u0099cie\" \/><\/p>\n<h1 class=\"title style-scope ytd-video-primary-info-renderer\" style=\"text-align: center;\"><a href=\"https:\/\/www.youtube.com\/watch?v=ZpGC7zKq7lI\"><em>Zbigniew Preisner, Beata Rybotycka &#8211; Kol\u0119da dla nieobecnych<\/em><\/a><\/h1>\n","protected":false},"excerpt":{"rendered":"<p>Ogo\u0142ocenie \/ z Siebie Gdy B\u00f3g W ubogiej stajence Na \u015bwiat przyszed\u0142 W tak skromny i cichy spos\u00f3b Z Bosko\u015bci Swej si\u0119 niejako ogo\u0142oci\u0142 Dla&hellip; <\/p>\n","protected":false},"author":1,"featured_media":0,"parent":0,"menu_order":0,"comment_status":"closed","ping_status":"closed","template":"","meta":{"footnotes":""},"class_list":["post-2177","page","type-page","status-publish","hentry"],"_links":{"self":[{"href":"https:\/\/hubertpietka.bialystok.pl\/index.php?rest_route=\/wp\/v2\/pages\/2177","targetHints":{"allow":["GET"]}}],"collection":[{"href":"https:\/\/hubertpietka.bialystok.pl\/index.php?rest_route=\/wp\/v2\/pages"}],"about":[{"href":"https:\/\/hubertpietka.bialystok.pl\/index.php?rest_route=\/wp\/v2\/types\/page"}],"author":[{"embeddable":true,"href":"https:\/\/hubertpietka.bialystok.pl\/index.php?rest_route=\/wp\/v2\/users\/1"}],"replies":[{"embeddable":true,"href":"https:\/\/hubertpietka.bialystok.pl\/index.php?rest_route=%2Fwp%2Fv2%2Fcomments&post=2177"}],"version-history":[{"count":5,"href":"https:\/\/hubertpietka.bialystok.pl\/index.php?rest_route=\/wp\/v2\/pages\/2177\/revisions"}],"predecessor-version":[{"id":2182,"href":"https:\/\/hubertpietka.bialystok.pl\/index.php?rest_route=\/wp\/v2\/pages\/2177\/revisions\/2182"}],"wp:attachment":[{"href":"https:\/\/hubertpietka.bialystok.pl\/index.php?rest_route=%2Fwp%2Fv2%2Fmedia&parent=2177"}],"curies":[{"name":"wp","href":"https:\/\/api.w.org\/{rel}","templated":true}]}}