{"id":2191,"date":"2018-12-27T17:26:13","date_gmt":"2018-12-27T17:26:13","guid":{"rendered":"http:\/\/hubertpietka.bialystok.pl\/?page_id=2191"},"modified":"2018-12-27T17:44:32","modified_gmt":"2018-12-27T17:44:32","slug":"stanac-obok-stajenki-betlejemskiej-refleksje","status":"publish","type":"page","link":"https:\/\/hubertpietka.bialystok.pl\/?page_id=2191","title":{"rendered":"Stan\u0105\u0107 obok stajenki betlejemskiej \/ refleksje"},"content":{"rendered":"<p><em><strong>Stan\u0105\u0107 obok stajenki betlejemskiej \/ refleksje<\/strong><\/em><\/p>\n<p>Jezus Malusienki<br \/>\nDzieci\u0105tko Bo\u017ce<br \/>\nW \u017c\u0142obie po\u0142o\u017cone<br \/>\nNiesie pok\u00f3j \u015bwiatu<br \/>\nB\u0142ogos\u0142awi tobie<\/p>\n<p>Przy Nim Maryja<br \/>\nPanna przeczysta<br \/>\nW Niego wpatrzona<br \/>\nSercem Swoim z Nim<br \/>\nTowarzyszy wszystkim<\/p>\n<p>I \u015bwi\u0119ty J\u00f3zef<br \/>\nMy\u015bli cz\u0142owiek<br \/>\nBo nie ma s\u0142\u00f3w w Biblii jego<br \/>\nWe wszystkim z Male\u0144stwem<br \/>\nI przy nas my\u015bl\u0105 blisko<\/p>\n<p>Jezus Dziecina<br \/>\nUbogo \u017cycie ludzkie poczyna<br \/>\nLecz w gronie bliskich<br \/>\nChoc te\u017c w perspektywie krzy\u017cowej m\u0119ki<br \/>\nZ lud\u017ami dzieli ka\u017cde do\u015bwiadczenie<\/p>\n<p>I pastuszkowie<br \/>\nPro\u015bci ludkowie<br \/>\nAnio\u0142 ich przywi\u00f3d\u0142<br \/>\nBy Dzieci\u0105tku oddali ho\u0142d<br \/>\nW prostocie s\u0142\u00f3w<\/p>\n<p>I Trzej Kr\u00f3lowie jeszcze<br \/>\nPrzybyli do Betlejem<br \/>\nBy dary swe zlo\u017cy\u0107<br \/>\nTam gdzie Syn Bo\u017cy<br \/>\nRozum i wiara w zgodzie<\/p>\n<p>Jezus Male\u0144ki<br \/>\nJak Hostia w Eucharystii<br \/>\nEmanuel dla nas dany<br \/>\nB\u00f3g zawsze z nami<br \/>\nW krucho\u015bci ale i mocy Swej<\/p>\n<p><em>Na zdj. Stajenka betlejemska w Niepokalanowie \/<\/em><br \/>\n<em>W kaplicy \u015bw. Maksymiliana Marii Colbe \/<\/em><br \/>\n<em>Jest i \u015bw. Franciszek z &#8211; pok\u00f3j i dobro &#8211; has\u0142em \/<\/em><br \/>\n<em>I zwierz\u0119ta tam w szopce by\u0142y &#8211; w ca\u0142ym ludzkiego \u017cycia spectrum wtedy \/<\/em><br \/>\n<em>A jednak co\u015b jeszcze &#8211; narodzenie Jezusa a w perspektywie dalszej m\u0119ka krzy\u017ca.<\/em><br \/>\n<em>Bo dla nas na \u015bwiat Jezus przyszed\u0142 \/<\/em><br \/>\n<em>i nas odkupi\u0142 przez czyn ofiarny Swej mi\u0142o\u015bci \u015bwi\u0119tej.<\/em><\/p>\n<p><img decoding=\"async\" src=\"https:\/\/lh3.googleusercontent.com\/-zI7KBAMV4Vc\/XCPOuU8YmQI\/AAAAAAAAJfQ\/kA1WKRnb8l0CO03QGRtciWiPDutOmwlCACJoC\/w530-h707-n-rw\/IMG_20181226_153503.jpg\" alt=\"Zdj\u00c4\u0099cie\" \/><\/p>\n<h1 class=\"title style-scope ytd-video-primary-info-renderer\" style=\"text-align: center;\"><a href=\"https:\/\/www.youtube.com\/watch?v=LcBDsTLWplg\"><em>Enej &amp; Natalia Szroeder &#8211; Gore Gwiazda<\/em><\/a><\/h1>\n<h1 class=\"title style-scope ytd-video-primary-info-renderer\" style=\"text-align: center;\"><em><a href=\"https:\/\/www.youtube.com\/watch?v=LFhTMa8dav4\">TGD i Kuba Badach &#8222;Mario, czy ju\u017c wiesz?&#8221; (Mary Did You Know?)<\/a><\/em><\/h1>\n","protected":false},"excerpt":{"rendered":"<p>Stan\u0105\u0107 obok stajenki betlejemskiej \/ refleksje Jezus Malusienki Dzieci\u0105tko Bo\u017ce W \u017c\u0142obie po\u0142o\u017cone Niesie pok\u00f3j \u015bwiatu B\u0142ogos\u0142awi tobie Przy Nim Maryja Panna przeczysta W Niego&hellip; <\/p>\n","protected":false},"author":1,"featured_media":0,"parent":0,"menu_order":0,"comment_status":"closed","ping_status":"closed","template":"","meta":{"footnotes":""},"class_list":["post-2191","page","type-page","status-publish","hentry"],"_links":{"self":[{"href":"https:\/\/hubertpietka.bialystok.pl\/index.php?rest_route=\/wp\/v2\/pages\/2191","targetHints":{"allow":["GET"]}}],"collection":[{"href":"https:\/\/hubertpietka.bialystok.pl\/index.php?rest_route=\/wp\/v2\/pages"}],"about":[{"href":"https:\/\/hubertpietka.bialystok.pl\/index.php?rest_route=\/wp\/v2\/types\/page"}],"author":[{"embeddable":true,"href":"https:\/\/hubertpietka.bialystok.pl\/index.php?rest_route=\/wp\/v2\/users\/1"}],"replies":[{"embeddable":true,"href":"https:\/\/hubertpietka.bialystok.pl\/index.php?rest_route=%2Fwp%2Fv2%2Fcomments&post=2191"}],"version-history":[{"count":7,"href":"https:\/\/hubertpietka.bialystok.pl\/index.php?rest_route=\/wp\/v2\/pages\/2191\/revisions"}],"predecessor-version":[{"id":2198,"href":"https:\/\/hubertpietka.bialystok.pl\/index.php?rest_route=\/wp\/v2\/pages\/2191\/revisions\/2198"}],"wp:attachment":[{"href":"https:\/\/hubertpietka.bialystok.pl\/index.php?rest_route=%2Fwp%2Fv2%2Fmedia&parent=2191"}],"curies":[{"name":"wp","href":"https:\/\/api.w.org\/{rel}","templated":true}]}}