{"id":2200,"date":"2019-01-04T13:24:51","date_gmt":"2019-01-04T13:24:51","guid":{"rendered":"http:\/\/hubertpietka.bialystok.pl\/?page_id=2200"},"modified":"2019-01-04T13:31:34","modified_gmt":"2019-01-04T13:31:34","slug":"lis-to-nosil","status":"publish","type":"page","link":"https:\/\/hubertpietka.bialystok.pl\/?page_id=2200","title":{"rendered":"Lis to nosi\u0142"},"content":{"rendered":"<p><strong><em>Lis to nosi\u0142<\/em><\/strong><\/p>\n<p>Lis powie co\u015b<br \/>\nO\u015ble id\u017a<br \/>\nPo\u015bl\u0119 ci\u0119 dzi\u015b<\/p>\n<p>Gdzie<br \/>\nLis nosi co\u015b<br \/>\nMasz ci los<\/p>\n<p>Lis to nosi<br \/>\nCzy donos-i<br \/>\nW swej chytro\u015bci<\/p>\n<p>Cho\u0107 lis<br \/>\nLis\u00f3w sto ma<br \/>\nTen czeka<br \/>\nA lis szczeka<\/p>\n<p>Nosi\u0142 lis to<br \/>\nPoniesie si\u0119 co\u015b<br \/>\nPodniesie si\u0119 jeszcze to<br \/>\nLecz nie lisa sid\u0142o<\/p>\n<p>Lisie si\u0119 nie sil<br \/>\nCo nie\u015b\u0107 trzeba<br \/>\nSi\u0119 zrobi<\/p>\n<p>Lis\u00f3w nie s\u0142ucha<br \/>\nTen co listy czyta<br \/>\nZ ducha<\/p>\n<p>Szczwany lis i lisy<br \/>\nA ma\u0142y cichy<br \/>\nLista tu zamkni\u0119ta<br \/>\nDroga w\u0105ska kr\u0119ta<\/p>\n<p>Lis i la la<br \/>\nLis li li li li la<br \/>\nLala zwyci\u0119\u017cy lisa<\/p>\n<p><em>Na zdj. Maryja w dolnym ko\u015bciele w Raszynie \/<\/em><br \/>\n<em> Pi\u0119kna Pani zawsze z nami \/<\/em><br \/>\n<em> Ona zawsze zwyci\u0119\u017ca \/<\/em><br \/>\n<em> Swe dzieci wspiera.<\/em><\/p>\n<p><img loading=\"lazy\" decoding=\"async\" class=\"JZUAbb\" src=\"https:\/\/lh3.googleusercontent.com\/-hVGsxgRYMOY\/XC8gpRWK5hI\/AAAAAAAAJp0\/ujEIZxg_jSEYLpyIs_UrZ04mFmeRPYv5ACJoC\/w530-h707-n\/IMG_20181227_195458.jpg\" alt=\"Zdj\u0119cie\" width=\"530\" height=\"707\" \/><\/p>\n","protected":false},"excerpt":{"rendered":"<p>Lis to nosi\u0142 Lis powie co\u015b O\u015ble id\u017a Po\u015bl\u0119 ci\u0119 dzi\u015b Gdzie Lis nosi co\u015b Masz ci los Lis to nosi Czy donos-i W swej&hellip; <\/p>\n","protected":false},"author":1,"featured_media":0,"parent":0,"menu_order":0,"comment_status":"closed","ping_status":"closed","template":"","meta":{"footnotes":""},"class_list":["post-2200","page","type-page","status-publish","hentry"],"_links":{"self":[{"href":"https:\/\/hubertpietka.bialystok.pl\/index.php?rest_route=\/wp\/v2\/pages\/2200","targetHints":{"allow":["GET"]}}],"collection":[{"href":"https:\/\/hubertpietka.bialystok.pl\/index.php?rest_route=\/wp\/v2\/pages"}],"about":[{"href":"https:\/\/hubertpietka.bialystok.pl\/index.php?rest_route=\/wp\/v2\/types\/page"}],"author":[{"embeddable":true,"href":"https:\/\/hubertpietka.bialystok.pl\/index.php?rest_route=\/wp\/v2\/users\/1"}],"replies":[{"embeddable":true,"href":"https:\/\/hubertpietka.bialystok.pl\/index.php?rest_route=%2Fwp%2Fv2%2Fcomments&post=2200"}],"version-history":[{"count":4,"href":"https:\/\/hubertpietka.bialystok.pl\/index.php?rest_route=\/wp\/v2\/pages\/2200\/revisions"}],"predecessor-version":[{"id":2204,"href":"https:\/\/hubertpietka.bialystok.pl\/index.php?rest_route=\/wp\/v2\/pages\/2200\/revisions\/2204"}],"wp:attachment":[{"href":"https:\/\/hubertpietka.bialystok.pl\/index.php?rest_route=%2Fwp%2Fv2%2Fmedia&parent=2200"}],"curies":[{"name":"wp","href":"https:\/\/api.w.org\/{rel}","templated":true}]}}