{"id":2206,"date":"2019-01-08T14:34:03","date_gmt":"2019-01-08T14:34:03","guid":{"rendered":"http:\/\/hubertpietka.bialystok.pl\/?page_id=2206"},"modified":"2019-01-08T15:06:47","modified_gmt":"2019-01-08T15:06:47","slug":"mimo-niepokojow-uciskow-ufnosc-mimo-wszystko","status":"publish","type":"page","link":"https:\/\/hubertpietka.bialystok.pl\/?page_id=2206","title":{"rendered":"Mimo niepokoj\u00f3w, ucisk\u00f3w \/ ufno\u015b\u0107 mimo wszystko"},"content":{"rendered":"<p><strong><em>Mimo niepokoj\u00f3w, ucisk\u00f3w \/ ufno\u015b\u0107 mimo wszystko<\/em><\/strong><\/p>\n<p><strong>1.<\/strong><br \/>\nDobry Jezu kochany<br \/>\nUfam Tobie zawsze<br \/>\nW zwyci\u0119stwo ran Twych<br \/>\nW zmartwychwstania Twego \u015bwiat\u0142o<\/p>\n<p>Ufam Tobie<br \/>\nBo wiem jak Cie boli<br \/>\nBrak ufno\u015bci<\/p>\n<p>Ufam mimo wszystko<br \/>\nMimo pozor\u00f3w zwyci\u0119stwa z\u0142a<br \/>\nMimo wszelkich niepokoj\u00f3w strat<\/p>\n<p>Ufam Tobie<br \/>\nW Tobie si\u0119 nie zawiod\u0119<br \/>\nUfam Tobie<br \/>\nTy\u015b \u017cycie moje<\/p>\n<p><strong>2.<\/strong><br \/>\nKochana \u017bono<br \/>\nBliscy moi<br \/>\nUfam Wam<br \/>\n\u017be nie b\u0119d\u0119 sam<br \/>\n\u017be sie nie odwr\u00f3cicie<br \/>\n\u017be w biedzie nie zostawicie<\/p>\n<p>Ufam<br \/>\n\u017be wytrwam<br \/>\nNie sobie<br \/>\nJezu ufam Tobie<\/p>\n<p>Ufam<br \/>\n\u017be bliscy ludzie<br \/>\nZnajd\u0105 te\u017c odpowiedzi w Tobie<br \/>\nI \u017ce przez Ciebie<br \/>\nTo wszystko si\u0119 dzieje<\/p>\n<p>I \u017ce oni<br \/>\nS\u0105 nam dani<br \/>\nW Twojej woli<\/p>\n<p><em>Na zdj. Ko\u015bci\u00f3\u0142 \u015bw. Piotra i Paw\u0142a w Warszawie na Pu\u0142awskiej \/<\/em><br \/>\n<em> Ludzie s\u0105 dani sobie wzajemnie z Bo\u017cej \u0142aski \/<\/em><br \/>\n<em> Ufam Wam bo Bogu ufam \/<\/em><br \/>\n<em> Jemu zaufa\u0142em ca\u0142ym \u017cyciem swoim.<\/em><\/p>\n<p><img loading=\"lazy\" decoding=\"async\" class=\"JZUAbb\" src=\"https:\/\/lh3.googleusercontent.com\/-k1Y95jW8jTc\/XDM1-exPagI\/AAAAAAAAJw0\/H7d1CmJ2qCwdDIDg5cpwKB076UbQvPj4wCJoC\/w530-h398-n\/IMG_20181228_175217.jpg\" alt=\"Zdj\u0119cie\" width=\"530\" height=\"398\" \/><\/p>\n<h1 class=\"title style-scope ytd-video-primary-info-renderer\" style=\"text-align: center;\"><a href=\"https:\/\/www.youtube.com\/watch?v=mj8stp9Wbn8\"><em>Panie ufam Ci &#8211; NEW LIFE&#8217;m<\/em><\/a><\/h1>\n<h1 class=\"title style-scope ytd-video-primary-info-renderer\" style=\"text-align: center;\"><a href=\"https:\/\/www.youtube.com\/watch?v=MjVMsP9SXk8\"><em>Fisheclectic &#8211; Ucisz si\u0119<\/em><\/a><\/h1>\n<p>&nbsp;<\/p>\n","protected":false},"excerpt":{"rendered":"<p>Mimo niepokoj\u00f3w, ucisk\u00f3w \/ ufno\u015b\u0107 mimo wszystko 1. Dobry Jezu kochany Ufam Tobie zawsze W zwyci\u0119stwo ran Twych W zmartwychwstania Twego \u015bwiat\u0142o Ufam Tobie Bo&hellip; <\/p>\n","protected":false},"author":1,"featured_media":0,"parent":0,"menu_order":0,"comment_status":"closed","ping_status":"closed","template":"","meta":{"footnotes":""},"class_list":["post-2206","page","type-page","status-publish","hentry"],"_links":{"self":[{"href":"https:\/\/hubertpietka.bialystok.pl\/index.php?rest_route=\/wp\/v2\/pages\/2206","targetHints":{"allow":["GET"]}}],"collection":[{"href":"https:\/\/hubertpietka.bialystok.pl\/index.php?rest_route=\/wp\/v2\/pages"}],"about":[{"href":"https:\/\/hubertpietka.bialystok.pl\/index.php?rest_route=\/wp\/v2\/types\/page"}],"author":[{"embeddable":true,"href":"https:\/\/hubertpietka.bialystok.pl\/index.php?rest_route=\/wp\/v2\/users\/1"}],"replies":[{"embeddable":true,"href":"https:\/\/hubertpietka.bialystok.pl\/index.php?rest_route=%2Fwp%2Fv2%2Fcomments&post=2206"}],"version-history":[{"count":5,"href":"https:\/\/hubertpietka.bialystok.pl\/index.php?rest_route=\/wp\/v2\/pages\/2206\/revisions"}],"predecessor-version":[{"id":2219,"href":"https:\/\/hubertpietka.bialystok.pl\/index.php?rest_route=\/wp\/v2\/pages\/2206\/revisions\/2219"}],"wp:attachment":[{"href":"https:\/\/hubertpietka.bialystok.pl\/index.php?rest_route=%2Fwp%2Fv2%2Fmedia&parent=2206"}],"curies":[{"name":"wp","href":"https:\/\/api.w.org\/{rel}","templated":true}]}}