{"id":2240,"date":"2019-01-14T15:46:44","date_gmt":"2019-01-14T15:46:44","guid":{"rendered":"http:\/\/hubertpietka.bialystok.pl\/?page_id=2240"},"modified":"2019-01-14T15:52:08","modified_gmt":"2019-01-14T15:52:08","slug":"13-13","status":"publish","type":"page","link":"https:\/\/hubertpietka.bialystok.pl\/?page_id=2240","title":{"rendered":"13.13"},"content":{"rendered":"<p><strong><em>13.13<\/em><\/strong><\/p>\n<p><strong>*1*<\/strong><br \/>\nMaryja wskazuje<br \/>\nZr\u00f3bcie wszystko<br \/>\nCo On powie<\/p>\n<p><strong>*3*<\/strong><br \/>\n1=1=1<br \/>\n3&#215;1=3<\/p>\n<p>B\u00f3g Ojciec<br \/>\nO Nim m\u00f3wi<br \/>\nTo jest Syn m\u00f3j umi\u0142owany<\/p>\n<p>Duch \u015awi\u0119ty<br \/>\nDaje \u015bwiadectwo<br \/>\nO Bo\u017cej Jego mocy<\/p>\n<p>Jezus o Sobie m\u00f3wi<br \/>\n\u017be jest Synem Bo\u017cym<\/p>\n<p><strong>*.*<\/strong><br \/>\nJan Chrzciciel powiada<br \/>\nTrzeba aby On wzrasta\u0142<\/p>\n<p>Maryja &#8211; 1<br \/>\nTr\u00f3jca \u015awi\u0119ta &#8211; 3<br \/>\nJan Chrzciciel &#8211; .<\/p>\n<p><strong>*13.13*<\/strong><\/p>\n<p>Dwa razy powt\u00f3rzona trzynastka<br \/>\nA dzieli j\u0105 kropka<\/p>\n<p>Przez Maryj\u0119 Syn Bo\u017cy przyszed\u0142<br \/>\nW mocy Ducha<br \/>\nZ namaszczenia Ojca<br \/>\nTak w\u0142a\u015bnie mia\u0142 objawi\u0107 si\u0119 \u015bwiatu<br \/>\nB\u00f3g Cz\u0142owiek Bratem<\/p>\n<p>Stary Testament ko\u0144czy 13<br \/>\nOd Nowego oddziela go kropka<\/p>\n<p>Przed nowym czasem i w tym tak\u017ce<br \/>\nChrystus zawsze<br \/>\nJako odpowied\u017a na wszystkie pytania<br \/>\nEry istnienia \u015bwiata<\/p>\n<p style=\"text-align: left;\"><em>Na zdj. Stajenka betlejemska w ko\u015bciele \u015bw. Wojciecha \/<\/em><br \/>\n<em> Dzi\u015b Niedziela Chrztu Pa\u0144skiego \/<\/em><br \/>\n<em> \u015aw. Wojciech to patron mego bierzmowania \/<\/em><br \/>\n<em> Dzi\u0119ki niemu wspomnie\u0107 te\u017c mog\u0142em miejsce i dat\u0119 \/<\/em><br \/>\n<em> Mnie w\u0142\u0105czenie w Ko\u015bci\u00f3\u0142 na chrzcie \u015bwi\u0119tym.<\/em><\/p>\n<p style=\"text-align: center;\">*<strong>Pisano 13 stycznia 2019 roku \u2013 w Bia\u0142ymstoku*<\/strong><\/p>\n<p><img loading=\"lazy\" decoding=\"async\" class=\"JZUAbb\" src=\"https:\/\/lh3.googleusercontent.com\/-gcIXWSbBlHo\/XDvDFW_CkbI\/AAAAAAAAJ88\/whq0t-ciGMgpV2ccHh-0uFOguMcBlIkqACJoC\/w530-h707-n\/IMG_20190113_185625.jpg\" alt=\"Zdj\u0119cie\" width=\"530\" height=\"707\" \/><\/p>\n<p style=\"text-align: center;\"><a href=\"https:\/\/www.youtube.com\/watch?v=gojP5LO2RVs\"><em><strong>\u015awi\u0119te Imi\u0119 Jezus<\/strong><\/em><\/a><\/p>\n","protected":false},"excerpt":{"rendered":"<p>13.13 *1* Maryja wskazuje Zr\u00f3bcie wszystko Co On powie *3* 1=1=1 3&#215;1=3 B\u00f3g Ojciec O Nim m\u00f3wi To jest Syn m\u00f3j umi\u0142owany Duch \u015awi\u0119ty Daje&hellip; <\/p>\n","protected":false},"author":1,"featured_media":0,"parent":0,"menu_order":0,"comment_status":"closed","ping_status":"closed","template":"","meta":{"footnotes":""},"class_list":["post-2240","page","type-page","status-publish","hentry"],"_links":{"self":[{"href":"https:\/\/hubertpietka.bialystok.pl\/index.php?rest_route=\/wp\/v2\/pages\/2240","targetHints":{"allow":["GET"]}}],"collection":[{"href":"https:\/\/hubertpietka.bialystok.pl\/index.php?rest_route=\/wp\/v2\/pages"}],"about":[{"href":"https:\/\/hubertpietka.bialystok.pl\/index.php?rest_route=\/wp\/v2\/types\/page"}],"author":[{"embeddable":true,"href":"https:\/\/hubertpietka.bialystok.pl\/index.php?rest_route=\/wp\/v2\/users\/1"}],"replies":[{"embeddable":true,"href":"https:\/\/hubertpietka.bialystok.pl\/index.php?rest_route=%2Fwp%2Fv2%2Fcomments&post=2240"}],"version-history":[{"count":5,"href":"https:\/\/hubertpietka.bialystok.pl\/index.php?rest_route=\/wp\/v2\/pages\/2240\/revisions"}],"predecessor-version":[{"id":2245,"href":"https:\/\/hubertpietka.bialystok.pl\/index.php?rest_route=\/wp\/v2\/pages\/2240\/revisions\/2245"}],"wp:attachment":[{"href":"https:\/\/hubertpietka.bialystok.pl\/index.php?rest_route=%2Fwp%2Fv2%2Fmedia&parent=2240"}],"curies":[{"name":"wp","href":"https:\/\/api.w.org\/{rel}","templated":true}]}}