{"id":2247,"date":"2019-01-18T10:37:33","date_gmt":"2019-01-18T10:37:33","guid":{"rendered":"http:\/\/hubertpietka.bialystok.pl\/?page_id=2247"},"modified":"2019-01-18T10:45:58","modified_gmt":"2019-01-18T10:45:58","slug":"przypowiesc-o-biedaku-i-zawistnym-bogaczu","status":"publish","type":"page","link":"https:\/\/hubertpietka.bialystok.pl\/?page_id=2247","title":{"rendered":"Przypowie\u015b\u0107 \/ o biedaku i zawistnym bogaczu"},"content":{"rendered":"<p><strong><em>Przypowie\u015b\u0107 \/ o biedaku i zawistnym bogaczu<\/em><\/strong><\/p>\n<p>Pewien biedak mia\u0142 osio\u0142ka<br \/>\nNa kt\u00f3rym si\u0119 porusza\u0142<br \/>\nBogacz z zawi\u015bci\u0105 na to patrzy\u0142<br \/>\nMimo \u017ce w swej stajni mia\u0142 ca\u0142e tabuny ogier\u00f3w i klaczy<\/p>\n<p>Pewnej nocy gdy spa\u0142 biedak<br \/>\nBogacza s\u0142udzy podci\u0119li osio\u0142kowi p\u0119ciny<br \/>\nA teraz rozs\u0105d\u017acie sami<br \/>\nPomi\u0119dzy bogaczem a biedakiem<\/p>\n<p>Na zdj. Przy Mi\u0142osierdziu Bo\u017cym \/<br \/>\nM\u00f3j samoch\u00f3d \/<br \/>\nKiedy jeszcze by\u0142 na chodzie \/<br \/>\nJezu, ufam Tobie.<\/p>\n<p><img loading=\"lazy\" decoding=\"async\" class=\"JZUAbb\" src=\"https:\/\/lh3.googleusercontent.com\/-KgtcZXNCb28\/XEGlf53uBYI\/AAAAAAAAKC4\/gyK2vROQqiwYITx5RDw1sIPbE2jYmFFJQCJoC\/w530-h398-n\/IMG_20190110_142340.jpg\" alt=\"Zdj\u0119cie\" width=\"530\" height=\"398\" \/><\/p>\n<h1 class=\"title style-scope ytd-video-primary-info-renderer\" style=\"text-align: center;\"><a href=\"https:\/\/www.youtube.com\/watch?v=71QYyiXAMkw\"><em>Perfect &#8211; Wyspa, drzewo, zamek<\/em><\/a><\/h1>\n<h1 class=\"title style-scope ytd-video-primary-info-renderer\" style=\"text-align: center;\"><a href=\"https:\/\/www.youtube.com\/watch?v=pQv9OPprzAE\"><em>Maryjo, Ty\u015b nasz\u0105 nadziej\u0105 &#8211; o. Mariusz Ma\u0142ki\u0144ski<\/em><\/a><\/h1>\n","protected":false},"excerpt":{"rendered":"<p>Przypowie\u015b\u0107 \/ o biedaku i zawistnym bogaczu Pewien biedak mia\u0142 osio\u0142ka Na kt\u00f3rym si\u0119 porusza\u0142 Bogacz z zawi\u015bci\u0105 na to patrzy\u0142 Mimo \u017ce w swej&hellip; <\/p>\n","protected":false},"author":1,"featured_media":0,"parent":0,"menu_order":0,"comment_status":"closed","ping_status":"closed","template":"","meta":{"footnotes":""},"class_list":["post-2247","page","type-page","status-publish","hentry"],"_links":{"self":[{"href":"https:\/\/hubertpietka.bialystok.pl\/index.php?rest_route=\/wp\/v2\/pages\/2247","targetHints":{"allow":["GET"]}}],"collection":[{"href":"https:\/\/hubertpietka.bialystok.pl\/index.php?rest_route=\/wp\/v2\/pages"}],"about":[{"href":"https:\/\/hubertpietka.bialystok.pl\/index.php?rest_route=\/wp\/v2\/types\/page"}],"author":[{"embeddable":true,"href":"https:\/\/hubertpietka.bialystok.pl\/index.php?rest_route=\/wp\/v2\/users\/1"}],"replies":[{"embeddable":true,"href":"https:\/\/hubertpietka.bialystok.pl\/index.php?rest_route=%2Fwp%2Fv2%2Fcomments&post=2247"}],"version-history":[{"count":5,"href":"https:\/\/hubertpietka.bialystok.pl\/index.php?rest_route=\/wp\/v2\/pages\/2247\/revisions"}],"predecessor-version":[{"id":2252,"href":"https:\/\/hubertpietka.bialystok.pl\/index.php?rest_route=\/wp\/v2\/pages\/2247\/revisions\/2252"}],"wp:attachment":[{"href":"https:\/\/hubertpietka.bialystok.pl\/index.php?rest_route=%2Fwp%2Fv2%2Fmedia&parent=2247"}],"curies":[{"name":"wp","href":"https:\/\/api.w.org\/{rel}","templated":true}]}}