{"id":2267,"date":"2019-01-23T21:07:01","date_gmt":"2019-01-23T21:07:01","guid":{"rendered":"http:\/\/hubertpietka.bialystok.pl\/?page_id=2267"},"modified":"2019-01-23T21:09:21","modified_gmt":"2019-01-23T21:09:21","slug":"zimna-noc-styczniowa-nadzieja-polakow-rozgrzana","status":"publish","type":"page","link":"https:\/\/hubertpietka.bialystok.pl\/?page_id=2267","title":{"rendered":"Zimna noc styczniowa \/  nadziej\u0105 Polak\u00f3w rozgrzana"},"content":{"rendered":"<p><strong><em>Zimna noc styczniowa \/\u00a0 nadziej\u0105 Polak\u00f3w rozgrzana<\/em><\/strong><\/p>\n<p>W nocy wybuch\u0142o powstanie<br \/>\nW tej ci\u0119\u017ckiej zimowej porze<br \/>\nPowstali Polacy<br \/>\nBy walczy\u0107 z carem<br \/>\nW Kr\u00f3lestwie Polskim<br \/>\nPod zaborem<\/p>\n<p>Jak to zwykle u Polak\u00f3w bywa<br \/>\nDwie r\u00f3\u017cne drogi tej walki si\u0119 nakre\u015bli\u0142y<br \/>\nStonowana wizja Stronnictwa Bia\u0142ych<br \/>\nA krewcy Czerwoni chcieli i\u015b\u0107 na ca\u0142o\u015b\u0107<\/p>\n<p>Nie by\u0142o \u0142atwo<br \/>\nJednak Biali i Czerwoni musieli si\u0119 w ko\u0144cu porozumie\u0107<br \/>\nI wsp\u00f3lny front roztoczy\u0107<br \/>\nW walce o bia\u0142o-czerwon\u0105 Polsk\u0119<\/p>\n<p>D\u0142ugo walczyli powsta\u0144cy dzielni<br \/>\nMimo przewagi wojsk carskich wielkiej<br \/>\nI represji kt\u00f3re ich potem spotka\u0142y<br \/>\nPodni\u00f3s\u0142 g\u0142ow\u0119 dumny nar\u00f3d<br \/>\nPo raz trzeci<br \/>\nPrzeciwko niesprawiedliwej agresji<\/p>\n<p><em>Na zdj. Kaplica Maryjna martyrologii Polak\u00f3w \/<\/em><br \/>\n<em> W ko\u015bciele \u015awi\u0119tego Krzy\u017ca warszawskim \/<\/em><br \/>\n<em> W rocznic\u0119 wybuchu Powstania Styczniowego pisano \/<\/em><br \/>\n<em> 23 stycznia, nazajutrz.<\/em><\/p>\n<p><img loading=\"lazy\" decoding=\"async\" class=\"JZUAbb\" src=\"https:\/\/lh3.googleusercontent.com\/-qLTB_AKW8gk\/XEhRhv39eDI\/AAAAAAAAKL0\/P1cPhujJ5JcxWmFvhc-CtECW-Xr8THJbwCJoC\/w530-h707-n\/IMG_20181229_190849.jpg\" alt=\"Zdj\u0119cie\" width=\"530\" height=\"707\" \/><\/p>\n","protected":false},"excerpt":{"rendered":"<p>Zimna noc styczniowa \/\u00a0 nadziej\u0105 Polak\u00f3w rozgrzana W nocy wybuch\u0142o powstanie W tej ci\u0119\u017ckiej zimowej porze Powstali Polacy By walczy\u0107 z carem W Kr\u00f3lestwie Polskim&hellip; <\/p>\n","protected":false},"author":1,"featured_media":0,"parent":0,"menu_order":0,"comment_status":"closed","ping_status":"closed","template":"","meta":{"footnotes":""},"class_list":["post-2267","page","type-page","status-publish","hentry"],"_links":{"self":[{"href":"https:\/\/hubertpietka.bialystok.pl\/index.php?rest_route=\/wp\/v2\/pages\/2267","targetHints":{"allow":["GET"]}}],"collection":[{"href":"https:\/\/hubertpietka.bialystok.pl\/index.php?rest_route=\/wp\/v2\/pages"}],"about":[{"href":"https:\/\/hubertpietka.bialystok.pl\/index.php?rest_route=\/wp\/v2\/types\/page"}],"author":[{"embeddable":true,"href":"https:\/\/hubertpietka.bialystok.pl\/index.php?rest_route=\/wp\/v2\/users\/1"}],"replies":[{"embeddable":true,"href":"https:\/\/hubertpietka.bialystok.pl\/index.php?rest_route=%2Fwp%2Fv2%2Fcomments&post=2267"}],"version-history":[{"count":6,"href":"https:\/\/hubertpietka.bialystok.pl\/index.php?rest_route=\/wp\/v2\/pages\/2267\/revisions"}],"predecessor-version":[{"id":2273,"href":"https:\/\/hubertpietka.bialystok.pl\/index.php?rest_route=\/wp\/v2\/pages\/2267\/revisions\/2273"}],"wp:attachment":[{"href":"https:\/\/hubertpietka.bialystok.pl\/index.php?rest_route=%2Fwp%2Fv2%2Fmedia&parent=2267"}],"curies":[{"name":"wp","href":"https:\/\/api.w.org\/{rel}","templated":true}]}}