{"id":2275,"date":"2019-01-23T21:21:10","date_gmt":"2019-01-23T21:21:10","guid":{"rendered":"http:\/\/hubertpietka.bialystok.pl\/?page_id=2275"},"modified":"2019-01-23T21:28:12","modified_gmt":"2019-01-23T21:28:12","slug":"do-sprawiedliwosci-droga-dazenia-permanentne-do-boga","status":"publish","type":"page","link":"https:\/\/hubertpietka.bialystok.pl\/?page_id=2275","title":{"rendered":"Do sprawiedliwo\u015bci droga \/ d\u0105\u017cenia permanentne do Boga"},"content":{"rendered":"<p><strong><em>Do sprawiedliwo\u015bci droga \/ d\u0105\u017cenia permanentne do Boga<\/em><\/strong><\/p>\n<p>Do sprawiedliwo\u015bci d\u0105\u017cenie<br \/>\n\u0141atwe nie jest<br \/>\nDlatego jest procesem<br \/>\nA nie stanem<br \/>\nRaz na zawsze danym<\/p>\n<p>Zdarzaj\u0105 si\u0119 potkni\u0119cia<br \/>\nNa tej drodze<br \/>\nAle powstawa\u0107 musi cz\u0142owiek<br \/>\nSi\u0119 podnosi\u0107 mimo wszystko<\/p>\n<p>Wa\u017cne aby to nie by\u0142y<br \/>\nBardzo bolesne wypadki<br \/>\nPrzez z\u0142o dodatkowo wykrzywiane<br \/>\nWtedy \u0142atwiej si\u0119 wstaje<\/p>\n<p>D\u0105\u017cenie do sprawiedliwo\u015bci<br \/>\nTo hartowanie ducha<br \/>\nWobec trud\u00f3w \u017cycia<br \/>\nI w Panu trwanie<br \/>\nMimo z\u0142a oskar\u017ce\u0144<\/p>\n<p>Droga sprawiedliwo\u015bci<br \/>\nTo nie jest tylko constans<br \/>\nLecz sinusoida<br \/>\nOby ona na plusie jednak by\u0142a<\/p>\n<p>Sprawiedliwo\u015b\u0107<br \/>\nTo cel i mo\u017cliwo\u015b\u0107<br \/>\nCodzienne wybory<br \/>\nWe w\u0142a\u015bciw\u0105 stron\u0119<\/p>\n<p>Z\u0142u si\u0119 nie poddawanie<br \/>\nW nadziei trwanie<br \/>\nZawsze ufanie<br \/>\nDobra praktykowanie<\/p>\n<p style=\"text-align: left;\"><em>Na zdj. Ko\u015bci\u00f3\u0142 \u015bw. Piotra i Paw\u0142a w Zab\u0142udowie \/<\/em><br \/>\n<em> Cerkiew przy Rynku jest z drugiej strony \/<\/em><br \/>\n<em> D\u0105\u017cenie do sprawiedliwo\u015bci \/<\/em><br \/>\n<em> To has\u0142o modlitw o chrze\u015bcijan wsp\u00f3\u0142bycie \/<\/em><br \/>\n<em>W jedno\u015bci \u017cycie.<\/em><\/p>\n<p><img loading=\"lazy\" decoding=\"async\" class=\"JZUAbb\" src=\"https:\/\/lh3.googleusercontent.com\/-2FUe67wp8Ko\/XEZGVF2WvxI\/AAAAAAAAKLA\/_monMWQQGD4-18Q_fSrJYPa91l21lBAgQCJoC\/w530-h398-n\/IMG_20190106_174739.jpg\" alt=\"Zdj\u0119cie\" width=\"530\" height=\"398\" \/><\/p>\n","protected":false},"excerpt":{"rendered":"<p>Do sprawiedliwo\u015bci droga \/ d\u0105\u017cenia permanentne do Boga Do sprawiedliwo\u015bci d\u0105\u017cenie \u0141atwe nie jest Dlatego jest procesem A nie stanem Raz na zawsze danym Zdarzaj\u0105&hellip; <\/p>\n","protected":false},"author":1,"featured_media":0,"parent":0,"menu_order":0,"comment_status":"closed","ping_status":"closed","template":"","meta":{"footnotes":""},"class_list":["post-2275","page","type-page","status-publish","hentry"],"_links":{"self":[{"href":"https:\/\/hubertpietka.bialystok.pl\/index.php?rest_route=\/wp\/v2\/pages\/2275","targetHints":{"allow":["GET"]}}],"collection":[{"href":"https:\/\/hubertpietka.bialystok.pl\/index.php?rest_route=\/wp\/v2\/pages"}],"about":[{"href":"https:\/\/hubertpietka.bialystok.pl\/index.php?rest_route=\/wp\/v2\/types\/page"}],"author":[{"embeddable":true,"href":"https:\/\/hubertpietka.bialystok.pl\/index.php?rest_route=\/wp\/v2\/users\/1"}],"replies":[{"embeddable":true,"href":"https:\/\/hubertpietka.bialystok.pl\/index.php?rest_route=%2Fwp%2Fv2%2Fcomments&post=2275"}],"version-history":[{"count":6,"href":"https:\/\/hubertpietka.bialystok.pl\/index.php?rest_route=\/wp\/v2\/pages\/2275\/revisions"}],"predecessor-version":[{"id":2281,"href":"https:\/\/hubertpietka.bialystok.pl\/index.php?rest_route=\/wp\/v2\/pages\/2275\/revisions\/2281"}],"wp:attachment":[{"href":"https:\/\/hubertpietka.bialystok.pl\/index.php?rest_route=%2Fwp%2Fv2%2Fmedia&parent=2275"}],"curies":[{"name":"wp","href":"https:\/\/api.w.org\/{rel}","templated":true}]}}