{"id":2283,"date":"2019-01-26T10:21:36","date_gmt":"2019-01-26T10:21:36","guid":{"rendered":"http:\/\/hubertpietka.bialystok.pl\/?page_id=2283"},"modified":"2019-01-26T11:07:15","modified_gmt":"2019-01-26T11:07:15","slug":"wrazenia-serca-i-prawda-zycia","status":"publish","type":"page","link":"https:\/\/hubertpietka.bialystok.pl\/?page_id=2283","title":{"rendered":"Wra\u017cenia serca \/ i prawda \u017cycia"},"content":{"rendered":"<p><strong><em>Wra\u017cenia serca \/ i prawda \u017cycia<\/em><\/strong><\/p>\n<p>Odnosz\u0119 wra\u017cenie czasem<br \/>\n\u017be niekt\u00f3rzy by chcieli<br \/>\nBym przeprosi\u0142 \u017ce \u017cyj\u0119<\/p>\n<p>A tymczasem<br \/>\nJa swojej drogi nie wybra\u0142em<br \/>\nJa tylko na ni\u0105 odpowiadam<\/p>\n<p>Rozpo\u015bciera si\u0119 ona przez nas troje<br \/>\nUsytuowana jest ona miedzy Bogiem i lud\u017ami<br \/>\nI nami oraz naszymi nastrojami<\/p>\n<p>To \u017ce z\u0142o na mnie nastaje<br \/>\nJest tylko dla mnie dowodem<br \/>\n\u017be jestem na dobrej drodze<\/p>\n<p>Poza tym w Bogu utwierdzam si\u0119<br \/>\nNie w sobie<br \/>\nPrzez wiern\u0105 modlitw\u0119<\/p>\n<p>Pisz\u0119 co pisz\u0119<br \/>\nTo co przynosi serce<br \/>\nOpisuj\u0119 pracowicie<\/p>\n<p>B\u00f3g mi t\u0105 drog\u0119 wyznaczy\u0142<br \/>\nJa nie mam \u017cadnych pretensji<br \/>\nId\u0119 tylko naprzeciw moim przeznaczeniom<\/p>\n<p>Ufam<br \/>\nKocham<br \/>\nReszt\u0119 Jemu zostawiam<\/p>\n<p><em>Na zdj. Na kolanach \u015bw. Anny Maryja \/<\/em><br \/>\n<em> Co\u015b czyta \/<\/em><br \/>\n<em> Pisano w \u015bw. Franciszka Salezego \/<\/em><br \/>\n<em> Patrona s\u0142owa pisanego.<\/em><\/p>\n<p><img loading=\"lazy\" decoding=\"async\" class=\"JZUAbb\" src=\"https:\/\/lh3.googleusercontent.com\/-Qe--p6n_39I\/XEnqaCnThlI\/AAAAAAAAKO0\/1h5jImrelhIeBCuK_c8AnyH4gZaSTm91ACJoC\/w530-h707-n\/IMG_20181223_190433.jpg\" alt=\"Zdj\u0119cie\" width=\"530\" height=\"707\" \/><\/p>\n<h1 class=\"title style-scope ytd-video-primary-info-renderer\" style=\"text-align: center;\"><a href=\"https:\/\/www.youtube.com\/watch?v=Z-UuXiEz7Qo&amp;t=5\"><em>Shout &#8211; Przepraszam za mi\u0142o\u015b\u0107<\/em><\/a><\/h1>\n<h1 class=\"title style-scope ytd-video-primary-info-renderer\" style=\"text-align: center;\"><a href=\"https:\/\/www.youtube.com\/watch?v=4uYFY7jdQGs\"><em>Szymon Wydra &amp; Carpe Diem &#8211; \u017bycie Jak Poemat<\/em><\/a><\/h1>\n","protected":false},"excerpt":{"rendered":"<p>Wra\u017cenia serca \/ i prawda \u017cycia Odnosz\u0119 wra\u017cenie czasem \u017be niekt\u00f3rzy by chcieli Bym przeprosi\u0142 \u017ce \u017cyj\u0119 A tymczasem Ja swojej drogi nie wybra\u0142em Ja&hellip; <\/p>\n","protected":false},"author":1,"featured_media":0,"parent":0,"menu_order":0,"comment_status":"closed","ping_status":"closed","template":"","meta":{"footnotes":""},"class_list":["post-2283","page","type-page","status-publish","hentry"],"_links":{"self":[{"href":"https:\/\/hubertpietka.bialystok.pl\/index.php?rest_route=\/wp\/v2\/pages\/2283","targetHints":{"allow":["GET"]}}],"collection":[{"href":"https:\/\/hubertpietka.bialystok.pl\/index.php?rest_route=\/wp\/v2\/pages"}],"about":[{"href":"https:\/\/hubertpietka.bialystok.pl\/index.php?rest_route=\/wp\/v2\/types\/page"}],"author":[{"embeddable":true,"href":"https:\/\/hubertpietka.bialystok.pl\/index.php?rest_route=\/wp\/v2\/users\/1"}],"replies":[{"embeddable":true,"href":"https:\/\/hubertpietka.bialystok.pl\/index.php?rest_route=%2Fwp%2Fv2%2Fcomments&post=2283"}],"version-history":[{"count":4,"href":"https:\/\/hubertpietka.bialystok.pl\/index.php?rest_route=\/wp\/v2\/pages\/2283\/revisions"}],"predecessor-version":[{"id":2287,"href":"https:\/\/hubertpietka.bialystok.pl\/index.php?rest_route=\/wp\/v2\/pages\/2283\/revisions\/2287"}],"wp:attachment":[{"href":"https:\/\/hubertpietka.bialystok.pl\/index.php?rest_route=%2Fwp%2Fv2%2Fmedia&parent=2283"}],"curies":[{"name":"wp","href":"https:\/\/api.w.org\/{rel}","templated":true}]}}