{"id":2289,"date":"2019-01-26T11:22:46","date_gmt":"2019-01-26T11:22:46","guid":{"rendered":"http:\/\/hubertpietka.bialystok.pl\/?page_id=2289"},"modified":"2019-01-26T11:25:33","modified_gmt":"2019-01-26T11:25:33","slug":"aneta-a-nie-ta-a-nie-inna","status":"publish","type":"page","link":"https:\/\/hubertpietka.bialystok.pl\/?page_id=2289","title":{"rendered":"Aneta \/ a nie ta a nie inna"},"content":{"rendered":"<p><strong><em>Aneta \/ a nie ta a nie inna<\/em><\/strong><\/p>\n<p>Jest tylko jedna<br \/>\nNajlepsza<br \/>\nWed\u0142ug \u017cycia serca<br \/>\nNajpi\u0119kniejsza<\/p>\n<p>Nie ma innej<br \/>\nI nie b\u0119dzie<br \/>\nOpr\u00f3cz jej<br \/>\nJednej<\/p>\n<p>Ona<br \/>\nDana mi przez Boga<br \/>\nWype\u0142nia wszystkie przestrzenie serca<br \/>\nPolaryzuje duszy najwi\u0119ksze sense<\/p>\n<p>Jest tak bliska<br \/>\n\u017be nie ma juz granic<br \/>\nW \u017cyciu wsp\u00f3lnym mi\u0119dzy nami<\/p>\n<p>Dobra i czysta<br \/>\nW Bogu przedziwna<br \/>\nTajemnica mego \u017cycia<\/p>\n<p>Odpowied\u017a na pytania<br \/>\nBytu mojego<br \/>\nCz\u0142owieczej drogi<br \/>\nKa\u017cdej losu paraboli<\/p>\n<p>Nigdy Opatrzno\u015bci<br \/>\nNie podzi\u0119kuj\u0119 wystarczaj\u0105co<br \/>\nZa dar osoby jej<br \/>\nDla \u015bwiata i dla mnie<\/p>\n<p>Nigdy wy\u015bpiewa\u0107 nie zdo\u0142am<br \/>\nWsp\u00f3lnych chwil dobra<br \/>\nOna wsp\u00f3\u0142zbudowa\u0142a mnie<br \/>\nJej w \u017cyciu mym uczestniczenie<\/p>\n<p>Aneta<br \/>\nDzi\u0119kuj\u0119<br \/>\n\u017be jeste\u015b<br \/>\nTo jest pi\u0119kne<\/p>\n<p><em>Na zdj. Ka\u017cdy jakie\u015b s\u0142o\u0144ca ma \/<\/em><br \/>\n<em> W lesie \u017cycia \/<\/em><br \/>\n<em> Moje s\u0142o\u0144ce ludzkie \/<\/em><br \/>\n<em> To posta\u0107 \u017cony mojej \/<\/em><br \/>\n<em> Drogi najbli\u017cszej sercu.<\/em><\/p>\n<p><img loading=\"lazy\" decoding=\"async\" class=\"JZUAbb\" src=\"https:\/\/lh3.googleusercontent.com\/-DkDX_PhMxUQ\/XElva-FLR8I\/AAAAAAAAKNM\/1KtmDwsd3modX-doJZ_ESTYKo-xiTZ-RQCJoC\/w530-h398-n\/IMG_20190122_125706.jpg\" alt=\"Zdj\u0119cie\" width=\"530\" height=\"398\" \/><\/p>\n<h1 class=\"title style-scope ytd-video-primary-info-renderer\" style=\"text-align: center;\"><a href=\"https:\/\/www.youtube.com\/watch?v=wcXAKhwsl6o\"><em>Edyta G\u00f3rniak i Mietek Szcze\u015bniak &#8211; Dumka Na Dwa Serca<\/em><\/a><\/h1>\n","protected":false},"excerpt":{"rendered":"<p>Aneta \/ a nie ta a nie inna Jest tylko jedna Najlepsza Wed\u0142ug \u017cycia serca Najpi\u0119kniejsza Nie ma innej I nie b\u0119dzie Opr\u00f3cz jej Jednej&hellip; <\/p>\n","protected":false},"author":1,"featured_media":0,"parent":0,"menu_order":0,"comment_status":"closed","ping_status":"closed","template":"","meta":{"footnotes":""},"class_list":["post-2289","page","type-page","status-publish","hentry"],"_links":{"self":[{"href":"https:\/\/hubertpietka.bialystok.pl\/index.php?rest_route=\/wp\/v2\/pages\/2289","targetHints":{"allow":["GET"]}}],"collection":[{"href":"https:\/\/hubertpietka.bialystok.pl\/index.php?rest_route=\/wp\/v2\/pages"}],"about":[{"href":"https:\/\/hubertpietka.bialystok.pl\/index.php?rest_route=\/wp\/v2\/types\/page"}],"author":[{"embeddable":true,"href":"https:\/\/hubertpietka.bialystok.pl\/index.php?rest_route=\/wp\/v2\/users\/1"}],"replies":[{"embeddable":true,"href":"https:\/\/hubertpietka.bialystok.pl\/index.php?rest_route=%2Fwp%2Fv2%2Fcomments&post=2289"}],"version-history":[{"count":2,"href":"https:\/\/hubertpietka.bialystok.pl\/index.php?rest_route=\/wp\/v2\/pages\/2289\/revisions"}],"predecessor-version":[{"id":2291,"href":"https:\/\/hubertpietka.bialystok.pl\/index.php?rest_route=\/wp\/v2\/pages\/2289\/revisions\/2291"}],"wp:attachment":[{"href":"https:\/\/hubertpietka.bialystok.pl\/index.php?rest_route=%2Fwp%2Fv2%2Fmedia&parent=2289"}],"curies":[{"name":"wp","href":"https:\/\/api.w.org\/{rel}","templated":true}]}}