{"id":2293,"date":"2019-01-29T10:42:30","date_gmt":"2019-01-29T10:42:30","guid":{"rendered":"http:\/\/hubertpietka.bialystok.pl\/?page_id=2293"},"modified":"2019-01-29T10:50:30","modified_gmt":"2019-01-29T10:50:30","slug":"posredniczka-ziemi-i-nieba-chrystusa-i-czlowieka","status":"publish","type":"page","link":"https:\/\/hubertpietka.bialystok.pl\/?page_id=2293","title":{"rendered":"Po\u015bredniczka ziemi i nieba \/ Chrystusa i cz\u0142owieka"},"content":{"rendered":"<p><strong><em>Po\u015bredniczka ziemi i nieba \/ Chrystusa i cz\u0142owieka<\/em><\/strong><\/p>\n<p>Kiedy co\u015b zawodzi<br \/>\nCz\u0142owiek sam inni ludzie<br \/>\nW Maryi znajdzie si\u0119 ratunek<\/p>\n<p>Ona w krzy\u017cu<br \/>\nOdnajdzie od razu<br \/>\nBo Ona pod nim sta\u0142a<br \/>\nRozumie go doskonale<\/p>\n<p>Ona zaprowadzi do Chrystusa<br \/>\nBy ten pocieszy\u0142<br \/>\nOna z Nim umocni<\/p>\n<p>Maryja jest w niebie<br \/>\nBy zawsze na ziemi odpowiedzie\u0107<br \/>\nOna wszystko us\u0142yszy<br \/>\nDusz\u0119 przeniknie<\/p>\n<p>Jak s\u0142o\u0144ca promienie<br \/>\nSpadaj\u0105 na ziemi\u0119<br \/>\nTak Maryjna modlitwa<br \/>\n\u0141aski na \u015bwiat zsy\u0142a<\/p>\n<p>Maryja i Chrystus<br \/>\nJedno s\u0105<br \/>\nJezus wpatrzony w Matk\u0119 Sw\u0105<\/p>\n<p>On jej s\u0142\u00f3w zawsze s\u0142ucha<br \/>\nDlatego tak wa\u017cna jest Maryja<br \/>\nI modlitwa za jej po\u015brednictwem<\/p>\n<p>Ona jest w niebie<br \/>\nWstawia si\u0119 za \u015bwiatem<br \/>\nI za tymi kt\u00f3rzy jej zawierzyli<br \/>\nSwe \u017cycie<\/p>\n<p><em>Na zdj. Kr\u00f3lowa Wniebowzi\u0119ta \/<\/em><br \/>\n<em> Na ziemi\u0119 spogl\u0105da \/<\/em><br \/>\n<em> W bia\u0142ostockiej katedrze \/<\/em><br \/>\n<em> Ona zrozumie zawsze.<\/em><\/p>\n<p><img loading=\"lazy\" decoding=\"async\" class=\"JZUAbb\" src=\"https:\/\/lh3.googleusercontent.com\/-NxvI8fgrH2Y\/XE-QhzrEueI\/AAAAAAAAKR0\/ipmBjZLRO5U_vCk0EzSEMdQ_G6Sg8COFACJoC\/w530-h707-n\/IMG_20190127_132221.jpg\" alt=\"Zdj\u0119cie\" width=\"530\" height=\"707\" \/><\/p>\n<h1 class=\"title style-scope ytd-video-primary-info-renderer\" style=\"text-align: center;\"><a href=\"https:\/\/www.youtube.com\/watch?v=81Oc6gqnrgo\"><em>Ave Maria Jasnog\u00f3rska &#8211; Santo Subito &#8211; Cantobiografia Jana Paw\u0142a 2<\/em><\/a><\/h1>\n","protected":false},"excerpt":{"rendered":"<p>Po\u015bredniczka ziemi i nieba \/ Chrystusa i cz\u0142owieka Kiedy co\u015b zawodzi Cz\u0142owiek sam inni ludzie W Maryi znajdzie si\u0119 ratunek Ona w krzy\u017cu Odnajdzie od&hellip; <\/p>\n","protected":false},"author":1,"featured_media":0,"parent":0,"menu_order":0,"comment_status":"closed","ping_status":"closed","template":"","meta":{"footnotes":""},"class_list":["post-2293","page","type-page","status-publish","hentry"],"_links":{"self":[{"href":"https:\/\/hubertpietka.bialystok.pl\/index.php?rest_route=\/wp\/v2\/pages\/2293","targetHints":{"allow":["GET"]}}],"collection":[{"href":"https:\/\/hubertpietka.bialystok.pl\/index.php?rest_route=\/wp\/v2\/pages"}],"about":[{"href":"https:\/\/hubertpietka.bialystok.pl\/index.php?rest_route=\/wp\/v2\/types\/page"}],"author":[{"embeddable":true,"href":"https:\/\/hubertpietka.bialystok.pl\/index.php?rest_route=\/wp\/v2\/users\/1"}],"replies":[{"embeddable":true,"href":"https:\/\/hubertpietka.bialystok.pl\/index.php?rest_route=%2Fwp%2Fv2%2Fcomments&post=2293"}],"version-history":[{"count":5,"href":"https:\/\/hubertpietka.bialystok.pl\/index.php?rest_route=\/wp\/v2\/pages\/2293\/revisions"}],"predecessor-version":[{"id":2298,"href":"https:\/\/hubertpietka.bialystok.pl\/index.php?rest_route=\/wp\/v2\/pages\/2293\/revisions\/2298"}],"wp:attachment":[{"href":"https:\/\/hubertpietka.bialystok.pl\/index.php?rest_route=%2Fwp%2Fv2%2Fmedia&parent=2293"}],"curies":[{"name":"wp","href":"https:\/\/api.w.org\/{rel}","templated":true}]}}