{"id":2300,"date":"2019-01-29T10:58:47","date_gmt":"2019-01-29T10:58:47","guid":{"rendered":"http:\/\/hubertpietka.bialystok.pl\/?page_id=2300"},"modified":"2019-01-29T11:12:27","modified_gmt":"2019-01-29T11:12:27","slug":"wspolna-droga-pod-niebem-boga","status":"publish","type":"page","link":"https:\/\/hubertpietka.bialystok.pl\/?page_id=2300","title":{"rendered":"Wsp\u00f3lna droga \/ pod niebem Boga"},"content":{"rendered":"<p><strong><em>Wsp\u00f3lna droga \/ pod niebem Boga<\/em><\/strong><\/p>\n<p>Na spacer wybrali\u015bmy si\u0119<br \/>\nJa \u017cona moja i pies<br \/>\nDumka zawsze pomi\u0119dzy nami idzie<\/p>\n<p>I kto\u015b jeszcze z nami poszED\u0142<br \/>\nA DAMy mu co\u015b z siebie<br \/>\nI WON A komu\u015b innemu powiemy<br \/>\nKAR I My wiele przyjmujemy<br \/>\nTO MASZ co dasz<\/p>\n<p>I innych wielu<br \/>\nKt\u00f3rych nie wymieni\u0119<br \/>\nSz\u0142o z nami wiernie<\/p>\n<p>Czasem cz\u0142owiek<br \/>\nSi\u0119 potknie na drodze<br \/>\nCzasem o co\u015b zahaczy<br \/>\nAle wesprze\u0107 si\u0119 jest te\u017c na kim<\/p>\n<p>Wsp\u00f3lna droga<br \/>\nPod niebem cud\u00f3w<br \/>\nMi\u0142osiernego Boga<\/p>\n<p>\u017bywi s\u0105 z nami<br \/>\nI ci \u017cyj\u0105cy ju\u017c inaczej<br \/>\nI mimo r\u00f3\u017cnych bole\u015bci<br \/>\nPozostajemy w ufno\u015bci<\/p>\n<p>A s\u0105 przecie\u017c i rado\u015bci<br \/>\nNa tej naszej drodze wsp\u00f3lnej<br \/>\nKu przeznaczeniom duszy<\/p>\n<p><em>Na zdj. Pi\u0119kne niebo \/<\/em><br \/>\n<em> Na \u017bytniej wczoraj by\u0142o \/<\/em><br \/>\n<em> Razem idziemy przez \u017cycie \/<\/em><br \/>\n<em> Pod tym niebem \/<\/em><br \/>\n<em> W kt\u00f3rym z\u0142o\u017cyli\u015bmy wszystkie swe nadzieje.<\/em><\/p>\n<p><img loading=\"lazy\" decoding=\"async\" class=\"JZUAbb\" src=\"https:\/\/lh3.googleusercontent.com\/-lC7WxdK47zo\/XFAKH2mno7I\/AAAAAAAAKSk\/uYdPefz89VsIdD866ERuKGRFxPNz9C1NwCJoC\/w530-h398-n\/IMG_20190128_080241.jpg\" alt=\"Zdj\u0119cie\" width=\"530\" height=\"398\" \/><\/p>\n<p style=\"text-align: center;\"><a href=\"https:\/\/www.youtube.com\/watch?v=uD7NUS9vdmc\"><em><strong>Ryszard Rynkowski &#8211; Nie bud\u017acie marze\u0144 ze snu<\/strong><\/em><\/a><\/p>\n","protected":false},"excerpt":{"rendered":"<p>Wsp\u00f3lna droga \/ pod niebem Boga Na spacer wybrali\u015bmy si\u0119 Ja \u017cona moja i pies Dumka zawsze pomi\u0119dzy nami idzie I kto\u015b jeszcze z nami&hellip; <\/p>\n","protected":false},"author":1,"featured_media":0,"parent":0,"menu_order":0,"comment_status":"closed","ping_status":"closed","template":"","meta":{"footnotes":""},"class_list":["post-2300","page","type-page","status-publish","hentry"],"_links":{"self":[{"href":"https:\/\/hubertpietka.bialystok.pl\/index.php?rest_route=\/wp\/v2\/pages\/2300","targetHints":{"allow":["GET"]}}],"collection":[{"href":"https:\/\/hubertpietka.bialystok.pl\/index.php?rest_route=\/wp\/v2\/pages"}],"about":[{"href":"https:\/\/hubertpietka.bialystok.pl\/index.php?rest_route=\/wp\/v2\/types\/page"}],"author":[{"embeddable":true,"href":"https:\/\/hubertpietka.bialystok.pl\/index.php?rest_route=\/wp\/v2\/users\/1"}],"replies":[{"embeddable":true,"href":"https:\/\/hubertpietka.bialystok.pl\/index.php?rest_route=%2Fwp%2Fv2%2Fcomments&post=2300"}],"version-history":[{"count":4,"href":"https:\/\/hubertpietka.bialystok.pl\/index.php?rest_route=\/wp\/v2\/pages\/2300\/revisions"}],"predecessor-version":[{"id":2304,"href":"https:\/\/hubertpietka.bialystok.pl\/index.php?rest_route=\/wp\/v2\/pages\/2300\/revisions\/2304"}],"wp:attachment":[{"href":"https:\/\/hubertpietka.bialystok.pl\/index.php?rest_route=%2Fwp%2Fv2%2Fmedia&parent=2300"}],"curies":[{"name":"wp","href":"https:\/\/api.w.org\/{rel}","templated":true}]}}