{"id":2306,"date":"2019-02-05T10:28:00","date_gmt":"2019-02-05T10:28:00","guid":{"rendered":"http:\/\/hubertpietka.bialystok.pl\/?page_id=2306"},"modified":"2019-02-05T10:31:10","modified_gmt":"2019-02-05T10:31:10","slug":"i-najmniejszy-moze-byc-w-czyms-lepszy","status":"publish","type":"page","link":"https:\/\/hubertpietka.bialystok.pl\/?page_id=2306","title":{"rendered":"I najmniejszy \/ mo\u017ce by\u0107 w czym\u015b lepszy"},"content":{"rendered":"<p><strong><em>I najmniejszy \/ mo\u017ce by\u0107 w czym\u015b lepszy<\/em><\/strong><\/p>\n<p>Ja nie jestem<br \/>\nOd kogo\u015b lepszy<br \/>\nMo\u017ce i jestem<br \/>\nNajmniejszy<\/p>\n<p>Lecz i jako taki<br \/>\nCo\u015b robi\u0107 dobrze<br \/>\nPo prostu mog\u0119<br \/>\nMniej lub bardziej<\/p>\n<p>To nie jest pycha<br \/>\nWidzie\u0107 w prawdzie<br \/>\nSwe strony dobre<br \/>\nS\u0142abszych nie pomijaj\u0105c tak\u017ce<\/p>\n<p>Ja mo\u017ce i najmniejszy z ludzi<br \/>\nNie wynosz\u0119 si\u0119 ponad kogokolwiek<br \/>\nPrzeciwnie<br \/>\nZawsze umniejszam si\u0119 przed Bogiem<\/p>\n<p>Lecz B\u00f3g talenty jakie\u015b ka\u017cdemu da\u0142<br \/>\nTrzeba si\u0119 stara\u0107 dobrze je wykorzystywa\u0107<br \/>\nPomna\u017ca\u0107<br \/>\nPrzez nie \u017cycie powi\u0119ksza\u0107<\/p>\n<p>Nad nikogo si\u0119 nie wynosz\u0119<br \/>\nStaram si\u0119 tylko widzie\u0107 w prawdzie<br \/>\nJestem w czym\u015b dobry lub nie<br \/>\nI tylko tyle<\/p>\n<p>A przed Bogiem zawsze b\u0119d\u0119 umniejszony<br \/>\nCo nie przeszkadza widzie\u0107<br \/>\n\u017be si\u0119 ma i dobre strony<\/p>\n<p>Nie zapominaj\u0105c jednocze\u015bnie<br \/>\nO s\u0142abo\u015bciach swych tak\u017ce<br \/>\nTrzeba stawa\u0107 w prawdzie<\/p>\n<p><em>Na zdj. Dumka przed pomnikiem ks. Jerzego Popie\u0142uszki \/<\/em><br \/>\n<em> Dumka jest dobrym psem \/<\/em><br \/>\n<em> Ksi\u0105dz Jerzy by\u0142 wspania\u0142ym kap\u0142anem \/<\/em><br \/>\n<em> A ja jestem jaki jestem.<\/em><\/p>\n<p><img loading=\"lazy\" decoding=\"async\" class=\"JZUAbb\" src=\"https:\/\/lh3.googleusercontent.com\/-gmfHtMWk6cQ\/XFk2bfSS3XI\/AAAAAAAAKcA\/vCeMaeuaGnAJ8QL4xWzZIeGuu6mRm0Q5QCJoC\/w530-h707-n\/IMG_20190203_125757.jpg\" alt=\"Zdj\u0119cie\" width=\"530\" height=\"707\" \/><\/p>\n<h1 class=\"title style-scope ytd-video-primary-info-renderer\" style=\"text-align: center;\"><a href=\"https:\/\/www.youtube.com\/watch?v=GsmPKtEsspM\"><em>W Tobie jestem wolny &#8211; Mate.o i E. Nazaruk<\/em><\/a><\/h1>\n","protected":false},"excerpt":{"rendered":"<p>I najmniejszy \/ mo\u017ce by\u0107 w czym\u015b lepszy Ja nie jestem Od kogo\u015b lepszy Mo\u017ce i jestem Najmniejszy Lecz i jako taki Co\u015b robi\u0107 dobrze&hellip; <\/p>\n","protected":false},"author":1,"featured_media":0,"parent":0,"menu_order":0,"comment_status":"closed","ping_status":"closed","template":"","meta":{"footnotes":""},"class_list":["post-2306","page","type-page","status-publish","hentry"],"_links":{"self":[{"href":"https:\/\/hubertpietka.bialystok.pl\/index.php?rest_route=\/wp\/v2\/pages\/2306","targetHints":{"allow":["GET"]}}],"collection":[{"href":"https:\/\/hubertpietka.bialystok.pl\/index.php?rest_route=\/wp\/v2\/pages"}],"about":[{"href":"https:\/\/hubertpietka.bialystok.pl\/index.php?rest_route=\/wp\/v2\/types\/page"}],"author":[{"embeddable":true,"href":"https:\/\/hubertpietka.bialystok.pl\/index.php?rest_route=\/wp\/v2\/users\/1"}],"replies":[{"embeddable":true,"href":"https:\/\/hubertpietka.bialystok.pl\/index.php?rest_route=%2Fwp%2Fv2%2Fcomments&post=2306"}],"version-history":[{"count":4,"href":"https:\/\/hubertpietka.bialystok.pl\/index.php?rest_route=\/wp\/v2\/pages\/2306\/revisions"}],"predecessor-version":[{"id":2310,"href":"https:\/\/hubertpietka.bialystok.pl\/index.php?rest_route=\/wp\/v2\/pages\/2306\/revisions\/2310"}],"wp:attachment":[{"href":"https:\/\/hubertpietka.bialystok.pl\/index.php?rest_route=%2Fwp%2Fv2%2Fmedia&parent=2306"}],"curies":[{"name":"wp","href":"https:\/\/api.w.org\/{rel}","templated":true}]}}