{"id":2312,"date":"2019-02-05T10:40:38","date_gmt":"2019-02-05T10:40:38","guid":{"rendered":"http:\/\/hubertpietka.bialystok.pl\/?page_id=2312"},"modified":"2019-02-05T11:05:39","modified_gmt":"2019-02-05T11:05:39","slug":"lesna-polana-w-sercu-polonii","status":"publish","type":"page","link":"https:\/\/hubertpietka.bialystok.pl\/?page_id=2312","title":{"rendered":"W lesie polana \/ w sercu Polonia"},"content":{"rendered":"<p><strong><em>W lesie polana \/ w sercu Polonia<\/em><\/strong><\/p>\n<p>Polana<br \/>\nPolskich las\u00f3w traw \u0142any<br \/>\nTutaj \u015bniegiem pokryte<br \/>\nJak to zwykle w zimie<\/p>\n<p>Polana<br \/>\nW g\u00f3rach s\u0105 po\u0142oniny<br \/>\nTak\u017ce zim\u0105 zwykle<br \/>\n\u015aniegiem okryte<\/p>\n<p>Polana i Polonia<br \/>\nPolskie lasy<br \/>\nCzy zim\u0105 czy latem<br \/>\nPe\u0142ne krasy<\/p>\n<p>Zapraszam do lasu<br \/>\nMo\u017ce spotkasz w nim polan\u0119<br \/>\nI Polonia ci przed oczami stanie<br \/>\nSzczeg\u00f3lnie zapraszam polsk\u0105 poloni\u0119<\/p>\n<p><em>Na zdj. W lesie polana \/<\/em><br \/>\n<em> Spacer z \u017con\u0105 i Dumk\u0105 \/<\/em><br \/>\n<em> Po lesie na Pieczurkach \/<\/em><br \/>\n<em> W lesie w \u015brodku zdarza si\u0119 polana \/<\/em><br \/>\n<em> A w sercu Polonia jest zawsze.<\/em><\/p>\n<p><img loading=\"lazy\" decoding=\"async\" class=\"JZUAbb\" src=\"https:\/\/lh3.googleusercontent.com\/-iuQzMLu34Zc\/XFYpr-QTaWI\/AAAAAAAAKXI\/cRtfAYD7PCoIYB7vornr75asY1ySqeQHQCJoC\/w530-h398-n\/IMG_20190202_115502.jpg\" alt=\"Zdj\u0119cie\" width=\"530\" height=\"398\" \/><\/p>\n<h1 class=\"title style-scope ytd-video-primary-info-renderer\" style=\"text-align: center;\"><a href=\"https:\/\/www.youtube.com\/watch?v=mZSVYJYPZAM\"><em>Pie\u015b\u0144 Polonijna &#8211; Marsz Marsz Polonia &#8211; Hymn Polonii<\/em><\/a><\/h1>\n<p style=\"text-align: center;\">\/\/\/<\/p>\n<h1 class=\"title style-scope ytd-video-primary-info-renderer\" style=\"text-align: center;\"><a href=\"https:\/\/www.youtube.com\/watch?v=LYBud4hXJI8\"><em>KSU &#8211; Za mg\u0142\u0105<\/em><\/a><\/h1>\n","protected":false},"excerpt":{"rendered":"<p>W lesie polana \/ w sercu Polonia Polana Polskich las\u00f3w traw \u0142any Tutaj \u015bniegiem pokryte Jak to zwykle w zimie Polana W g\u00f3rach s\u0105 po\u0142oniny&hellip; <\/p>\n","protected":false},"author":1,"featured_media":0,"parent":0,"menu_order":0,"comment_status":"closed","ping_status":"closed","template":"","meta":{"footnotes":""},"class_list":["post-2312","page","type-page","status-publish","hentry"],"_links":{"self":[{"href":"https:\/\/hubertpietka.bialystok.pl\/index.php?rest_route=\/wp\/v2\/pages\/2312","targetHints":{"allow":["GET"]}}],"collection":[{"href":"https:\/\/hubertpietka.bialystok.pl\/index.php?rest_route=\/wp\/v2\/pages"}],"about":[{"href":"https:\/\/hubertpietka.bialystok.pl\/index.php?rest_route=\/wp\/v2\/types\/page"}],"author":[{"embeddable":true,"href":"https:\/\/hubertpietka.bialystok.pl\/index.php?rest_route=\/wp\/v2\/users\/1"}],"replies":[{"embeddable":true,"href":"https:\/\/hubertpietka.bialystok.pl\/index.php?rest_route=%2Fwp%2Fv2%2Fcomments&post=2312"}],"version-history":[{"count":8,"href":"https:\/\/hubertpietka.bialystok.pl\/index.php?rest_route=\/wp\/v2\/pages\/2312\/revisions"}],"predecessor-version":[{"id":2321,"href":"https:\/\/hubertpietka.bialystok.pl\/index.php?rest_route=\/wp\/v2\/pages\/2312\/revisions\/2321"}],"wp:attachment":[{"href":"https:\/\/hubertpietka.bialystok.pl\/index.php?rest_route=%2Fwp%2Fv2%2Fmedia&parent=2312"}],"curies":[{"name":"wp","href":"https:\/\/api.w.org\/{rel}","templated":true}]}}