{"id":232,"date":"2017-01-16T22:28:55","date_gmt":"2017-01-16T22:28:55","guid":{"rendered":"http:\/\/hubertpietka.bialystok.pl\/?page_id=232"},"modified":"2017-01-16T22:28:55","modified_gmt":"2017-01-16T22:28:55","slug":"optyka-generalna","status":"publish","type":"page","link":"https:\/\/hubertpietka.bialystok.pl\/?page_id=232","title":{"rendered":"Optyka generalna"},"content":{"rendered":"<p><strong>Optyka generalna<\/strong><\/p>\n<p>&nbsp;<\/p>\n<p>mamy jako taki porz\u0105dek spo\u0142eczny<\/p>\n<p>ludzie poza ma\u0142ymi wyj\u0105tkami<\/p>\n<p>mog\u0105 realizowa\u0107 w miar\u0119 zgodnie<\/p>\n<p>swoje potrzeby \u017cyciowe<\/p>\n<p>&nbsp;<\/p>\n<p>mamy w miar\u0119 porz\u0105dek polityczny<\/p>\n<p>raczej nie ma zagro\u017cenia racji stanu pa\u0144stwa<\/p>\n<p><em>status quo<\/em> pomi\u0119dzy opozycj\u0105 a rz\u0105dz\u0105cymi<\/p>\n<p>jest mimo wszystko raczej zachowany<\/p>\n<p>zwyczajowe zatargi dzi\u015b przyj\u0119te jako norma<\/p>\n<p>&nbsp;<\/p>\n<p>porz\u0105dek prawny r\u00f3wnie\u017c istnieje<\/p>\n<p>z ma\u0142ymi odchyleniami od moralno\u015bci<\/p>\n<p>a ty co robisz kiedy nikt nie widzi<\/p>\n","protected":false},"excerpt":{"rendered":"<p>Optyka generalna &nbsp; mamy jako taki porz\u0105dek spo\u0142eczny ludzie poza ma\u0142ymi wyj\u0105tkami mog\u0105 realizowa\u0107 w miar\u0119 zgodnie swoje potrzeby \u017cyciowe &nbsp; mamy w miar\u0119 porz\u0105dek&hellip; <\/p>\n","protected":false},"author":1,"featured_media":0,"parent":0,"menu_order":0,"comment_status":"closed","ping_status":"closed","template":"","meta":{"footnotes":""},"class_list":["post-232","page","type-page","status-publish","hentry"],"_links":{"self":[{"href":"https:\/\/hubertpietka.bialystok.pl\/index.php?rest_route=\/wp\/v2\/pages\/232","targetHints":{"allow":["GET"]}}],"collection":[{"href":"https:\/\/hubertpietka.bialystok.pl\/index.php?rest_route=\/wp\/v2\/pages"}],"about":[{"href":"https:\/\/hubertpietka.bialystok.pl\/index.php?rest_route=\/wp\/v2\/types\/page"}],"author":[{"embeddable":true,"href":"https:\/\/hubertpietka.bialystok.pl\/index.php?rest_route=\/wp\/v2\/users\/1"}],"replies":[{"embeddable":true,"href":"https:\/\/hubertpietka.bialystok.pl\/index.php?rest_route=%2Fwp%2Fv2%2Fcomments&post=232"}],"version-history":[{"count":1,"href":"https:\/\/hubertpietka.bialystok.pl\/index.php?rest_route=\/wp\/v2\/pages\/232\/revisions"}],"predecessor-version":[{"id":233,"href":"https:\/\/hubertpietka.bialystok.pl\/index.php?rest_route=\/wp\/v2\/pages\/232\/revisions\/233"}],"wp:attachment":[{"href":"https:\/\/hubertpietka.bialystok.pl\/index.php?rest_route=%2Fwp%2Fv2%2Fmedia&parent=232"}],"curies":[{"name":"wp","href":"https:\/\/api.w.org\/{rel}","templated":true}]}}