{"id":2322,"date":"2019-02-05T11:10:45","date_gmt":"2019-02-05T11:10:45","guid":{"rendered":"http:\/\/hubertpietka.bialystok.pl\/?page_id=2322"},"modified":"2019-02-05T11:10:45","modified_gmt":"2019-02-05T11:10:45","slug":"google-na-minus","status":"publish","type":"page","link":"https:\/\/hubertpietka.bialystok.pl\/?page_id=2322","title":{"rendered":"Google + \/ na minus"},"content":{"rendered":"<p><strong><em>Google + \/ na minus<\/em><\/strong><\/p>\n<p>Wczoraj si\u0119 dowiedzia\u0142em<br \/>\n\u017be moje konto skasowane zostanie<\/p>\n<p>Pono\u0107 blog ju\u017c niepopularny jest<br \/>\nCzy tak rzeczywi\u015bcie jest<\/p>\n<p>Historia powtarza\u0107 si\u0119 lubi<br \/>\nNajlepiej odci\u0105\u0107 od ludzi<\/p>\n<p>Lecz nie trzeba martwi\u0107 si\u0119<br \/>\nDost\u0119p jaki\u015b inny znajdzie si\u0119<\/p>\n<p>Je\u015blibym wi\u0119c zamilk\u0142 nagle<br \/>\nTo znaczy \u017ce ju\u017c nie mog\u0119 niczego dodawa\u0107<\/p>\n<p>Konto zostanie usuni\u0119te 2 kwietnia<br \/>\nW rocznice \u015bmierci Polaka papie\u017ca<\/p>\n<p>Czy to przypadkowe<br \/>\nTrzeba sobie odpowiedzie\u0107<\/p>\n<p>Tak\u017ce tu ko\u0144czy si\u0119 co\u015b<br \/>\nBy gdzie indziej co\u015b zacz\u0105\u0107<\/p>\n<p><em>Na zdj. Jan Pawe\u0142 II \u015bwi\u0119ty \/<\/em><br \/>\n<em> W ko\u015bciele \u015awi\u0119tego Krzy\u017ca warszawskim \/<\/em><br \/>\n<em> Daty i wydarzenie przypadkowe nie s\u0105 \/<\/em><br \/>\n<em> Wzajemnie okre\u015blaj\u0105 si\u0119.<\/em><\/p>\n<p><img loading=\"lazy\" decoding=\"async\" class=\"JZUAbb\" src=\"https:\/\/lh3.googleusercontent.com\/-GAcKL_VuHsQ\/XFYnNdUP1TI\/AAAAAAAAKWc\/TLiAWjp51sQ3g44Ed2v3MqzMw82ZbOFVwCJoC\/w530-h707-n\/IMG_20181229_190716.jpg\" alt=\"Zdj\u0119cie\" width=\"530\" height=\"707\" \/><\/p>\n","protected":false},"excerpt":{"rendered":"<p>Google + \/ na minus Wczoraj si\u0119 dowiedzia\u0142em \u017be moje konto skasowane zostanie Pono\u0107 blog ju\u017c niepopularny jest Czy tak rzeczywi\u015bcie jest Historia powtarza\u0107 si\u0119&hellip; <\/p>\n","protected":false},"author":1,"featured_media":0,"parent":0,"menu_order":0,"comment_status":"closed","ping_status":"closed","template":"","meta":{"footnotes":""},"class_list":["post-2322","page","type-page","status-publish","hentry"],"_links":{"self":[{"href":"https:\/\/hubertpietka.bialystok.pl\/index.php?rest_route=\/wp\/v2\/pages\/2322","targetHints":{"allow":["GET"]}}],"collection":[{"href":"https:\/\/hubertpietka.bialystok.pl\/index.php?rest_route=\/wp\/v2\/pages"}],"about":[{"href":"https:\/\/hubertpietka.bialystok.pl\/index.php?rest_route=\/wp\/v2\/types\/page"}],"author":[{"embeddable":true,"href":"https:\/\/hubertpietka.bialystok.pl\/index.php?rest_route=\/wp\/v2\/users\/1"}],"replies":[{"embeddable":true,"href":"https:\/\/hubertpietka.bialystok.pl\/index.php?rest_route=%2Fwp%2Fv2%2Fcomments&post=2322"}],"version-history":[{"count":1,"href":"https:\/\/hubertpietka.bialystok.pl\/index.php?rest_route=\/wp\/v2\/pages\/2322\/revisions"}],"predecessor-version":[{"id":2323,"href":"https:\/\/hubertpietka.bialystok.pl\/index.php?rest_route=\/wp\/v2\/pages\/2322\/revisions\/2323"}],"wp:attachment":[{"href":"https:\/\/hubertpietka.bialystok.pl\/index.php?rest_route=%2Fwp%2Fv2%2Fmedia&parent=2322"}],"curies":[{"name":"wp","href":"https:\/\/api.w.org\/{rel}","templated":true}]}}