{"id":2325,"date":"2019-02-05T11:21:56","date_gmt":"2019-02-05T11:21:56","guid":{"rendered":"http:\/\/hubertpietka.bialystok.pl\/?page_id=2325"},"modified":"2019-02-05T11:23:42","modified_gmt":"2019-02-05T11:23:42","slug":"ofiarowanie-wszystko-dla-i-przez-nmp","status":"publish","type":"page","link":"https:\/\/hubertpietka.bialystok.pl\/?page_id=2325","title":{"rendered":"Ofiarowanie \/ Wszystko dla i przez NMP"},"content":{"rendered":"<p><em><strong>Ofiarowanie \/ Wszystko dla i przez NMP<\/strong><\/em><\/p>\n<p>Przez ni\u0105 do Chrystusa<br \/>\nPrzez Niego do Boga Ojca<br \/>\nDroga \u0142aski na ziemi\u0119 podobna<\/p>\n<p>Ona przed z\u0142em strze\u017ce<br \/>\nOna prowadzi najpewniej<br \/>\nMatka Bo\u017ca Gromniczna<br \/>\nChroni swe dzieci<\/p>\n<p>Jej si\u0119 ofiarowanie<br \/>\nTo pod p\u0142aszczem<br \/>\nBo\u017cej \u0142aski schronienie<\/p>\n<p>Swych pragnie\u0144 nadziei<br \/>\nBliskich swoich<br \/>\nCa\u0142ej ziemi<\/p>\n<p>Ona utuli w ramionach<br \/>\nWszystko i wszystkich<br \/>\nSwoich<\/p>\n<p>Tylko zaufa\u0107<br \/>\nJej wstawiennictwu<br \/>\nPodda\u0107 si\u0119<br \/>\nMatczynej opiece<\/p>\n<p>Nie trzeba nic wi\u0119cej<br \/>\nJak tylko pozna\u0107 Maryi miejsce<br \/>\nJej role w doli cz\u0142owieczej<\/p>\n<p>Ona gromi z\u0142o<br \/>\nJej boi sie ono<br \/>\nUwierzy\u0107 w to<br \/>\nI i\u015b\u0107 z ni\u0105 swoj\u0105 drog\u0105<\/p>\n<p><em>Na zdj. Na niebie zachodnim \/<\/em><br \/>\n<em> Przy Mi\u0142osierdziu Bo\u017cym \/<\/em><br \/>\n<em> C jak consecrata \/\/<\/em><br \/>\n<em> Vita Consecrata \u2013 Adhortacja papie\u017ca II JP \/<\/em><br \/>\n<em> I jej zawo\u0142anie &#8211; Aby inni \u017cycie i nadziej\u0119 mieli \/<\/em><br \/>\n<em> Inne s\u0142owa tu te\u017c &#8211; Niech \u017cywi nie gasz\u0105 nadziei nigdy \/<\/em><br \/>\n<em> Bo nadzieja to istota ofiarowania \/<\/em><br \/>\n<em> Tego \u017ce dzi\u0119ki niej wszystko jak trzeba b\u0119dzie \/\/<\/em><br \/>\n<em> Nieprzypadkowo w Ofiarowanie \/<\/em><br \/>\n<em> Przypada \u015bwi\u0119to os\u00f3b konsekrowanych.<\/em><\/p>\n<p><img loading=\"lazy\" decoding=\"async\" class=\"JZUAbb\" src=\"https:\/\/lh3.googleusercontent.com\/-wNtQA18z2zM\/XFXpTt0YBsI\/AAAAAAAAKV4\/bsxpf6rJBVErsuV8a2Ei0b8SuvCQBSxqwCJoC\/w530-h398-n\/IMG_20190202_161819.jpg\" alt=\"Zdj\u0119cie\" width=\"530\" height=\"398\" \/><\/p>\n<h1 class=\"title style-scope ytd-video-primary-info-renderer\" style=\"text-align: center;\"><a href=\"https:\/\/www.youtube.com\/watch?v=G7Sok7KIzhY\"><em>Matka Boska Gromniczna &#8211; Siedem Pie\u015bni Marii<\/em><\/a><\/h1>\n","protected":false},"excerpt":{"rendered":"<p>Ofiarowanie \/ Wszystko dla i przez NMP Przez ni\u0105 do Chrystusa Przez Niego do Boga Ojca Droga \u0142aski na ziemi\u0119 podobna Ona przed z\u0142em strze\u017ce&hellip; <\/p>\n","protected":false},"author":1,"featured_media":0,"parent":0,"menu_order":0,"comment_status":"closed","ping_status":"closed","template":"","meta":{"footnotes":""},"class_list":["post-2325","page","type-page","status-publish","hentry"],"_links":{"self":[{"href":"https:\/\/hubertpietka.bialystok.pl\/index.php?rest_route=\/wp\/v2\/pages\/2325","targetHints":{"allow":["GET"]}}],"collection":[{"href":"https:\/\/hubertpietka.bialystok.pl\/index.php?rest_route=\/wp\/v2\/pages"}],"about":[{"href":"https:\/\/hubertpietka.bialystok.pl\/index.php?rest_route=\/wp\/v2\/types\/page"}],"author":[{"embeddable":true,"href":"https:\/\/hubertpietka.bialystok.pl\/index.php?rest_route=\/wp\/v2\/users\/1"}],"replies":[{"embeddable":true,"href":"https:\/\/hubertpietka.bialystok.pl\/index.php?rest_route=%2Fwp%2Fv2%2Fcomments&post=2325"}],"version-history":[{"count":3,"href":"https:\/\/hubertpietka.bialystok.pl\/index.php?rest_route=\/wp\/v2\/pages\/2325\/revisions"}],"predecessor-version":[{"id":2328,"href":"https:\/\/hubertpietka.bialystok.pl\/index.php?rest_route=\/wp\/v2\/pages\/2325\/revisions\/2328"}],"wp:attachment":[{"href":"https:\/\/hubertpietka.bialystok.pl\/index.php?rest_route=%2Fwp%2Fv2%2Fmedia&parent=2325"}],"curies":[{"name":"wp","href":"https:\/\/api.w.org\/{rel}","templated":true}]}}