{"id":2330,"date":"2019-02-05T11:27:28","date_gmt":"2019-02-05T11:27:28","guid":{"rendered":"http:\/\/hubertpietka.bialystok.pl\/?page_id=2330"},"modified":"2019-02-05T11:32:56","modified_gmt":"2019-02-05T11:32:56","slug":"szczerosc-serca-objawia-zycia-w-milosci-prawde","status":"publish","type":"page","link":"https:\/\/hubertpietka.bialystok.pl\/?page_id=2330","title":{"rendered":"Szczero\u015b\u0107 serca objawia \/ \u017cycia w mi\u0142o\u015bci prawd\u0119"},"content":{"rendered":"<p><strong><em>Szczero\u015b\u0107 serca objawia \/ \u017cycia w mi\u0142o\u015bci prawd\u0119<\/em><\/strong><\/p>\n<p>Mi\u0142o\u015b\u0107 to<br \/>\nNastawienie na dobro<br \/>\nTo czysta intencja<br \/>\nWola czynienia dobra<\/p>\n<p>Mi\u0142o\u015b\u0107 prawdziwa<br \/>\nNie wykorzystuje k\u0142amstwa<br \/>\nOb\u0142uda jest jej obca<br \/>\nUnika z\u0142a tego rodzaju<\/p>\n<p>Mi\u0142o\u015b\u0107 ma r\u00f3\u017cne wymiary<br \/>\nUbiera si\u0119 w r\u00f3\u017cne barwy<br \/>\nLecz mimo zmiennych sytuacji<br \/>\nTrwa w prawdzie<\/p>\n<p>Mi\u0142o\u015b\u0107<br \/>\nZ cierpieniem si\u0119 \u0142\u0105czy<br \/>\nWszystko by\u0107 pi\u0119knie<br \/>\nNie mo\u017ce na tym \u015bwiecie<\/p>\n<p>Iluzja \u017cycia we wspania\u0142o\u015bci<br \/>\nNijak nie ma si\u0119 do mi\u0142o\u015bci<br \/>\nDostatki tak\u017ce nie zdefiniuj\u0105 jej wcale<br \/>\nJej pi\u0119kno opiera si\u0119 na sta\u0142o\u015bci bardziej<\/p>\n<p>R\u00f3\u017cne mi\u0142o\u015b\u0107 ma wyrazy<br \/>\nJak oblicza ludzkiej twarzy<br \/>\nLecz najwa\u017cniejsze<br \/>\nAby szczere by\u0142o serce<\/p>\n<p>Wtedy si\u0119 nie pob\u0142\u0105dzi<br \/>\nMi\u0142o\u015bci b\u0119dzie si\u0119 s\u0142u\u017cy\u0107<br \/>\nMi\u0142o\u015b\u0107 b\u0119dzie z tob\u0105 zawsze<br \/>\nA ty b\u0119dziesz w niej mieszka\u0142<\/p>\n<p>Jej dom zbudujesz<br \/>\nPoprzez swe \u017cycie<br \/>\nBo przecie\u017c<br \/>\nCzym\u017ce bez mi\u0142o\u015bci jest to wszystko<\/p>\n<p><em>Na zdj. Mi\u0142o\u015b\u0107 jest najwa\u017cniejsza \/<\/em><br \/>\n<em> Napis w Niepokalanowie na o\u0142tarzu polowym \/<\/em><br \/>\n<em> Dach nad o\u0142tarzem \u0142\u00f3dk\u0119 przypomina \/<\/em><br \/>\n<em> Tylko mi\u0142o\u015b\u0107 pozwala r\u00f3\u017cne burzliwe chwile \u017cycia pokonywa\u0107.<\/em><\/p>\n<p><img loading=\"lazy\" decoding=\"async\" class=\"JZUAbb\" src=\"https:\/\/lh3.googleusercontent.com\/-dUxRMXCDDd4\/XFQ35U293vI\/AAAAAAAAKUA\/imqG597FHrkSQmSWm6IG5UzdRYqUrMlcgCJoC\/w530-h398-n\/IMG_20181226_144821.jpg\" alt=\"Zdj\u0119cie\" width=\"530\" height=\"398\" \/><\/p>\n<h1 class=\"title style-scope ytd-video-primary-info-renderer\" style=\"text-align: center;\"><a href=\"https:\/\/www.youtube.com\/watch?v=8f9b0Rp4cQM\"><em>Wsp\u00f3lnota Mi\u0142o\u015bci Ukrzy\u017cowanej &#8211; Hymn O Mi\u0142o\u015bci<\/em><\/a><\/h1>\n","protected":false},"excerpt":{"rendered":"<p>Szczero\u015b\u0107 serca objawia \/ \u017cycia w mi\u0142o\u015bci prawd\u0119 Mi\u0142o\u015b\u0107 to Nastawienie na dobro To czysta intencja Wola czynienia dobra Mi\u0142o\u015b\u0107 prawdziwa Nie wykorzystuje k\u0142amstwa Ob\u0142uda&hellip; <\/p>\n","protected":false},"author":1,"featured_media":0,"parent":0,"menu_order":0,"comment_status":"closed","ping_status":"closed","template":"","meta":{"footnotes":""},"class_list":["post-2330","page","type-page","status-publish","hentry"],"_links":{"self":[{"href":"https:\/\/hubertpietka.bialystok.pl\/index.php?rest_route=\/wp\/v2\/pages\/2330","targetHints":{"allow":["GET"]}}],"collection":[{"href":"https:\/\/hubertpietka.bialystok.pl\/index.php?rest_route=\/wp\/v2\/pages"}],"about":[{"href":"https:\/\/hubertpietka.bialystok.pl\/index.php?rest_route=\/wp\/v2\/types\/page"}],"author":[{"embeddable":true,"href":"https:\/\/hubertpietka.bialystok.pl\/index.php?rest_route=\/wp\/v2\/users\/1"}],"replies":[{"embeddable":true,"href":"https:\/\/hubertpietka.bialystok.pl\/index.php?rest_route=%2Fwp%2Fv2%2Fcomments&post=2330"}],"version-history":[{"count":5,"href":"https:\/\/hubertpietka.bialystok.pl\/index.php?rest_route=\/wp\/v2\/pages\/2330\/revisions"}],"predecessor-version":[{"id":2335,"href":"https:\/\/hubertpietka.bialystok.pl\/index.php?rest_route=\/wp\/v2\/pages\/2330\/revisions\/2335"}],"wp:attachment":[{"href":"https:\/\/hubertpietka.bialystok.pl\/index.php?rest_route=%2Fwp%2Fv2%2Fmedia&parent=2330"}],"curies":[{"name":"wp","href":"https:\/\/api.w.org\/{rel}","templated":true}]}}