{"id":2338,"date":"2019-02-07T15:07:01","date_gmt":"2019-02-07T15:07:01","guid":{"rendered":"http:\/\/hubertpietka.bialystok.pl\/?page_id=2338"},"modified":"2019-02-07T15:18:27","modified_gmt":"2019-02-07T15:18:27","slug":"krol-ryszard-legenda-w-sluzbie-dobra","status":"publish","type":"page","link":"https:\/\/hubertpietka.bialystok.pl\/?page_id=2338","title":{"rendered":"Kr\u00f3l Ryszard \/ legenda w s\u0142u\u017cbie dobra"},"content":{"rendered":"<p><strong><em>Kr\u00f3l Ryszard \/ legenda w s\u0142u\u017cbie dobra<\/em><\/strong><\/p>\n<p>Dzi\u015b wspomnienie Ryszarda Kr\u00f3la<br \/>\nKt\u00f3ry nie by\u0142 kr\u00f3lem<br \/>\nLecz pochodzi\u0142 z kr\u00f3lewskiej rodziny<br \/>\nZa to troje jego dzieci<br \/>\nTe\u017c \u015bwi\u0119tymi zosta\u0142o<br \/>\nKr\u00f3lewsko\u015b\u0107 jego wynika te\u017c z tego<\/p>\n<p>To imi\u0119 wiele znaczy dla mnie<\/p>\n<p>Ryszard Lwie Serce<br \/>\nWed\u0142ug legendy Robin Hooda wspiera\u0142<br \/>\nBiednych wspomo\u017cyciela<br \/>\nKa\u017cdy jakiego\u015b kr\u00f3la Ryszarda<br \/>\nW swym \u017cyciu ma<\/p>\n<p>1. Rychu<br \/>\nM\u00f3j trener pi\u0142karski<br \/>\nW wieku szkolnym<br \/>\nW tym zawo\u0142aniu<br \/>\nNie ma lekcewa\u017cenia<br \/>\nTak na niego m\u00f3wi\u0142o si\u0119<br \/>\nBy\u0142 naprawd\u0119 bardzo dobrym trenerem<br \/>\nTo on pi\u0142karsko ukszta\u0142towa\u0142 mnie<br \/>\nI uczy\u0142 \u017ce mentalnie za pi\u0142k\u0105 nad\u0105\u017ca\u0107 trzeba te\u017c<br \/>\nCo nie zawsze udaje si\u0119<br \/>\nMia\u0142 niezbyt cz\u0119st\u0105 \u00a0te\u017c chyba zdolno\u015b\u0107<br \/>\nNie d\u0142awienia pi\u0142karskich indywidualno\u015bci<br \/>\nPrzy du\u017cym wzgl\u0119dzie<br \/>\nna gr\u0119 zespo\u0142ow\u0105 jednocze\u015bnie<br \/>\nSpod jego r\u0105k i spojrzenia<br \/>\nWysz\u0142o wielu zdolnych pi\u0142karzy<br \/>\nAle jak to w \u017cyciu bywa<br \/>\nWykaza\u0107 si\u0119 potem w tym m\u00f3g\u0142 nie ka\u017cdy<br \/>\nI chocia\u017c kontrowersyjny by\u0142<br \/>\nKto go zna\u0142 pami\u0119ta jego krzyk<br \/>\nI twarda r\u0119k\u0119<br \/>\nTo jednak ja jestem mu wdzi\u0119czny<br \/>\nMusia\u0142em go tu doceni\u0107<br \/>\nI ho\u0142d odda\u0107 nale\u017cny<\/p>\n<p>2. Ryszard Riedel<br \/>\nUkszta\u0142towa\u0142 mnie muzycznie<br \/>\nOn dal mi swoj\u0105 wra\u017cliwo\u015b\u0107<br \/>\nMimo \u017ce nie mia\u0142 \u0142atwego \u017cycia<br \/>\nJa mu uwierzy\u0142em<br \/>\nJego szczero\u015bci<br \/>\nI temu ze mimo trudno\u015bci<br \/>\nMo\u017cna w sercu by\u0107 prostym<br \/>\nOn takim by\u0142 nie dzi\u0119ki problemom swym<br \/>\nLecz w\u0142a\u015bnie mimo wszystko<br \/>\nPomimo ich<\/p>\n<p>Tak\u017ce to imi\u0119<br \/>\nWiele znaczy dla mnie<br \/>\nRyszardy kr\u00f3lowie<br \/>\nUkszta\u0142towali mnie<br \/>\nNie tylko muzycznie i sportowo<br \/>\nDali mi podstawy drogi \u017cyciowej<br \/>\nA ja z Sherwood banita<br \/>\nRobi\u0119 z tym co si\u0119 tylko da<\/p>\n<p><em>Na zdj. Las w Bia\u0142ymstoku na Pieczurkach \/<\/em><br \/>\n<em> Cz\u0142owiekiem z lasu jestem ja \/<\/em><br \/>\n<em> Lecz swoich kr\u00f3l\u00f3w Ryszard\u00f3w pami\u0119tam i ufam \/<\/em><br \/>\n<em> \u017be ich mnie wsp\u00f3\u0142ukszta\u0142towanie poprowadzi moj\u0105 drog\u0119 \u017cyciow\u0105 dalej.<\/em><\/p>\n<p><img loading=\"lazy\" decoding=\"async\" class=\"JZUAbb\" src=\"https:\/\/lh3.googleusercontent.com\/-eWtmLMOWHT4\/XFwMC_ACSWI\/AAAAAAAAKd4\/baAt6SutWx0BCNsiZyC49Cp44sE3dDF6wCJoC\/w530-h398-n\/IMG_20190202_115443.jpg\" alt=\"Zdj\u0119cie\" width=\"530\" height=\"398\" \/><\/p>\n<h1 class=\"title style-scope ytd-video-primary-info-renderer\" style=\"text-align: center;\"><a href=\"https:\/\/www.youtube.com\/watch?v=4obly5V8axc\"><em>Piasek &amp; Sewryn Krajewski &#8211; Ko\u0142ysanka dla okruszka<\/em><\/a><\/h1>\n","protected":false},"excerpt":{"rendered":"<p>Kr\u00f3l Ryszard \/ legenda w s\u0142u\u017cbie dobra Dzi\u015b wspomnienie Ryszarda Kr\u00f3la Kt\u00f3ry nie by\u0142 kr\u00f3lem Lecz pochodzi\u0142 z kr\u00f3lewskiej rodziny Za to troje jego dzieci&hellip; <\/p>\n","protected":false},"author":1,"featured_media":0,"parent":0,"menu_order":0,"comment_status":"closed","ping_status":"closed","template":"","meta":{"footnotes":""},"class_list":["post-2338","page","type-page","status-publish","hentry"],"_links":{"self":[{"href":"https:\/\/hubertpietka.bialystok.pl\/index.php?rest_route=\/wp\/v2\/pages\/2338","targetHints":{"allow":["GET"]}}],"collection":[{"href":"https:\/\/hubertpietka.bialystok.pl\/index.php?rest_route=\/wp\/v2\/pages"}],"about":[{"href":"https:\/\/hubertpietka.bialystok.pl\/index.php?rest_route=\/wp\/v2\/types\/page"}],"author":[{"embeddable":true,"href":"https:\/\/hubertpietka.bialystok.pl\/index.php?rest_route=\/wp\/v2\/users\/1"}],"replies":[{"embeddable":true,"href":"https:\/\/hubertpietka.bialystok.pl\/index.php?rest_route=%2Fwp%2Fv2%2Fcomments&post=2338"}],"version-history":[{"count":4,"href":"https:\/\/hubertpietka.bialystok.pl\/index.php?rest_route=\/wp\/v2\/pages\/2338\/revisions"}],"predecessor-version":[{"id":2342,"href":"https:\/\/hubertpietka.bialystok.pl\/index.php?rest_route=\/wp\/v2\/pages\/2338\/revisions\/2342"}],"wp:attachment":[{"href":"https:\/\/hubertpietka.bialystok.pl\/index.php?rest_route=%2Fwp%2Fv2%2Fmedia&parent=2338"}],"curies":[{"name":"wp","href":"https:\/\/api.w.org\/{rel}","templated":true}]}}