{"id":2344,"date":"2019-02-11T06:51:20","date_gmt":"2019-02-11T06:51:20","guid":{"rendered":"http:\/\/hubertpietka.bialystok.pl\/?page_id=2344"},"modified":"2019-02-11T07:02:47","modified_gmt":"2019-02-11T07:02:47","slug":"161-szatan-a-maryja","status":"publish","type":"page","link":"https:\/\/hubertpietka.bialystok.pl\/?page_id=2344","title":{"rendered":"161 \/ szatan a Maryja"},"content":{"rendered":"<p><strong><em>161 \/ szatan a Maryja<\/em><\/strong><\/p>\n<p>Z\u0142a demon<br \/>\nZmia\u017cd\u017cony zostanie<br \/>\nPrzez Maryj\u0119<\/p>\n<p>Ona na pocz\u0105tku<br \/>\nI na ko\u0144cu<br \/>\nZbawienia drogi<\/p>\n<p>C\u00f3rka cz\u0142owiecza<br \/>\nNiepokalanie Pocz\u0119ta<br \/>\nCa\u0142kowicie bezgrzeszna<br \/>\nSzatana bierze w kleszcze<\/p>\n<p>I cho\u0107 czasem si\u0119 wydaje<br \/>\n\u017be diabe\u0142 tryumfuje<br \/>\nZmia\u017cd\u017cony b\u0119dzie<br \/>\nPrzez Maryj\u0119<\/p>\n<p>Na pocz\u0105tku dziej\u00f3w Ko\u015bcio\u0142a<br \/>\nOna \/ 1<br \/>\nI na ko\u0144cu zatryumfuje<br \/>\nTak\u017ce \/ 1<br \/>\nA szatan \/ 6<br \/>\nPomi\u0119dzy<\/p>\n<p>Zmia\u017cd\u017cony<br \/>\nWzi\u0119ty w kleszcze<\/p>\n<p>Tak b\u0119dzie<\/p>\n<p><em>Na zdj. Matka kap\u0142an\u00f3w \/<\/em><br \/>\n<em> W kaplicy b\u0142. Ksi\u0119dza Micha\u0142a Sopocki na Poleskiej w Bia\u0142ymstoku \/<\/em><br \/>\n<em> Maryj\u0119 poznajemy w Ko\u015bciele i przez Ko\u015bci\u00f3\u0142.<\/em><br \/>\n<em> <strong>W 161 rocznice objawie\u0144 w Lourdes pisano \/<\/strong><\/em><br \/>\n<em> <strong>By o zwyci\u0119stwie Maryi pewno\u015b\u0107 miano.<\/strong><\/em><\/p>\n<p><img loading=\"lazy\" decoding=\"async\" class=\"JZUAbb\" src=\"https:\/\/lh3.googleusercontent.com\/-u60OoxBppEY\/XGEU8TMos6I\/AAAAAAAAKlc\/keFPSc76yx8KFqLoiVzk6XbN-V0dsNBogCJoC\/w530-h707-n\/IMG_20190210_172712.jpg\" alt=\"Zdj\u0119cie\" width=\"530\" height=\"707\" \/><\/p>\n<p style=\"text-align: center;\"><a href=\"https:\/\/www.youtube.com\/watch?v=Dm22EW51hFQ\"><em><strong>Pokorna S\u0142u\u017cebnico Pa\u0144ska &#8211; Mocni w Duchu<\/strong><\/em><\/a><\/p>\n","protected":false},"excerpt":{"rendered":"<p>161 \/ szatan a Maryja Z\u0142a demon Zmia\u017cd\u017cony zostanie Przez Maryj\u0119 Ona na pocz\u0105tku I na ko\u0144cu Zbawienia drogi C\u00f3rka cz\u0142owiecza Niepokalanie Pocz\u0119ta Ca\u0142kowicie bezgrzeszna&hellip; <\/p>\n","protected":false},"author":1,"featured_media":0,"parent":0,"menu_order":0,"comment_status":"closed","ping_status":"closed","template":"","meta":{"footnotes":""},"class_list":["post-2344","page","type-page","status-publish","hentry"],"_links":{"self":[{"href":"https:\/\/hubertpietka.bialystok.pl\/index.php?rest_route=\/wp\/v2\/pages\/2344","targetHints":{"allow":["GET"]}}],"collection":[{"href":"https:\/\/hubertpietka.bialystok.pl\/index.php?rest_route=\/wp\/v2\/pages"}],"about":[{"href":"https:\/\/hubertpietka.bialystok.pl\/index.php?rest_route=\/wp\/v2\/types\/page"}],"author":[{"embeddable":true,"href":"https:\/\/hubertpietka.bialystok.pl\/index.php?rest_route=\/wp\/v2\/users\/1"}],"replies":[{"embeddable":true,"href":"https:\/\/hubertpietka.bialystok.pl\/index.php?rest_route=%2Fwp%2Fv2%2Fcomments&post=2344"}],"version-history":[{"count":4,"href":"https:\/\/hubertpietka.bialystok.pl\/index.php?rest_route=\/wp\/v2\/pages\/2344\/revisions"}],"predecessor-version":[{"id":2348,"href":"https:\/\/hubertpietka.bialystok.pl\/index.php?rest_route=\/wp\/v2\/pages\/2344\/revisions\/2348"}],"wp:attachment":[{"href":"https:\/\/hubertpietka.bialystok.pl\/index.php?rest_route=%2Fwp%2Fv2%2Fmedia&parent=2344"}],"curies":[{"name":"wp","href":"https:\/\/api.w.org\/{rel}","templated":true}]}}