{"id":2355,"date":"2019-02-11T08:15:06","date_gmt":"2019-02-11T08:15:06","guid":{"rendered":"http:\/\/hubertpietka.bialystok.pl\/?page_id=2355"},"modified":"2019-02-11T08:15:06","modified_gmt":"2019-02-11T08:15:06","slug":"topole-do-dzialania-pole","status":"publish","type":"page","link":"https:\/\/hubertpietka.bialystok.pl\/?page_id=2355","title":{"rendered":"Topole \/ do dzia\u0142ania pole"},"content":{"rendered":"<p><strong><em>Topole \/ do dzia\u0142ania pole<\/em><\/strong><\/p>\n<p>Na topoli<br \/>\nZawiesi\u0142em swoj\u0105 gitar\u0119<br \/>\nPotrzebne jest chyba inne dzia\u0142anie<br \/>\nDo czasu<br \/>\nKt\u00f3ry sam si\u0119 wska\u017ce<\/p>\n<p>To pole<br \/>\nDo dzia\u0142ania<br \/>\nMa r\u00f3\u017cne wymiary<br \/>\nKa\u017cdy swoje robi\u0107 musi<br \/>\nCo mu dobra wola wska\u017ce<\/p>\n<p>Kiedy id\u0119 na pole<br \/>\nBo z Ma\u0142opolski pochodz\u0119<br \/>\nTo co w duszy mi gra<br \/>\nOdda\u0107 si\u0119 staram<br \/>\nGdy na dworze papierosa zapalam<br \/>\nCo\u015b w swej duszy mam<br \/>\nBo Podlasie w sercu tak\u017ce<\/p>\n<p>To Polska<br \/>\nTam i tu<br \/>\nI w duszy i w sercu<br \/>\nRazem si\u0119 sk\u0142ada zawsze<br \/>\nTo co jest wa\u017cne<\/p>\n<p>Na zdj. Topole przy basenie \/<br \/>\nPrzez nie s\u0142o\u0144ce przebija si\u0119 \/<br \/>\nObok \u0142\u0105ki czyli pole \/<br \/>\nA to Polska jest w\u0142a\u015bnie.<\/p>\n<p><strong>W \u015bw. Apolonii pisano \/<\/strong><br \/>\n<strong>A Polonia?<\/strong><br \/>\n<strong>Wierz\u0119.<\/strong><br \/>\n<strong>Dalej wiara!<\/strong><\/p>\n<p><img loading=\"lazy\" decoding=\"async\" class=\"JZUAbb\" src=\"https:\/\/lh3.googleusercontent.com\/-Gi-p8v-sP5w\/XF7c6nJBEVI\/AAAAAAAAKgY\/3TXe0k95Gx4mUbjFUGBYU5cGifETYbuTACJoC\/w530-h398-n\/IMG_20190207_094451.jpg\" alt=\"Zdj\u0119cie\" width=\"530\" height=\"398\" \/><\/p>\n","protected":false},"excerpt":{"rendered":"<p>Topole \/ do dzia\u0142ania pole Na topoli Zawiesi\u0142em swoj\u0105 gitar\u0119 Potrzebne jest chyba inne dzia\u0142anie Do czasu Kt\u00f3ry sam si\u0119 wska\u017ce To pole Do dzia\u0142ania&hellip; <\/p>\n","protected":false},"author":1,"featured_media":0,"parent":0,"menu_order":0,"comment_status":"closed","ping_status":"closed","template":"","meta":{"footnotes":""},"class_list":["post-2355","page","type-page","status-publish","hentry"],"_links":{"self":[{"href":"https:\/\/hubertpietka.bialystok.pl\/index.php?rest_route=\/wp\/v2\/pages\/2355","targetHints":{"allow":["GET"]}}],"collection":[{"href":"https:\/\/hubertpietka.bialystok.pl\/index.php?rest_route=\/wp\/v2\/pages"}],"about":[{"href":"https:\/\/hubertpietka.bialystok.pl\/index.php?rest_route=\/wp\/v2\/types\/page"}],"author":[{"embeddable":true,"href":"https:\/\/hubertpietka.bialystok.pl\/index.php?rest_route=\/wp\/v2\/users\/1"}],"replies":[{"embeddable":true,"href":"https:\/\/hubertpietka.bialystok.pl\/index.php?rest_route=%2Fwp%2Fv2%2Fcomments&post=2355"}],"version-history":[{"count":1,"href":"https:\/\/hubertpietka.bialystok.pl\/index.php?rest_route=\/wp\/v2\/pages\/2355\/revisions"}],"predecessor-version":[{"id":2356,"href":"https:\/\/hubertpietka.bialystok.pl\/index.php?rest_route=\/wp\/v2\/pages\/2355\/revisions\/2356"}],"wp:attachment":[{"href":"https:\/\/hubertpietka.bialystok.pl\/index.php?rest_route=%2Fwp%2Fv2%2Fmedia&parent=2355"}],"curies":[{"name":"wp","href":"https:\/\/api.w.org\/{rel}","templated":true}]}}