{"id":2358,"date":"2019-02-20T11:11:53","date_gmt":"2019-02-20T11:11:53","guid":{"rendered":"http:\/\/hubertpietka.bialystok.pl\/?page_id=2358"},"modified":"2019-02-20T11:20:11","modified_gmt":"2019-02-20T11:20:11","slug":"bl-michal-44-smierci-rocznica","status":"publish","type":"page","link":"https:\/\/hubertpietka.bialystok.pl\/?page_id=2358","title":{"rendered":"B\u0142. Micha\u0142 \/ 44 \u015bmierci rocznica"},"content":{"rendered":"<p><strong><em>B\u0142. Micha\u0142 \/ 44 \u015bmierci rocznica<\/em><\/strong><\/p>\n<p>44<br \/>\n40-latek pewien<br \/>\nZ \u017con\u0105 sw\u0105 s\u0105<br \/>\n4 po \u015blubie lata<br \/>\n40 i 4 tworz\u0105 razem<\/p>\n<p>(Ta ta rata)<\/p>\n<p>B\u0142. Micha\u0142<br \/>\nTo ich patron<br \/>\nOn ich zapozna\u0142<br \/>\nSobie nawzajem dal<\/p>\n<p>On zawsze im towarzyszy<br \/>\nWe wszelkich wydarzeniach \u017cycia<br \/>\nPrzez Mi\u0142osierdzie Bo\u017ce<br \/>\nWyprasza im je o ka\u017cdej porze<\/p>\n<p>Gr\u00f3b jego<br \/>\nW Sanktuarium Mi\u0142osierdzia Bo\u017cego<br \/>\nA raczej jego relikwie<br \/>\nTak blisko bliskie<\/p>\n<p>A obok na Poleskiej<br \/>\nKaplica ojca<br \/>\nTe\u017c wa\u017cne miejsce<br \/>\nZ niego wysz\u0142o<br \/>\nIch ma\u0142\u017ce\u0144stwo<\/p>\n<p>B\u0142. Michale<br \/>\nWypraszaj nam Mi\u0142osierdzie u Boga<br \/>\nNieustannie i dalej<br \/>\nBy\u015bmy wszystko spe\u0142nili<br \/>\nMimo \u017ce jeste\u015bmy Boga s\u0142ugami marnymi<br \/>\nBy\u015bmy wol\u0105 Jego \u017cyli<\/p>\n<p><em>Na zdj. B\u0142. Micha\u0142 na Poleskiej \/<\/em><br \/>\n<em> Przy klasztorze ZSJM \/<\/em><br \/>\n<em> Jezu ufamy Tobie \/<\/em><br \/>\n<em> Cali zbudowani jeste\u015bmy z Ciebie \/<\/em><br \/>\n<em> Z Mi\u0142o\u015bci Twej mi\u0142osiernej.<\/em><\/p>\n<p><img loading=\"lazy\" decoding=\"async\" class=\"JZUAbb\" src=\"https:\/\/lh3.googleusercontent.com\/-vsNPJ67B6b4\/XGdLjnDy1wI\/AAAAAAAAKo4\/heS7OqjpTBMyGLPGsLge4AnjxEWzB5PKwCJoC\/w530-h398-n\/IMG_20190215_111447.jpg\" alt=\"Zdj\u0119cie\" width=\"530\" height=\"398\" \/><\/p>\n<h1 class=\"title style-scope ytd-video-primary-info-renderer\" style=\"text-align: center;\"><a href=\"https:\/\/www.youtube.com\/watch?v=KyoaPUAJGAI\"><em>Oddzia\u0142 Zamkni\u0119ty &#8211; Gdyby Nie Ty<\/em><\/a><\/h1>\n<h1 class=\"title style-scope ytd-video-primary-info-renderer\" style=\"text-align: center;\">\ud83d\ude42<\/h1>\n","protected":false},"excerpt":{"rendered":"<p>B\u0142. Micha\u0142 \/ 44 \u015bmierci rocznica 44 40-latek pewien Z \u017con\u0105 sw\u0105 s\u0105 4 po \u015blubie lata 40 i 4 tworz\u0105 razem (Ta ta rata)&hellip; <\/p>\n","protected":false},"author":1,"featured_media":0,"parent":0,"menu_order":0,"comment_status":"closed","ping_status":"closed","template":"","meta":{"footnotes":""},"class_list":["post-2358","page","type-page","status-publish","hentry"],"_links":{"self":[{"href":"https:\/\/hubertpietka.bialystok.pl\/index.php?rest_route=\/wp\/v2\/pages\/2358","targetHints":{"allow":["GET"]}}],"collection":[{"href":"https:\/\/hubertpietka.bialystok.pl\/index.php?rest_route=\/wp\/v2\/pages"}],"about":[{"href":"https:\/\/hubertpietka.bialystok.pl\/index.php?rest_route=\/wp\/v2\/types\/page"}],"author":[{"embeddable":true,"href":"https:\/\/hubertpietka.bialystok.pl\/index.php?rest_route=\/wp\/v2\/users\/1"}],"replies":[{"embeddable":true,"href":"https:\/\/hubertpietka.bialystok.pl\/index.php?rest_route=%2Fwp%2Fv2%2Fcomments&post=2358"}],"version-history":[{"count":4,"href":"https:\/\/hubertpietka.bialystok.pl\/index.php?rest_route=\/wp\/v2\/pages\/2358\/revisions"}],"predecessor-version":[{"id":2362,"href":"https:\/\/hubertpietka.bialystok.pl\/index.php?rest_route=\/wp\/v2\/pages\/2358\/revisions\/2362"}],"wp:attachment":[{"href":"https:\/\/hubertpietka.bialystok.pl\/index.php?rest_route=%2Fwp%2Fv2%2Fmedia&parent=2358"}],"curies":[{"name":"wp","href":"https:\/\/api.w.org\/{rel}","templated":true}]}}