{"id":2364,"date":"2019-02-20T11:38:51","date_gmt":"2019-02-20T11:38:51","guid":{"rendered":"http:\/\/hubertpietka.bialystok.pl\/?page_id=2364"},"modified":"2019-02-20T11:48:53","modified_gmt":"2019-02-20T11:48:53","slug":"arcydzielo-tryptyk-bogu-pierwszenstwo","status":"publish","type":"page","link":"https:\/\/hubertpietka.bialystok.pl\/?page_id=2364","title":{"rendered":"ARCYDZIE\u0141O \/ Tryptyk &#8211; Bogu pierwsze\u0144stwo"},"content":{"rendered":"<p style=\"text-align: center;\"><em><strong>ARCYDZIE\u0141O \/ Tryptyk &#8211; Bogu pierwsze\u0144stwo<\/strong><\/em><\/p>\n<p>Arcy-dzieli si\u0119 dobro<br \/>\nArcy-dziel\u0105c si\u0119 mno\u017cy<br \/>\nArcy jest B\u00f3g<br \/>\nI wszystko co z Niego jest<\/p>\n<p style=\"text-align: center;\"><em><strong>Dzie\u0142o dobre \/ a Bo\u017ca iskra<\/strong><\/em><\/p>\n<p>To co dobre najlepsze<br \/>\nZ Bo\u017cej woli si\u0119 dzieje<br \/>\nPo owocach si\u0119 to poznaje<\/p>\n<p>Dobro ma zawsze<br \/>\nBo\u017cy pierwiastek<br \/>\nJak wiosny zapowied\u017a pierwiosnek<\/p>\n<p>Najpierw cel dzia\u0142ania<br \/>\nJest wa\u017cny niezmiernie<br \/>\nMotywacji pierwociny<\/p>\n<p>A nast\u0119pnie efekt<br \/>\nLecz ten pierwszy<br \/>\nKt\u00f3ry dzia\u0142a dobrze w sercu<\/p>\n<p>Pomi\u0119dzy motywem i skutkiem<br \/>\nSi\u0119 dzie\u0142o sytuuje<br \/>\nOwoce jego wynikaj\u0105 z tego<\/p>\n<p>A arcydzie\u0142o<br \/>\nTo warto\u015bci pierwsze<br \/>\nWynikowe i akt dzie\u0142a pierworodz\u0105ce<\/p>\n<p>Arcydzie\u0142o w Bogu si\u0119 zakorzenia<br \/>\nA antydzie\u0142o przeciwnie<br \/>\nZe z\u0142a jest i takie\u017c jego owoce<\/p>\n<p>I nie sztuka tylko<br \/>\nLecz ka\u017cde dzia\u0142anie<br \/>\nKt\u00f3re w Bogu lub z\u0142u si\u0119 zakorzenia jest takie<\/p>\n<p style=\"text-align: center;\"><em><strong>Dobre s\u0105 dzie\u0142a Boga \/ zawsze<\/strong><\/em><\/p>\n<p><strong>1.<\/strong> Dobrym dzie\u0142em jest wszystko<br \/>\nPan B\u00f3g dobrze stworzy\u0142 rzeczywisto\u015b\u0107<br \/>\nZ\u0142o na \u015bwiat przez zawi\u015b\u0107 diab\u0142a przysz\u0142o<\/p>\n<p>Cz\u0142owiek niestety<br \/>\nPoddaje si\u0119 grzechom<br \/>\nI przez to<br \/>\nOtwiera dla diabla w swym \u017cyciu przestrze\u0144<\/p>\n<p>Lecz B\u00f3g jest mocniejszy ni\u017c grzech<br \/>\nOn zwyci\u0119\u017cy\u0142 te\u017c \u015bmier\u0107<br \/>\nPrzebaczenie rozdaje Swe nieustannie<\/p>\n<p>Trzeba tylko do Niego zwr\u00f3ci\u0107 swe serce<br \/>\nJemu odda\u0107 siebie<br \/>\nA On przygarnie i b\u0119dzie przemienia\u0142<\/p>\n<p><strong>2.<\/strong> Dobrym dzie\u0142em Boga jest mi\u0142o\u015b\u0107<br \/>\nJego Mi\u0142osierdzie obejmuje wszystko<br \/>\nNienawi\u015b\u0107 to antydzie\u0142o szata\u0144skie<\/p>\n<p>Dobry jest \u015bwiat cz\u0142owiek<br \/>\nOddala\u0107 tyko musi on grzech<br \/>\nPowstawa\u0107 gdy upadnie<\/p>\n<p>Wtedy \u015bwiat pi\u0119knieje<br \/>\nZ\u0142u si\u0119 miejsca nie daje<br \/>\nDobro \u015bwiat na nowo uk\u0142ada<\/p>\n<p><strong>3.<\/strong> Mi\u0142osierdzie Bo\u017ce arcydzie\u0142o<br \/>\nTo mi\u0142o\u015b\u0107 dobro i przebaczenie<br \/>\nNowe \u017cycie stale odnawiaj\u0105ce si\u0119<\/p>\n<p>Arcydzie\u0142em Boga jest cz\u0142owiek<br \/>\nNajpi\u0119kniejszy tego wyraz to Maryja<br \/>\nPanna Bezgrzeszna Niepokalana Przeczysta<\/p>\n<p>M\u0105dro\u015b\u0107 i dobro\u0107<br \/>\nPrawda i pi\u0119kno<br \/>\nWsp\u00f3\u0142tworz\u0105 Bo\u017ce arcydzie\u0142o<\/p>\n<p><strong>4.<\/strong> \u015awiat na Boga wskazuje<br \/>\nW nim s\u0105 pierwiastki Wszechmocy Jego<br \/>\nOn dobrze wszystko stworzy\u0142<\/p>\n<p>Duch Bo\u017cy unosi si\u0119 nad \u015bwiatem<br \/>\nPrzenika wszystko i wszystkich<br \/>\nW Nim \u015bwiat ten porusza si\u0119<\/p>\n<p>Trzeba tylko<br \/>\nNie dawa\u0107 miejsca z\u0142u<br \/>\nA naturalna si\u0142a dobra odmienia\u0107 b\u0119dzie wszystko<\/p>\n<p style=\"text-align: center;\"><em><strong>Cz\u0142owiek \/ to te\u017c dzie\u0142o Bo\u017ce jest<\/strong><\/em><\/p>\n<p>Mimo s\u0142abo\u015bci<br \/>\nPrzed kt\u00f3rymi uciec nie spos\u00f3b<br \/>\nLudzie s\u0105 Boga arcydzie\u0142em<\/p>\n<p>Wspania\u0142ym komponentem<br \/>\nR\u00f3\u017cnych cech i warto\u015bci<br \/>\nW kt\u00f3rych B\u00f3g zaszczepi\u0142 duszy iskr\u0119<\/p>\n<p>I obdarzy\u0142 godno\u015bci\u0105 ich<br \/>\nNiewymown\u0105 jako dzieci Bo\u017cych<br \/>\nJaki\u017c to wielki przywilej w\u015br\u00f3d stworze\u0144<\/p>\n<p>I ka\u017cdy cz\u0142owiek<br \/>\nMimo s\u0142abo\u015bci<br \/>\nJest dzieckiem Bo\u017cym<\/p>\n<p>Tylko trzeba<br \/>\nW Bogu swego Pana uzna\u0107<br \/>\nI odda\u0107 mu chwa\u0142\u0119 jako Stworzyciela \u015bwiata<\/p>\n<p>I jego Zbawiciela<br \/>\nZ grzech\u00f3w Odkupiciela<br \/>\nA kt\u00f3\u017c ich nie ma<\/p>\n<p>Trzeba te\u017c uzna\u0107 s\u0142abo\u015bci swe<br \/>\nI przyzna\u0107 Bogu moc doskonalenia<br \/>\nMimo tych s\u0142abo\u015bci n\u0119dznych wielu<\/p>\n<p><em>Na zdj. S\u0142o\u0144ca zach\u00f3d \/<\/em><br \/>\n<em> Ulica Legionowa Bia\u0142ystok \/<\/em><br \/>\n<em> Ca\u0142y \u015bwiat jest aren\u0105 Bo\u017cych dzia\u0142a\u0144 \/<\/em><br \/>\n<em> Pan B\u00f3g wspaniale nas stworzy\u0142 i prowadzi.<\/em><\/p>\n<p><img loading=\"lazy\" decoding=\"async\" class=\"JZUAbb\" src=\"https:\/\/lh3.googleusercontent.com\/-n-WsRRX7xRA\/XGnqYRxqN9I\/AAAAAAAAKs0\/sAjj5YdWXfAPE5_iKVPy6q91ATGYirc-QCJoC\/w530-h398-n\/IMG_20190214_164830.jpg\" alt=\"Zdj\u0119cie\" width=\"530\" height=\"398\" \/><\/p>\n<h1 class=\"title style-scope ytd-video-primary-info-renderer\" style=\"text-align: center;\"><a href=\"https:\/\/www.youtube.com\/watch?v=ZXQxIpYP2R4\"><em>ARKA NOEGO &#8211; Dobre dobre bardzo dobre<\/em><\/a><\/h1>\n<p style=\"text-align: center;\">\ud83d\ude42<\/p>\n<p style=\"text-align: center;\"><a href=\"https:\/\/www.youtube.com\/watch?v=AqoZGgFSjIc\"><em><strong>Powiedz ludziom<\/strong><\/em><\/a><\/p>\n","protected":false},"excerpt":{"rendered":"<p>ARCYDZIE\u0141O \/ Tryptyk &#8211; Bogu pierwsze\u0144stwo Arcy-dzieli si\u0119 dobro Arcy-dziel\u0105c si\u0119 mno\u017cy Arcy jest B\u00f3g I wszystko co z Niego jest Dzie\u0142o dobre \/ a&hellip; <\/p>\n","protected":false},"author":1,"featured_media":0,"parent":0,"menu_order":0,"comment_status":"closed","ping_status":"closed","template":"","meta":{"footnotes":""},"class_list":["post-2364","page","type-page","status-publish","hentry"],"_links":{"self":[{"href":"https:\/\/hubertpietka.bialystok.pl\/index.php?rest_route=\/wp\/v2\/pages\/2364","targetHints":{"allow":["GET"]}}],"collection":[{"href":"https:\/\/hubertpietka.bialystok.pl\/index.php?rest_route=\/wp\/v2\/pages"}],"about":[{"href":"https:\/\/hubertpietka.bialystok.pl\/index.php?rest_route=\/wp\/v2\/types\/page"}],"author":[{"embeddable":true,"href":"https:\/\/hubertpietka.bialystok.pl\/index.php?rest_route=\/wp\/v2\/users\/1"}],"replies":[{"embeddable":true,"href":"https:\/\/hubertpietka.bialystok.pl\/index.php?rest_route=%2Fwp%2Fv2%2Fcomments&post=2364"}],"version-history":[{"count":7,"href":"https:\/\/hubertpietka.bialystok.pl\/index.php?rest_route=\/wp\/v2\/pages\/2364\/revisions"}],"predecessor-version":[{"id":2371,"href":"https:\/\/hubertpietka.bialystok.pl\/index.php?rest_route=\/wp\/v2\/pages\/2364\/revisions\/2371"}],"wp:attachment":[{"href":"https:\/\/hubertpietka.bialystok.pl\/index.php?rest_route=%2Fwp%2Fv2%2Fmedia&parent=2364"}],"curies":[{"name":"wp","href":"https:\/\/api.w.org\/{rel}","templated":true}]}}