{"id":2373,"date":"2019-02-20T12:04:57","date_gmt":"2019-02-20T12:04:57","guid":{"rendered":"http:\/\/hubertpietka.bialystok.pl\/?page_id=2373"},"modified":"2019-02-20T12:10:31","modified_gmt":"2019-02-20T12:10:31","slug":"19219-2","status":"publish","type":"page","link":"https:\/\/hubertpietka.bialystok.pl\/?page_id=2373","title":{"rendered":"19\/2\/19"},"content":{"rendered":"<p><strong><em>19\/2\/19<\/em><\/strong><\/p>\n<p>100 lecie<br \/>\nNiepodleg\u0142y Bia\u0142ystok<br \/>\n\u015awi\u0119to Polski<br \/>\n19.(0)2.2(0)19<\/p>\n<p>19\u202619<br \/>\n2=2i<br \/>\n(0)<\/p>\n<p>19 podw\u00f3jnie<br \/>\n2 x rozdzielone<br \/>\nUsystematyzowane<\/p>\n<p>Wszystko w Bo\u017cym planie<br \/>\nNie ma przypadk\u00f3w<\/p>\n<p>Lepiej p\u00f3\u017aniej ni\u017c wcale<br \/>\nBia\u0142ystok do Polski do\u0142\u0105cza si\u0119<br \/>\n100 lecie<br \/>\nUstabilizowane<\/p>\n<p>1 i 9 dwa razy<br \/>\nPomi\u0119dzy 10 i 20<br \/>\n1(0) a 2(0)<br \/>\nPowt\u00f3rzone<br \/>\nWszystko musi si\u0119 dope\u0142nia\u0107<br \/>\n2 pomi\u0119dzy<br \/>\nWi\u0119c na pewno<\/p>\n<p><em>Na zdj. Flaga na balkonie Polski \/<\/em><br \/>\n<em> W Bia\u0142ymstoku dzi\u015b \u015bwi\u0119tujemy Niepodleg\u0142o\u015b\u0107 \/<\/em><br \/>\n<em> Troch\u0119 p\u00f3\u017aniej to si\u0119 dzieje \/<\/em><br \/>\n<em> Ale za to podw\u00f3jnie.<\/em><\/p>\n<p><img loading=\"lazy\" decoding=\"async\" class=\"JZUAbb\" src=\"https:\/\/lh3.googleusercontent.com\/-azZMA8Va0Ig\/XGx2lqDLmCI\/AAAAAAAAKyE\/2nLS3XzJHZkMqvHpB_fCs2NfW48_vsXsgCJoC\/w530-h398-n\/IMG_20190219_154823.jpg\" alt=\"Zdj\u0119cie\" width=\"530\" height=\"398\" \/><\/p>\n<h1 class=\"title style-scope ytd-video-primary-info-renderer\" style=\"text-align: center;\"><a href=\"https:\/\/www.youtube.com\/watch?v=jgYrH2_gK0E\"><em>KULT &#8211; Mieszkam w Polsce<\/em><\/a><\/h1>\n","protected":false},"excerpt":{"rendered":"<p>19\/2\/19 100 lecie Niepodleg\u0142y Bia\u0142ystok \u015awi\u0119to Polski 19.(0)2.2(0)19 19\u202619 2=2i (0) 19 podw\u00f3jnie 2 x rozdzielone Usystematyzowane Wszystko w Bo\u017cym planie Nie ma przypadk\u00f3w Lepiej&hellip; <\/p>\n","protected":false},"author":1,"featured_media":0,"parent":0,"menu_order":0,"comment_status":"closed","ping_status":"closed","template":"","meta":{"footnotes":""},"class_list":["post-2373","page","type-page","status-publish","hentry"],"_links":{"self":[{"href":"https:\/\/hubertpietka.bialystok.pl\/index.php?rest_route=\/wp\/v2\/pages\/2373","targetHints":{"allow":["GET"]}}],"collection":[{"href":"https:\/\/hubertpietka.bialystok.pl\/index.php?rest_route=\/wp\/v2\/pages"}],"about":[{"href":"https:\/\/hubertpietka.bialystok.pl\/index.php?rest_route=\/wp\/v2\/types\/page"}],"author":[{"embeddable":true,"href":"https:\/\/hubertpietka.bialystok.pl\/index.php?rest_route=\/wp\/v2\/users\/1"}],"replies":[{"embeddable":true,"href":"https:\/\/hubertpietka.bialystok.pl\/index.php?rest_route=%2Fwp%2Fv2%2Fcomments&post=2373"}],"version-history":[{"count":4,"href":"https:\/\/hubertpietka.bialystok.pl\/index.php?rest_route=\/wp\/v2\/pages\/2373\/revisions"}],"predecessor-version":[{"id":2377,"href":"https:\/\/hubertpietka.bialystok.pl\/index.php?rest_route=\/wp\/v2\/pages\/2373\/revisions\/2377"}],"wp:attachment":[{"href":"https:\/\/hubertpietka.bialystok.pl\/index.php?rest_route=%2Fwp%2Fv2%2Fmedia&parent=2373"}],"curies":[{"name":"wp","href":"https:\/\/api.w.org\/{rel}","templated":true}]}}