{"id":2379,"date":"2019-02-20T12:19:57","date_gmt":"2019-02-20T12:19:57","guid":{"rendered":"http:\/\/hubertpietka.bialystok.pl\/?page_id=2379"},"modified":"2019-02-20T12:22:56","modified_gmt":"2019-02-20T12:22:56","slug":"najwazniejszy-moment-cywilizacji-in-klin-a-co-na-to-ja","status":"publish","type":"page","link":"https:\/\/hubertpietka.bialystok.pl\/?page_id=2379","title":{"rendered":"Najwa\u017cniejszy moment cywilizacji \/ in-klin-a-c(o na to)-ja"},"content":{"rendered":"<p><strong><em>Najwa\u017cniejszy moment cywilizacji \/ in-klin-a-c(o na to)-ja<\/em><\/strong><\/p>\n<p>Walki dobra ze z\u0142em czas<br \/>\nTo nawet nie jest<br \/>\nO \u017cycie i \u015bmier\u0107<br \/>\nTu chodzi<\/p>\n<p>Ostatni ju\u017c moment<br \/>\nAby si\u0119 obudzi\u0107<\/p>\n<p>Albo ogarnie wszystko \u015bmier\u0107<br \/>\nAlbo wygra \u017cycie<br \/>\nWybiera cz\u0142owiek<br \/>\nGdzie cegie\u0142k\u0119 do\u0142o\u017cy<\/p>\n<p>Suma poszczeg\u00f3lnych \u017cy\u0107<br \/>\nMusi przezwyci\u0119\u017cy\u0107 \u015bmier\u0107<\/p>\n<p>Przez mi\u0142o\u015b\u0107 \u017cycie rozkwita<br \/>\nPi\u0119knieje w oczach wszystko<br \/>\nA dobro i prawda<br \/>\nId\u0105 w jednej parze<\/p>\n<p>\u015amier\u0107 zniszczenie niesie<br \/>\nZ\u0142o ma w swej s\u0142u\u017cbie<br \/>\nNienawi\u015b\u0107 i k\u0142amstwo<br \/>\nTo jego s\u0142udzy<\/p>\n<p>Co \u015bwiat wybierze<br \/>\nCzy \u017cy\u0107 chce<br \/>\nCzy zatraci\u0107 si\u0119<\/p>\n<p>Rozwija\u0107 wszystko<br \/>\nCzy rozsiewa\u0107 pustk\u0119<\/p>\n<p>Cywilizacja<br \/>\nAkcent ostatni<br \/>\nW kt\u00f3r\u0105 stron\u0119<br \/>\n\u015awiat pod\u0105\u017cy<\/p>\n<p>Na zdj. Niebo na \u017bytniej sprzed dni paru \/<br \/>\nOb\u0142oki rozatomizowane \/<br \/>\nW r\u00f3\u017cnych sferach razem si\u0119 uk\u0142adaj\u0105 \/<br \/>\n\u015awiat wybiera i ka\u017cdy cz\u0142owiek \/<br \/>\n\u015amier\u0107 czy \u017cycie.<\/p>\n<p><img loading=\"lazy\" decoding=\"async\" class=\"JZUAbb\" src=\"https:\/\/lh3.googleusercontent.com\/-R4YTfWjkVZw\/XGSmQjS6_CI\/AAAAAAAAKmw\/HliAhihqM6Q4Mpl88ZhMLBvpKrTrt-17ACJoC\/w530-h398-n\/IMG_20190210_122642.jpg\" alt=\"Zdj\u0119cie\" width=\"530\" height=\"398\" \/><\/p>\n<h1 class=\"title style-scope ytd-video-primary-info-renderer\" style=\"text-align: center;\"><a href=\"https:\/\/www.youtube.com\/watch?v=eim98x4s4Ys\"><em>Happysad &#8211; Nadzy Na Mr\u00f3z<\/em><\/a><\/h1>\n","protected":false},"excerpt":{"rendered":"<p>Najwa\u017cniejszy moment cywilizacji \/ in-klin-a-c(o na to)-ja Walki dobra ze z\u0142em czas To nawet nie jest O \u017cycie i \u015bmier\u0107 Tu chodzi Ostatni ju\u017c moment&hellip; <\/p>\n","protected":false},"author":1,"featured_media":0,"parent":0,"menu_order":0,"comment_status":"closed","ping_status":"closed","template":"","meta":{"footnotes":""},"class_list":["post-2379","page","type-page","status-publish","hentry"],"_links":{"self":[{"href":"https:\/\/hubertpietka.bialystok.pl\/index.php?rest_route=\/wp\/v2\/pages\/2379","targetHints":{"allow":["GET"]}}],"collection":[{"href":"https:\/\/hubertpietka.bialystok.pl\/index.php?rest_route=\/wp\/v2\/pages"}],"about":[{"href":"https:\/\/hubertpietka.bialystok.pl\/index.php?rest_route=\/wp\/v2\/types\/page"}],"author":[{"embeddable":true,"href":"https:\/\/hubertpietka.bialystok.pl\/index.php?rest_route=\/wp\/v2\/users\/1"}],"replies":[{"embeddable":true,"href":"https:\/\/hubertpietka.bialystok.pl\/index.php?rest_route=%2Fwp%2Fv2%2Fcomments&post=2379"}],"version-history":[{"count":4,"href":"https:\/\/hubertpietka.bialystok.pl\/index.php?rest_route=\/wp\/v2\/pages\/2379\/revisions"}],"predecessor-version":[{"id":2383,"href":"https:\/\/hubertpietka.bialystok.pl\/index.php?rest_route=\/wp\/v2\/pages\/2379\/revisions\/2383"}],"wp:attachment":[{"href":"https:\/\/hubertpietka.bialystok.pl\/index.php?rest_route=%2Fwp%2Fv2%2Fmedia&parent=2379"}],"curies":[{"name":"wp","href":"https:\/\/api.w.org\/{rel}","templated":true}]}}