{"id":2394,"date":"2019-02-22T12:53:46","date_gmt":"2019-02-22T12:53:46","guid":{"rendered":"http:\/\/hubertpietka.bialystok.pl\/?page_id=2394"},"modified":"2019-02-22T13:07:18","modified_gmt":"2019-02-22T13:07:18","slug":"dam-i-ani-da-mi-dama","status":"publish","type":"page","link":"https:\/\/hubertpietka.bialystok.pl\/?page_id=2394","title":{"rendered":"Dam i Ani \/ dama da mi"},"content":{"rendered":"<p><strong><em>Dam i Ani \/ dama da mi<\/em><\/strong><\/p>\n<p>Odda\u0107 trzeba<br \/>\nCo sprawiedliwo\u015b\u0107<br \/>\nNakazuje<br \/>\nAle w prawdzie<\/p>\n<p>Nie w fikcji<br \/>\nUdzia\u0142 bra\u0107<br \/>\nLecz z cz\u0142owiekiem<br \/>\nZ krwi i ko\u015bci si\u0119 spotyka\u0107<\/p>\n<p>I nie wed\u0142ug k\u0142amstw<br \/>\nLecz na polu prostoty<br \/>\nKszta\u0142t\u00f3w r\u00f3\u017cnych<br \/>\nAle swoich<\/p>\n<p>No siebie da\u0107<br \/>\nJakim si\u0119 jest<br \/>\nI przyj\u0105\u0107 co kto\u015b daje<br \/>\nCo da\u0107 umie mo\u017ce<\/p>\n<p>Fikcji nie tworzy\u0107<br \/>\nGra\u0107 wed\u0142ug prawide\u0142 prostych<br \/>\nBy\u0107 jakim si\u0119 jest<br \/>\nWobec Boga najpierw<\/p>\n<p>Wtedy odda si\u0119<br \/>\nCo sprawiedliwe jest<br \/>\nDamie swej i wszystkim te\u017c<\/p>\n<p>W ca\u0142ej gamie<br \/>\n\u015awiat\u0142o-cieni<br \/>\nTak po prostu<\/p>\n<p><em>Na zdj. Dumka wylajtowana \/<\/em><br \/>\n<em> Duma i dama \/<\/em><br \/>\n<em> Raz jest tak a raz siak \/<\/em><br \/>\n<em> Ale co trzeba to trzeba da\u0107 \/<\/em><br \/>\n<em> I damie i Dumie si\u0119 rozumie \ud83d\ude42<br \/>\n<\/em><\/p>\n<p style=\"text-align: center;\"><strong>Wspomnienie Piotra Dam-i-ani dzi\u015b \/<\/strong><br \/>\n<strong>Natchn\u0119\u0142o opisanie kwestii tych.<\/strong><\/p>\n<p><img loading=\"lazy\" decoding=\"async\" class=\"JZUAbb\" src=\"https:\/\/lh3.googleusercontent.com\/-Rhs5z6C2WVs\/XG8k10_A1VI\/AAAAAAAAK0w\/HcwJnbWrztI34ju_XXurzs6ZdH9YHkaEACJoC\/w530-h398-n\/IMG_20190220_112631.jpg\" alt=\"Zdj\u0119cie\" width=\"530\" height=\"398\" \/><\/p>\n<h1 class=\"title style-scope ytd-video-primary-info-renderer\" style=\"text-align: center;\"><a href=\"https:\/\/www.youtube.com\/watch?v=J1wAtvHL5H4\"><em>Kult &#8211; Do Ani<\/em><\/a><\/h1>\n<h1 class=\"title style-scope ytd-video-primary-info-renderer\" style=\"text-align: center;\"><a href=\"https:\/\/www.youtube.com\/watch?v=GyNHqzD0ih8\"><em>Tomek Kami\u0144ski &#8211; Tak Cudowna<\/em><\/a><\/h1>\n<p style=\"text-align: center;\">\ud83d\ude42<\/p>\n","protected":false},"excerpt":{"rendered":"<p>Dam i Ani \/ dama da mi Odda\u0107 trzeba Co sprawiedliwo\u015b\u0107 Nakazuje Ale w prawdzie Nie w fikcji Udzia\u0142 bra\u0107 Lecz z cz\u0142owiekiem Z krwi&hellip; <\/p>\n","protected":false},"author":1,"featured_media":0,"parent":0,"menu_order":0,"comment_status":"closed","ping_status":"closed","template":"","meta":{"footnotes":""},"class_list":["post-2394","page","type-page","status-publish","hentry"],"_links":{"self":[{"href":"https:\/\/hubertpietka.bialystok.pl\/index.php?rest_route=\/wp\/v2\/pages\/2394","targetHints":{"allow":["GET"]}}],"collection":[{"href":"https:\/\/hubertpietka.bialystok.pl\/index.php?rest_route=\/wp\/v2\/pages"}],"about":[{"href":"https:\/\/hubertpietka.bialystok.pl\/index.php?rest_route=\/wp\/v2\/types\/page"}],"author":[{"embeddable":true,"href":"https:\/\/hubertpietka.bialystok.pl\/index.php?rest_route=\/wp\/v2\/users\/1"}],"replies":[{"embeddable":true,"href":"https:\/\/hubertpietka.bialystok.pl\/index.php?rest_route=%2Fwp%2Fv2%2Fcomments&post=2394"}],"version-history":[{"count":7,"href":"https:\/\/hubertpietka.bialystok.pl\/index.php?rest_route=\/wp\/v2\/pages\/2394\/revisions"}],"predecessor-version":[{"id":2402,"href":"https:\/\/hubertpietka.bialystok.pl\/index.php?rest_route=\/wp\/v2\/pages\/2394\/revisions\/2402"}],"wp:attachment":[{"href":"https:\/\/hubertpietka.bialystok.pl\/index.php?rest_route=%2Fwp%2Fv2%2Fmedia&parent=2394"}],"curies":[{"name":"wp","href":"https:\/\/api.w.org\/{rel}","templated":true}]}}